{"id":10606,"date":"2023-12-14T15:38:23","date_gmt":"2023-12-14T15:38:23","guid":{"rendered":"https:\/\/keyease.net\/?post_type=product&#038;p=10606"},"modified":"2026-04-17T09:17:19","modified_gmt":"2026-04-17T09:17:19","slug":"microsoft-office-2021-professional-plus-5-pc-windows-licenza-a-vita","status":"publish","type":"product","link":"https:\/\/keyease.net\/pt\/product\/microsoft-office-2021-professional-plus-5-pc-windows-licenza-a-vita\/","title":{"rendered":"Microsoft Office 2021 Professional Plus per 5 PC \u2013 Windows \u2013 Licenza a vita"},"content":{"rendered":"<h2>Microsoft Office 2021 Professional Plus per 5 PC<\/h2>\n<h3>Ordina ora e ti invieremo il codice di Office 2021 direttamente via e-mail.<\/h3>\n<ul>\n<li>C\u00d3DIGO DE VENDA A RETALHO<\/li>\n<li>Transferir liga\u00e7\u00f5es<\/li>\n<li>Licen\u00e7a vital\u00edcia<\/li>\n<li>Entrega por correio eletr\u00f3nico em 30 segundos<\/li>\n<li>Apoio ao cliente 24\/7<\/li>\n<li>Guia de instala\u00e7\u00e3o<\/li>\n<\/ul>\n<h3><strong>COMPATIBILE CON:<\/strong><\/h3>\n<ul>\n<li>Funziona con Windows 10 a 32\/64 bit<\/li>\n<li>Funziona con Windows 11 a 32\/64 bit<\/li>\n<li>Non compatibile con MAC<\/li>\n<\/ul>\n<h3>Requisitos do sistema:<\/h3>\n<p><strong>Processador:<\/strong> processador dual-core, 1,6 GHz ou mais r\u00e1pido (2,0 GHz+ para Skype for Business)<\/p>\n<p><strong>RAM:<\/strong> 4 GB de RAM para sistemas de 64 bits; 2 GB de RAM para sistemas de 32 bits<br \/>\n<strong>Disco r\u00edgido:<\/strong> 4,0 GB de espa\u00e7o livre<br \/>\n<strong>Display:<\/strong> resolu\u00e7\u00e3o de ecr\u00e3 de 1280 x 768 ou superior<br \/>\n<strong>Requer DirectX 9<\/strong> o successivo, con WDDM 2.0 o successivo<\/p>\n<h3><strong>Conte\u00fado da embalagem:<\/strong><\/h3>\n<ul>\n<li>Riceverai il codice Product Key per Microsoft Office 2021 Professional Plus nella versione scaricabile a 32\/64 bit da OGsoftwar.<\/li>\n<li>Vers\u00e3o descarreg\u00e1vel: se instalar o Microsoft Office 2021, pode utilizar imediatamente todas as novas funcionalidades.<\/li>\n<li>Com a vers\u00e3o de transfer\u00eancia, receber\u00e1 o software por correio eletr\u00f3nico juntamente com a chave de produto. Desta forma, pode come\u00e7ar a criar, atualizar e apresentar documentos profissionais imediatamente!<\/li>\n<li>Office Professional Plus 2021 al miglior prezzo su DigitalMsDeals. Ordina ora e ti invieremo via e-mail il codice di attivazione di Office 2021 direttamente. Si tratta di una licenza una tantum e il codice di attivazione \u00e8 valido solo per l\u2019installazione della quantit\u00e0 acquistata.<\/li>\n<\/ul>\n<h3><strong>Detalhes do produto:<\/strong><\/h3>\n<ul>\n<li>Microsoft Office 2021 Professional Plus<\/li>\n<li>Microsoft Outlook 2021<\/li>\n<li>Microsoft Word 2021<\/li>\n<li>Microsoft Excel 2021<\/li>\n<li>Microsoft PowerPoint 2021<\/li>\n<li>Microsoft OneNote 2021<\/li>\n<li>Microsoft Publisher 2021<\/li>\n<li>Microsoft Access 2021<\/li>\n<li>Skype 2021 para empresas<\/li>\n<\/ul>\n<p>\u00a0<\/p>","protected":false},"excerpt":{"rendered":"<p>Microsoft Office 2021 Professional Plus per 5 PC Ordina ora e ti invieremo il codice di Office 2021 direttamente via<\/p>","protected":false},"featured_media":16856,"comment_status":"closed","ping_status":"closed","template":"","meta":{"iawp_total_views":23},"pwb-brand":[100],"product_brand":[],"product_cat":[99],"product_tag":[],"class_list":{"0":"post-10606","1":"product","2":"type-product","3":"status-publish","4":"has-post-thumbnail","6":"pwb-brand-microsoft","7":"product_cat-microsoft-office","9":"first","10":"instock","11":"featured","12":"shipping-taxable","13":"purchasable","14":"product-type-simple"},"brands":[{"id":100,"name":"Microsoft","slug":"microsoft"}],"_links":{"self":[{"href":"https:\/\/keyease.net\/pt\/wp-json\/wp\/v2\/product\/10606","targetHints":{"allow":["GET"]}}],"collection":[{"href":"https:\/\/keyease.net\/pt\/wp-json\/wp\/v2\/product"}],"about":[{"href":"https:\/\/keyease.net\/pt\/wp-json\/wp\/v2\/types\/product"}],"replies":[{"embeddable":true,"href":"https:\/\/keyease.net\/pt\/wp-json\/wp\/v2\/comments?post=10606"}],"version-history":[{"count":0,"href":"https:\/\/keyease.net\/pt\/wp-json\/wp\/v2\/product\/10606\/revisions"}],"wp:featuredmedia":[{"embeddable":true,"href":"https:\/\/keyease.net\/pt\/wp-json\/wp\/v2\/media\/16856"}],"wp:attachment":[{"href":"https:\/\/keyease.net\/pt\/wp-json\/wp\/v2\/media?parent=10606"}],"wp:term":[{"taxonomy":"pwb-brand","embeddable":true,"href":"https:\/\/keyease.net\/pt\/wp-json\/wp\/v2\/pwb-brand?post=10606"},{"taxonomy":"product_brand","embeddable":true,"href":"https:\/\/keyease.net\/pt\/wp-json\/wp\/v2\/product_brand?post=10606"},{"taxonomy":"product_cat","embeddable":true,"href":"https:\/\/keyease.net\/pt\/wp-json\/wp\/v2\/product_cat?post=10606"},{"taxonomy":"product_tag","embeddable":true,"href":"https:\/\/keyease.net\/pt\/wp-json\/wp\/v2\/product_tag?post=10606"}],"curies":[{"name":"wp","href":"https:\/\/api.w.org\/{rel}","templated":true}]}}