{"id":9921,"date":"2023-11-30T21:46:41","date_gmt":"2023-11-30T21:46:41","guid":{"rendered":"https:\/\/keyease.net\/?post_type=product&#038;p=9921"},"modified":"2026-04-17T09:17:19","modified_gmt":"2026-04-17T09:17:19","slug":"office-2019-home-business-activation-key-pc-licenza-a-vita","status":"publish","type":"product","link":"https:\/\/keyease.net\/it\/product\/office-2019-home-business-activation-key-pc-licenza-a-vita\/","title":{"rendered":"CODICE DI ATTIVAZIONE DI OFFICE 2019 HOME &amp; BUSINESS \u2013 (PC) &#8211; Licenza a vita"},"content":{"rendered":"<div>\n<blockquote>\n<h3>Acquistando Office 2019 Home and Business a 32\/64 bit riceverai una licenza originale Microsoft attivabile direttamente sul sito ufficiale di Microsoft.<\/h3>\n<\/blockquote>\n<p>\u00a0<\/p>\n<h3><strong>Descrizione e applicazioni<\/strong><\/h3>\n<p>Fai tutto con Office 2019 Home and Business per PC. Porta la tua produttivit\u00e0 a un livello superiore con la versione pi\u00f9 recente delle classiche app di Office e della posta elettronica. Office 2019 include nuovi strumenti di input con la penna, tipi di dati, funzioni, strumenti di traduzione e modifica, grafica animata e modi pi\u00f9 innovativi per lavorare in modo efficiente!<\/p>\n<p>Office 2019, proprio come i suoi predecessori, \u00e8 disponibile in una variet\u00e0 di pacchetti, ciascuno progettato per soddisfare esigenze diverse. Che tu voglia Office per uso personale o professionale, Microsoft ha il pacchetto giusto per te.<\/p>\n<\/div>\n<h3>\u2023 Microsoft Word 2019<\/h3>\n<p>Crea, modifica e gestisci documenti di testo professionali in Word 2019. Con nuovi strumenti di traduzione, una lettura pi\u00f9 semplice e una scrittura pi\u00f9 naturale, puoi migliorare la tua capacit\u00e0 di comunicare e assimilare informazioni. La nuova integrazione di SVG, il supporto per la sintassi LaTeX, Microsoft Translator e gli strumenti di apprendimento migliorano la tua produttivit\u00e0. I documenti ora sono pi\u00f9 facili da trovare e pi\u00f9 comodi da sfogliare grazie alle funzionalit\u00e0 di navigazione simili a quelle di un libro e alla visualizzazione laterale.<\/p>\n<div>\n<h3>\u2023 Microsoft Excel 2019<\/h3>\n<p>Crea e gestisci tabelle e intraprendi un&#x27;analisi dei dati pi\u00f9 potente con Excel 2019. In questa versione, Excel offre tabelle di ogni tipo, dai database contabili a quelli di prodotto. Tra le altre cose, nuove straordinarie caratteristiche e funzioni, come formule, grafici a mappa e a imbuto, elementi visivi migliorati, pubblicazione su Power BI, nuovi temi, selezione precisa e altro ancora, offrono nuovi metodi per visualizzare i dati in modo accattivante. Inoltre, una grafica migliorata, ottimizzazioni nell&#x27;input tramite penna, una condivisione pi\u00f9 semplice e migliori funzionalit\u00e0 di accessibilit\u00e0 ti consentono di risparmiare tempo godendo al contempo di un flusso di lavoro familiare.<\/p>\n<\/div>\n<div>\n<h3>\u2023 Microsoft PowerPoint 2019<\/h3>\n<\/div>\n<p>Crea contenuti pi\u00f9 sofisticati e visivamente accattivanti per catturare l&#x27;attenzione del tuo pubblico con PowerPoint 2019. L&#x27;ultima versione del noto strumento include effetti visivi migliorati, come Transizione Morph, Evidenziatore di testo e funzionalit\u00e0 Zoom. Ti consente inoltre di rendere le tue presentazioni pi\u00f9 dinamiche con modelli 3D, rimozione dello sfondo, esportazione in 4K, funzionalit\u00e0 di registrazione Ultra-HD e altro ancora.<\/p>\n<div>\n<h3>\u00a0\u2023 Microsoft OneNote<\/h3>\n<p>Il tuo taccuino digitale personale, OneNote ti permette di digitare, scrivere o disegnare appunti e inserire clip di immagini, audio o video dal Web. OneNote \u00e8 disponibile online e si sincronizza con gli altri dispositivi. Ti permette di accedere, aggiornare o creare nuove note ovunque ti trovi. Non esiste una versione 2019 aggiornata, ma OneNote 2016 \u00e8 disponibile per Office 2019.<\/p>\n<\/div>\n<h3>\u2023 Microsoft Outlook 2019<\/h3>\n<p>Invia, ricevi e gestisci le tue e-mail in modo pi\u00f9 efficiente con Outlook 2019. Outlook ti garantisce l&#x27;accesso a tutti i contatti e gli indirizzi e-mail memorizzati, offrendoti la possibilit\u00e0 di mantenere aggiornate le informazioni su partner e clienti. Inoltre, l&#x27;app migliorata ti offre pi\u00f9 possibilit\u00e0 con schede di contatto aggiornate, @menzioni, posta in arrivo mirata, schede di pacchetti di viaggio e altro ancora. Per ridurre al minimo il tuo carico di lavoro puoi pianificare riunioni in fusi orari diversi, ascoltare le tue e-mail, scaricare automaticamente gli allegati dal cloud e impostare promemoria da visualizzare nelle finestre in cui stai lavorando.<\/p>\n<div>\n<p>\u00a0<\/p>\n<\/div>","protected":false},"excerpt":{"rendered":"<p>Acquistando Office 2019 Home and Business a 32\/64 bit riceverai una licenza originale Microsoft attivabile direttamente sul sito ufficiale di<\/p>","protected":false},"featured_media":16846,"comment_status":"closed","ping_status":"closed","template":"","meta":{"iawp_total_views":1},"pwb-brand":[100],"product_brand":[],"product_cat":[99],"product_tag":[],"class_list":{"0":"post-9921","1":"product","2":"type-product","3":"status-publish","4":"has-post-thumbnail","6":"pwb-brand-microsoft","7":"product_cat-microsoft-office","9":"first","10":"instock","11":"shipping-taxable","12":"purchasable","13":"product-type-simple"},"brands":[{"id":100,"name":"Microsoft","slug":"microsoft"}],"_links":{"self":[{"href":"https:\/\/keyease.net\/it\/wp-json\/wp\/v2\/product\/9921","targetHints":{"allow":["GET"]}}],"collection":[{"href":"https:\/\/keyease.net\/it\/wp-json\/wp\/v2\/product"}],"about":[{"href":"https:\/\/keyease.net\/it\/wp-json\/wp\/v2\/types\/product"}],"replies":[{"embeddable":true,"href":"https:\/\/keyease.net\/it\/wp-json\/wp\/v2\/comments?post=9921"}],"version-history":[{"count":7,"href":"https:\/\/keyease.net\/it\/wp-json\/wp\/v2\/product\/9921\/revisions"}],"predecessor-version":[{"id":17512,"href":"https:\/\/keyease.net\/it\/wp-json\/wp\/v2\/product\/9921\/revisions\/17512"}],"wp:featuredmedia":[{"embeddable":true,"href":"https:\/\/keyease.net\/it\/wp-json\/wp\/v2\/media\/16846"}],"wp:attachment":[{"href":"https:\/\/keyease.net\/it\/wp-json\/wp\/v2\/media?parent=9921"}],"wp:term":[{"taxonomy":"pwb-brand","embeddable":true,"href":"https:\/\/keyease.net\/it\/wp-json\/wp\/v2\/pwb-brand?post=9921"},{"taxonomy":"product_brand","embeddable":true,"href":"https:\/\/keyease.net\/it\/wp-json\/wp\/v2\/product_brand?post=9921"},{"taxonomy":"product_cat","embeddable":true,"href":"https:\/\/keyease.net\/it\/wp-json\/wp\/v2\/product_cat?post=9921"},{"taxonomy":"product_tag","embeddable":true,"href":"https:\/\/keyease.net\/it\/wp-json\/wp\/v2\/product_tag?post=9921"}],"curies":[{"name":"wp","href":"https:\/\/api.w.org\/{rel}","templated":true}]}}