{"id":40,"date":"2023-11-27T23:50:25","date_gmt":"2023-11-27T23:50:25","guid":{"rendered":"https:\/\/keyease.net\/?post_type=product&#038;p=40"},"modified":"2026-04-17T09:17:18","modified_gmt":"2026-04-17T09:17:18","slug":"windows-server-2022-standard-licenza-a-vita","status":"publish","type":"product","link":"https:\/\/keyease.net\/it\/product\/windows-server-2022-standard-licenza-a-vita\/","title":{"rendered":"WINDOWS SERVER 2022 STANDARD &#8211; Licenza a vita"},"content":{"rendered":"<h2><span style=\"vertical-align: inherit;\">Funzionalit\u00e0 standard di Windows Server 2022:<\/span><\/h2>\n<h3><span style=\"vertical-align: inherit;\">Server Core protetto<\/span><\/h3>\n<p><span style=\"vertical-align: inherit;\">Potente protezione dalle minacce combinata per fornire sicurezza multilivello su hardware, firmware e sistema operativo. Utilizza Trusted Platform Module 2.0 e System Guard per avviare Windows Server in modo sicuro e ridurre al minimo i rischi derivanti dalle vulnerabilit\u00e0 del firmware. Il server Secured-core include anche funzionalit\u00e0 di sicurezza basate sulla virtualizzazione (VBS) come Credential Guard e integrit\u00e0 del codice protetta dall&#x27;hypervisor (HVCI).<\/span><\/p>\n<h3><span style=\"vertical-align: inherit;\">Credential Guard<\/span><\/h3>\n<p><span style=\"vertical-align: inherit;\">Difesa preventiva per risorse sensibili come le credenziali e HVCI applica la sicurezza basata sull&#x27;hardware per impedire che malware avanzati manomettano il sistema. La connettivit\u00e0 protetta aggiunge un ulteriore livello di sicurezza durante il trasporto per una protezione avanzata. Windows Server 2022 migliora la sicurezza della connessione con il protocollo HTTPS (Transport Layer Security) 1.3 crittografato, pi\u00f9 veloce e sicuro, e il Transport Layer Security (TLS) 1.3 abilitati per impostazione predefinita. I clienti possono inoltre proteggere ulteriormente le comunicazioni server con la crittografia AES-256 standard del settore, che ora supporta il protocollo SMB (Server Message Block) e controlli migliorati.<\/span><\/p>\n<h3><span style=\"vertical-align: inherit;\">Funzionalit\u00e0 ibride con Azure<\/span><\/h3>\n<p><span style=\"vertical-align: inherit;\">Stiamo introducendo nuove funzionalit\u00e0 che consentono ai clienti di sfruttare l&#x27;innovazione del cloud con i loro investimenti on-premise. Azure Arc e il servizio Migrazione archiviazione sono due funzionalit\u00e0 ibride chiave che funzionano al meglio con Windows Server 2022.<\/span><\/p>\n<p><b><span style=\"vertical-align: inherit;\">Azure Arc <\/span><\/b><span style=\"vertical-align: inherit;\"> consente ai clienti di gestire, proteggere e governare Windows Server in locale, all&#x27;edge o in ambienti multi-cloud da un unico pannello di controllo in Azure. Attraverso Azure Arc, i clienti possono utilizzare facilmente funzionalit\u00e0 di gestione di Azure come Criteri di Azure, Monitoraggio di Azure e Azure Defender per tali server. Inoltre, con pochi semplici clic in Windows Admin Center \u00e8 possibile abilitare la connettivit\u00e0 ad Azure Arc. Inoltre, abbiamo potenziato Windows Admin Center v2103 con una gestione delle macchine virtuali notevolmente migliorata, un visualizzatore di eventi pi\u00f9 semplice e molti altri aggiornamenti. Windows Admin Center \u00e8 disponibile anche nel portale di Azure.<\/span><\/p>\n<p><b><span style=\"vertical-align: inherit;\">Windows Server 2022 Standard<\/span><\/p>\n<p><\/b><span style=\"vertical-align: inherit;\">migliora la connettivit\u00e0 continua dei file server locali ai file server in Azure. Gli aggiornamenti al servizio di migrazione dello storage consentono ai clienti di migrare i file server da determinati sistemi di archiviazione ad accesso di rete (NAS) e file server Windows a server Windows su Azure. L&#x27;utilizzo del servizio di migrazione dello storage per migrare i dati sui server consente ai clienti di mantenere una bassa latenza riducendo al contempo l&#x27;ingombro dello storage locale.<\/span><\/p>\n<h3><span style=\"vertical-align: inherit;\">Piattaforma applicativa flessibile<\/span><\/h3>\n<p><span style=\"vertical-align: inherit;\">I clienti utilizzano Windows Server per eseguire applicazioni distribuite e su larga scala. Di conseguenza, ci siamo concentrati incessantemente sull&#x27;offerta di funzionalit\u00e0 e strumenti della piattaforma che migliorano la velocit\u00e0 degli sviluppatori e il supporto per carichi di lavoro critici per l&#x27;azienda come SQL Server. In questa versione stiamo aggiungendo diversi miglioramenti della piattaforma per i container Windows, tra cui la compatibilit\u00e0 delle applicazioni e l&#x27;esperienza del container Windows con Kubernetes. Un miglioramento importante include la riduzione delle dimensioni dell&#x27;immagine del container Windows, che comporta tempi di download pi\u00f9 rapidi e prestazioni migliori. Inoltre, ora puoi eseguire applicazioni che dipendono da Azure Active Directory con account di servizi gestiti di gruppo (gMSA) senza che il dominio si unisca all&#x27;host del container. Inoltre, sono disponibili numerosi altri miglioramenti che semplificano l&#x27;esperienza del container Windows con Kubernetes. Questi miglioramenti includono il supporto per i container di processi host per la configurazione dei nodi, IPv6 e un&#x27;implementazione coerente delle policy di rete con Calico. <\/span><br \/>\n<span style=\"vertical-align: inherit;\">Oltre ai miglioramenti della piattaforma, \u00e8 disponibile uno strumento aggiornato di Windows Admin Center che semplifica la containerizzazione delle applicazioni .NET. Una volta che l&#x27;applicazione si trova in un container, \u00e8 possibile ospitarla nel Registro container di Azure per distribuirla successivamente ad altri servizi di Azure, incluso il servizio Azure Kubernetes. <\/span><br \/>\n<span style=\"vertical-align: inherit;\">Windows Server 2022 supporta applicazioni business-critical e su larga scala come SQL Server che richiedono 48 TB di memoria e 2.048 core logici in esecuzione su 64 socket fisici.<\/span><\/p>\n<blockquote>\n<h4><\/h4>\n<\/blockquote>","protected":false},"excerpt":{"rendered":"<p>Funzionalit\u00e0 standard di Windows Server 2022: Server Core protetto Potente protezione dalle minacce combinata per fornire sicurezza multilivello su hardware,<\/p>","protected":false},"featured_media":16814,"comment_status":"closed","ping_status":"closed","template":"","meta":{"iawp_total_views":7},"pwb-brand":[100],"product_brand":[],"product_cat":[102],"product_tag":[],"class_list":{"0":"post-40","1":"product","2":"type-product","3":"status-publish","4":"has-post-thumbnail","6":"pwb-brand-microsoft","7":"product_cat-windows-servers","9":"first","10":"instock","11":"shipping-taxable","12":"purchasable","13":"product-type-simple"},"brands":[{"id":100,"name":"Microsoft","slug":"microsoft"}],"_links":{"self":[{"href":"https:\/\/keyease.net\/it\/wp-json\/wp\/v2\/product\/40","targetHints":{"allow":["GET"]}}],"collection":[{"href":"https:\/\/keyease.net\/it\/wp-json\/wp\/v2\/product"}],"about":[{"href":"https:\/\/keyease.net\/it\/wp-json\/wp\/v2\/types\/product"}],"replies":[{"embeddable":true,"href":"https:\/\/keyease.net\/it\/wp-json\/wp\/v2\/comments?post=40"}],"version-history":[{"count":8,"href":"https:\/\/keyease.net\/it\/wp-json\/wp\/v2\/product\/40\/revisions"}],"predecessor-version":[{"id":17581,"href":"https:\/\/keyease.net\/it\/wp-json\/wp\/v2\/product\/40\/revisions\/17581"}],"wp:featuredmedia":[{"embeddable":true,"href":"https:\/\/keyease.net\/it\/wp-json\/wp\/v2\/media\/16814"}],"wp:attachment":[{"href":"https:\/\/keyease.net\/it\/wp-json\/wp\/v2\/media?parent=40"}],"wp:term":[{"taxonomy":"pwb-brand","embeddable":true,"href":"https:\/\/keyease.net\/it\/wp-json\/wp\/v2\/pwb-brand?post=40"},{"taxonomy":"product_brand","embeddable":true,"href":"https:\/\/keyease.net\/it\/wp-json\/wp\/v2\/product_brand?post=40"},{"taxonomy":"product_cat","embeddable":true,"href":"https:\/\/keyease.net\/it\/wp-json\/wp\/v2\/product_cat?post=40"},{"taxonomy":"product_tag","embeddable":true,"href":"https:\/\/keyease.net\/it\/wp-json\/wp\/v2\/product_tag?post=40"}],"curies":[{"name":"wp","href":"https:\/\/api.w.org\/{rel}","templated":true}]}}