{"id":17156,"date":"2024-12-01T00:00:00","date_gmt":"2024-12-01T00:00:00","guid":{"rendered":"https:\/\/keyease.net\/product\/ashampoo-pdf-pro-3\/"},"modified":"2026-04-17T09:17:28","modified_gmt":"2026-04-17T09:17:28","slug":"ashampoo-pdf-pro-3","status":"publish","type":"product","link":"https:\/\/keyease.net\/it\/product\/ashampoo-pdf-pro-3\/","title":{"rendered":"Ashampoo PDF Pro 3"},"content":{"rendered":"<div class=\"elementor-element elementor-element-57c7d573 elementor-widget elementor-widget-wd_title\" data-id=\"57c7d573\" data-element_type=\"widget\" data-widget_type=\"wd_title.default\">\n<div class=\"elementor-widget-container\">\n<div class=\"title-wrapper set-mb-s reset-last-child wd-title-color-default wd-title-style-default wd-title-size-default text-left\">\n<div class=\"liner-continer\">\n<h4 class=\"woodmart-title-container title wd-fontsize-l\">Descrizione<\/h4>\n<\/div>\n<\/div>\n<\/div>\n<\/div>\n<div class=\"elementor-element elementor-element-5b23a881 elementor-widget__width-initial wd-single-content elementor-widget elementor-widget-wd_single_product_content\" data-id=\"5b23a881\" data-element_type=\"widget\" data-widget_type=\"wd_single_product_content.default\">\n<div class=\"elementor-widget-container\">\n<p>Ashampoo PDF Pro 3 \u00e8 la soluzione completa per modificare facilmente i vostri PDF. Questo software PDF include tutti gli strumenti necessari per creare, convertire, modificare, assemblare e proteggere i file PDF. Crea file firmati con PDF Creator che sono leggibili ovunque, hanno sempre le dimensioni ottimali e possono essere protetti con la crittografia. Crea o modifica moduli interattivi a piacimento, oppure modifica i PDF esistenti proprio come un normale documento Word!<\/p>\n<h3>Cosa potete aspettarvi<\/h3>\n<ul>\n<li>\u00a0\u00a0\u00a0 Barra di accesso personalizzata con tutti i comandi importanti.<\/li>\n<li>\u00a0\u00a0\u00a0 Pratico zoom nella barra di stato<\/li>\n<li>\u00a0\u00a0\u00a0 Nuovi menu a tendina per le funzioni pi\u00f9 importanti.<\/li>\n<li>\u00a0\u00a0\u00a0 Firme digitali affidabili per PDF<\/li>\n<li>\u00a0\u00a0\u00a0 Confronto rapido e accurato tra due documenti<\/li>\n<li>\u00a0\u00a0\u00a0 Esportazione in formato PDF\/A per l&#x27;archiviazione permanente<\/li>\n<\/ul>\n<h3>Modifica facile e veloce come in Word<\/h3>\n<p>Con Ashampoo\u00ae PDF Pro 3 \u00e8 possibile modificare i documenti PDF facilmente come con un eccellente elaboratore di testi. Ashampoo\u00ae PDF Pro 3 offre una nuova interfaccia a nastro come quella che conoscete dai moderni programmi per l\u2019ufficio. La familiarizzazione e la transizione sono completamente senza problemi! I comandi pi\u00f9 importanti si trovano nelle posizioni che gi\u00e0 conoscete da Microsoft Word, Ashampoo\u00ae Write o altre applicazioni Office. Modificare i file PDF non \u00e8 mai stato cos\u00ec facile!<\/p>\n<h3>Un aspetto da sogno<\/h3>\n<p>Lavorare sullo schermo di un computer \u00e8 solitamente faticoso per gli occhi, e i documenti con ampie aree bianche non aiutano! Ashampoo\u00ae PDF Pro 3 risolve efficacemente questo problema: con un solo clic, l\u2019interfaccia utente pu\u00f2 essere commutata in una modalit\u00e0 scura e piacevole per gli occhi. Questo vi permette di lavorare pi\u00f9 a lungo e in modo pi\u00f9 produttivo con il programma, anche nell\u2019uso professionale!<\/p>\n<h3>Crea facilmente nuovi PDF<\/h3>\n<p>Ashampoo PDF crea file PDF di alta qualit\u00e0 da tutti i programmi Windows. Basta aprire &quot;Stampa&quot; in qualsiasi programma e selezionare il driver della stampante PDF fornito con Ashampoo PDF. Se sono richiesti file PDF particolarmente compatti, ad esempio per la pubblicazione su Internet, Ashampoo PDF converte la grafica in una risoluzione inferiore a vostra scelta.<\/p>\n<h3>Un restyling ben progettato e completamente personalizzato.<\/h3>\n<p>Se avete gi\u00e0 lavorato con Ashampoo\u00ae Office, potreste gi\u00e0 conoscere la barra di accesso DeepL sotto la barra multifunzione. In Ashampoo\u00ae PDF Pro 3, i comandi pi\u00f9 importanti sono accessibili anche qui con un clic. Potete adattare la selezione dei comandi alle vostre preferenze \u2013 decidete voi quali funzioni volete usare per organizzare in modo efficiente i vostri processi di lavoro individuali. Un buon programma PDF si adatta alle vostre esigenze \u2013 e non il contrario!<\/p>\n<h3>Convertite comodamente, non digitate.<\/h3>\n<p>Ashampoo PDF converte i vostri file PDF in documenti di testo che potrete modificare con Microsoft Word o Ashampoo Office. \u00c8 possibile anche la conversione in HTML, EPUB, JPG o RTF. Inoltre, Ashampoo PDF Pro converte le pagine scansionate in file PDF modificabili e ricercabili che possono essere modificati utilizzando l&#x27;OCR.<\/p>\n<h3>Lingue Ashampoo PDF 3<\/h3>\n<p><img decoding=\"async\" id=\"tinymce-editor-image-536ae23c-44f3-463c-a29d-ddfa9eec1956\" class=\"tinymce-editor-image tinymce-editor-image-536ae23c-44f3-463c-a29d-ddfa9eec1956\" src=\"https:\/\/blitzhandel24.imgbolt.de\/media\/image\/ea\/ca\/fc\/Sprachen_Ashampoo3.png\" alt=\"Lingue_Ashampoo3\" data-src=\"media\/image\/Sprachen_Ashampoo3.png\" \/><\/p>\n<h3>Requisiti di sistema<\/h3>\n<p><strong>Sistema operativo<\/strong><br \/>\nWindows\u00ae 11, Windows\u00ae 10, Windows\u00ae 8, Windows\u00ae 7<br \/>\n<strong>Requisiti:<\/strong><br \/>\nQualsiasi dispositivo che supporti i sistemi operativi sopra elencati. I sistemi con processori ARM non sono supportati.<br \/>\n<strong>Varie<\/strong><br \/>\nPer attivare il programma \u00e8 necessaria una connessione a Internet. La licenza del programma viene controllata a intervalli regolari.<\/p>\n<\/div>\n<\/div>","protected":false},"excerpt":{"rendered":"<p>Descrizione Ashampoo PDF Pro 3 \u00e8 la soluzione completa per modificare facilmente i vostri PDF. Questo software PDF include tutti<\/p>","protected":false},"featured_media":17158,"comment_status":"open","ping_status":"open","template":"","meta":{"iawp_total_views":0},"pwb-brand":[132],"product_brand":[133],"product_cat":[124],"product_tag":[],"class_list":{"0":"post-17156","1":"product","2":"type-product","3":"status-publish","4":"has-post-thumbnail","6":"pwb-brand-ashampoo","7":"product_brand-ashampoo","8":"product_cat-ashampoo","10":"first","11":"instock","12":"shipping-taxable","13":"purchasable","14":"product-type-simple"},"brands":[{"id":132,"name":"Ashampoo","slug":"ashampoo"}],"_links":{"self":[{"href":"https:\/\/keyease.net\/it\/wp-json\/wp\/v2\/product\/17156","targetHints":{"allow":["GET"]}}],"collection":[{"href":"https:\/\/keyease.net\/it\/wp-json\/wp\/v2\/product"}],"about":[{"href":"https:\/\/keyease.net\/it\/wp-json\/wp\/v2\/types\/product"}],"replies":[{"embeddable":true,"href":"https:\/\/keyease.net\/it\/wp-json\/wp\/v2\/comments?post=17156"}],"version-history":[{"count":2,"href":"https:\/\/keyease.net\/it\/wp-json\/wp\/v2\/product\/17156\/revisions"}],"predecessor-version":[{"id":17311,"href":"https:\/\/keyease.net\/it\/wp-json\/wp\/v2\/product\/17156\/revisions\/17311"}],"wp:featuredmedia":[{"embeddable":true,"href":"https:\/\/keyease.net\/it\/wp-json\/wp\/v2\/media\/17158"}],"wp:attachment":[{"href":"https:\/\/keyease.net\/it\/wp-json\/wp\/v2\/media?parent=17156"}],"wp:term":[{"taxonomy":"pwb-brand","embeddable":true,"href":"https:\/\/keyease.net\/it\/wp-json\/wp\/v2\/pwb-brand?post=17156"},{"taxonomy":"product_brand","embeddable":true,"href":"https:\/\/keyease.net\/it\/wp-json\/wp\/v2\/product_brand?post=17156"},{"taxonomy":"product_cat","embeddable":true,"href":"https:\/\/keyease.net\/it\/wp-json\/wp\/v2\/product_cat?post=17156"},{"taxonomy":"product_tag","embeddable":true,"href":"https:\/\/keyease.net\/it\/wp-json\/wp\/v2\/product_tag?post=17156"}],"curies":[{"name":"wp","href":"https:\/\/api.w.org\/{rel}","templated":true}]}}