{"id":17152,"date":"2024-11-30T00:00:00","date_gmt":"2024-11-30T00:00:00","guid":{"rendered":"https:\/\/keyease.net\/product\/adobe-acrobat-standard-dc-1-dispositivo-3-mesi\/"},"modified":"2026-04-17T09:17:28","modified_gmt":"2026-04-17T09:17:28","slug":"adobe-acrobat-standard-dc-1-dispositivo-3-mesi","status":"publish","type":"product","link":"https:\/\/keyease.net\/it\/product\/adobe-acrobat-standard-dc-1-dispositivo-3-mesi\/","title":{"rendered":"Adobe Acrobat Standard DC (1 dispositivo, 3 mesi)"},"content":{"rendered":"<div class=\"elementor-element elementor-element-57c7d573 elementor-widget elementor-widget-wd_title\" data-id=\"57c7d573\" data-element_type=\"widget\" data-widget_type=\"wd_title.default\">\n<div class=\"elementor-widget-container\">\n<div class=\"title-wrapper set-mb-s reset-last-child wd-title-color-default wd-title-style-default wd-title-size-default text-left\">\n<div class=\"liner-continer\">\n<h4 class=\"woodmart-title-container title wd-fontsize-l\"><span style=\"color: #0073e6;\">Descrizione<\/span><\/h4>\n<\/div>\n<\/div>\n<\/div>\n<\/div>\n<div class=\"elementor-element elementor-element-5b23a881 elementor-widget__width-initial wd-single-content elementor-widget elementor-widget-wd_single_product_content\" data-id=\"5b23a881\" data-element_type=\"widget\" data-widget_type=\"wd_single_product_content.default\">\n<div class=\"elementor-widget-container\">\n<h1><span style=\"color: #0073e6;\">Adobe Acrobat Standard DC<\/span><\/h1>\n<p>Adobe Acrobat Standard DC \u00e8 una soluzione completa per <strong>creare<\/strong>, <strong>modificare<\/strong>, <strong>convertire<\/strong> e <strong>organizzare<\/strong> documenti PDF. Con questo potente software puoi creare facilmente file PDF di alta qualit\u00e0 mantenendo il pieno controllo sui tuoi documenti. Qualunque siano le tue esigenze aziendali o personali, Adobe Acrobat Standard DC \u00e8 qui per aiutarti.<\/p>\n<h2><span style=\"color: #0073e6;\">Caratteristiche principali<\/span><\/h2>\n<ul>\n<li>Crea documenti PDF da varie fonti<\/li>\n<li>Modifica testo, immagini e collegamenti nei file PDF<\/li>\n<li>Conversione di PDF nei formati Office pi\u00f9 comuni<\/li>\n<li>Unisci pi\u00f9 documenti in un unico PDF<\/li>\n<li>Aggiungi firme e compila moduli<\/li>\n<li>Commenta e contrassegna i documenti in modo sicuro<\/li>\n<li>Integrazione con Adobe Document Cloud per una collaborazione perfetta<\/li>\n<\/ul>\n<h2><span style=\"color: #0073e6;\">Sempre connesso<\/span><\/h2>\n<p>Non importa dove ti trovi, puoi creare, modificare, firmare e tenere traccia dei documenti in qualsiasi momento. Tramite desktop, browser, smartphone o tablet.<\/p>\n<h2><span style=\"color: #0073e6;\">Utilizza sempre le funzionalit\u00e0 pi\u00f9 recenti<\/span><\/h2>\n<p>Le tue esigenze cambiano costantemente. Lo stesso vale per il tuo modo di lavorare. Ecco perch\u00e9 Adobe Acrobat DC viene costantemente migliorato e ampliato. Riceverai le funzionalit\u00e0 pi\u00f9 recenti non appena saranno disponibili.<\/p>\n<h2><span style=\"color: #0073e6;\">Lo strumento giusto per il lavoro moderno<\/span><\/h2>\n<p>Oltre 5 milioni di aziende in tutto il mondo utilizzano Adobe Acrobat DC per creare, modificare o convertire file PDF in documenti Microsoft Office. Se vuoi collaborare con altri, Acrobat DC \u00e8 la tua prima scelta, indipendentemente da dove ti trovi.<\/p>\n<h2><span style=\"color: #0073e6;\">Requisiti di sistema<\/span><\/h2>\n<ul>\n<li><strong>Processore:<\/strong> Intel\u00ae o AMD, 1,5 GHz o pi\u00f9 veloce<\/li>\n<li><strong>Memoria:<\/strong> 2 GB di RAM<\/li>\n<li><strong>Disco rigido:<\/strong> almeno 4,5 GB di spazio libero<\/li>\n<li><strong>Schermo:<\/strong> risoluzione di 1024 x 768 pixel<\/li>\n<li><strong>Scheda grafica:<\/strong> accelerazione hardware (opzionale)<\/li>\n<li><strong>Sistema operativo:<\/strong>\n<ul>\n<li>Windows 11 (64 bit), Windows 10 versione 1809 o successiva (32\/64 bit)<\/li>\n<li>Windows 8, 8.1 (32\/64 bit)<\/li>\n<li>Windows 7 SP1 (32\/64 bit)<\/li>\n<li>Windows Server 2008 R2, 2012, 2012 R2, 2016, 2019 (tutti a 64 bit)<\/li>\n<\/ul>\n<\/li>\n<\/ul>\n<\/div>\n<\/div>","protected":false},"excerpt":{"rendered":"<p>Descrizione Adobe Acrobat Standard DC Adobe Acrobat Standard DC \u00e8 una soluzione completa per creare, modificare, convertire e organizzare documenti<\/p>","protected":false},"featured_media":17153,"comment_status":"open","ping_status":"open","template":"","meta":{"iawp_total_views":1},"pwb-brand":[130],"product_brand":[131],"product_cat":[123],"product_tag":[],"class_list":{"0":"post-17152","1":"product","2":"type-product","3":"status-publish","4":"has-post-thumbnail","6":"pwb-brand-adobe","7":"product_brand-adobe","8":"product_cat-adobe","10":"first","11":"instock","12":"shipping-taxable","13":"purchasable","14":"product-type-simple"},"brands":[{"id":130,"name":"Adobe","slug":"adobe"}],"_links":{"self":[{"href":"https:\/\/keyease.net\/it\/wp-json\/wp\/v2\/product\/17152","targetHints":{"allow":["GET"]}}],"collection":[{"href":"https:\/\/keyease.net\/it\/wp-json\/wp\/v2\/product"}],"about":[{"href":"https:\/\/keyease.net\/it\/wp-json\/wp\/v2\/types\/product"}],"replies":[{"embeddable":true,"href":"https:\/\/keyease.net\/it\/wp-json\/wp\/v2\/comments?post=17152"}],"version-history":[{"count":2,"href":"https:\/\/keyease.net\/it\/wp-json\/wp\/v2\/product\/17152\/revisions"}],"predecessor-version":[{"id":17315,"href":"https:\/\/keyease.net\/it\/wp-json\/wp\/v2\/product\/17152\/revisions\/17315"}],"wp:featuredmedia":[{"embeddable":true,"href":"https:\/\/keyease.net\/it\/wp-json\/wp\/v2\/media\/17153"}],"wp:attachment":[{"href":"https:\/\/keyease.net\/it\/wp-json\/wp\/v2\/media?parent=17152"}],"wp:term":[{"taxonomy":"pwb-brand","embeddable":true,"href":"https:\/\/keyease.net\/it\/wp-json\/wp\/v2\/pwb-brand?post=17152"},{"taxonomy":"product_brand","embeddable":true,"href":"https:\/\/keyease.net\/it\/wp-json\/wp\/v2\/product_brand?post=17152"},{"taxonomy":"product_cat","embeddable":true,"href":"https:\/\/keyease.net\/it\/wp-json\/wp\/v2\/product_cat?post=17152"},{"taxonomy":"product_tag","embeddable":true,"href":"https:\/\/keyease.net\/it\/wp-json\/wp\/v2\/product_tag?post=17152"}],"curies":[{"name":"wp","href":"https:\/\/api.w.org\/{rel}","templated":true}]}}