{"id":17125,"date":"2024-11-17T00:00:00","date_gmt":"2024-11-17T00:00:00","guid":{"rendered":"https:\/\/keyease.net\/product\/autocad-2024-1-anno-mac\/"},"modified":"2026-04-17T09:17:27","modified_gmt":"2026-04-17T09:17:27","slug":"autocad-2024-1-anno-mac","status":"publish","type":"product","link":"https:\/\/keyease.net\/it\/product\/autocad-2024-1-anno-mac\/","title":{"rendered":"AutoCAD 2024 &#8211; 1 anno &#8211; Mac"},"content":{"rendered":"<p><strong>Autodesk AutoCAD 2024 \u2013 1 dispositivo \u2013 1 anno \u2013 Windows\/Mac \u2013 Abbonamento di 12 mesi<br \/>\n<\/strong><\/p>\n<p>Porta i tuoi progetti a un livello superiore con Autodesk AutoCAD 2024, la soluzione leader a livello mondiale per la progettazione CAD 2D e 3D. Questa versione \u00e8 compatibile sia con Windows che con Mac, offrendo flessibilit\u00e0 e potenza su entrambe le piattaforme.<\/p>\n<p><strong>Cosa otterrai: chiave o numero di serie + link per il download + omaggio Caratteristiche principali:<\/strong><\/p>\n<ul>\n<li><strong>Potente strumento di progettazione<\/strong>: sfrutta le funzionalit\u00e0 avanzate per la creazione di disegni precisi e dettagliati in 2D e 3D.<\/li>\n<li><strong>Compatibilit\u00e0 multipiattaforma<\/strong>: utilizzabile su dispositivi Windows e Mac, ideale per i professionisti che lavorano su diverse piattaforme.<\/li>\n<li><strong>Licenza annuale<\/strong>: licenza valida per un anno su un singolo dispositivo, garantendo accesso continuo agli aggiornamenti e al supporto tecnico.<\/li>\n<li><strong>Collaborazione efficace<\/strong>: condividi facilmente i tuoi progetti con colleghi e clienti grazie agli strumenti di collaborazione integrati.<\/li>\n<li><strong>Strumenti personalizzabili<\/strong>: personalizza l&#x27;interfaccia e gli strumenti di lavoro per adattarli alle tue esigenze specifiche.<\/li>\n<\/ul>\n<p><strong>Requisiti di sistema:<\/strong><\/p>\n<ul>\n<li><strong>Windows<\/strong>:\n<ul>\n<li>Sistema operativo: Microsoft\u00ae Windows\u00ae 10 o versioni successive.<\/li>\n<li>Processore: 2,5 GHz (consigliato 3+ GHz).<\/li>\n<li>Memoria: 8 GB di RAM (consigliati 16 GB).<\/li>\n<li>Spazio su disco: 7,0 GB di spazio disponibile.<\/li>\n<li>Scheda grafica: GPU da 1 GB con 29 GB\/s di banda (consigliata GPU da 4 GB con 106 GB\/s di banda).<\/li>\n<\/ul>\n<\/li>\n<li><strong>Mac<\/strong>:\n<ul>\n<li>Sistema operativo: macOS 12 (Monterey), macOS 11 (Big Sur), macOS 10.15 (Catalina).<\/li>\n<li>Processore: processore Intel\u00ae o Apple Silicon (M1) con Rosetta 2.<\/li>\n<li>Memoria: 8 GB di RAM (consigliati 16 GB).<\/li>\n<li>Spazio su disco: 3 GB di spazio disponibile.<\/li>\n<li>Scheda grafica: Scheda grafica compatibile con Apple Metal Graphics Engine.<\/li>\n<\/ul>\n<\/li>\n<\/ul>\n<p><strong>Incluso nell&#x27;acquisto:<\/strong><\/p>\n<ul>\n<li>Licenza annuale per AutoCAD 2024 per un dispositivo.<\/li>\n<li>Accesso agli aggiornamenti software per tutta la durata della licenza.<\/li>\n<li>Assistenza tecnica Autodesk.<\/li>\n<\/ul>\n<p><strong>Perch\u00e9 scegliere AutoCAD 2024?<\/strong><br \/>\nAutodesk AutoCAD \u00e8 lo standard del settore per la progettazione professionale. Con AutoCAD 2024, avrai accesso alle ultime innovazioni tecnologiche e agli strumenti pi\u00f9 efficienti per ottimizzare il tuo flusso di lavoro, ridurre gli errori e migliorare la produttivit\u00e0. Che tu sia un architetto, un ingegnere, un designer o un professionista CAD, AutoCAD 2024 \u00e8 la scelta perfetta per i tuoi progetti pi\u00f9 ambiziosi.<\/p>\n<p><strong>Perch\u00e9 la licenza ha un prezzo cos\u00ec basso? Offriamo licenze al dettaglio che sono state utilizzate e disattivate dal precedente proprietario in seguito alla sentenza C-128\/2011 della Corte di Giustizia Europea. Ecco perch\u00e9 puoi acquistare la licenza ufficiale sul nostro sito a un prezzo pi\u00f9 conveniente. Si tratta di un prodotto in versione STUDENT.<\/strong><\/p>","protected":false},"excerpt":{"rendered":"<p>Autodesk AutoCAD 2024 \u2013 1 dispositivo \u2013 1 anno \u2013 Windows\/Mac \u2013 Abbonamento di 12 mesi Porta i tuoi progetti<\/p>","protected":false},"featured_media":17126,"comment_status":"open","ping_status":"open","template":"","meta":{"iawp_total_views":1},"pwb-brand":[107],"product_brand":[127],"product_cat":[120],"product_tag":[],"class_list":{"0":"post-17125","1":"product","2":"type-product","3":"status-publish","4":"has-post-thumbnail","6":"pwb-brand-autodesk","7":"product_brand-autodesk","8":"product_cat-autocad","10":"first","11":"instock","12":"shipping-taxable","13":"purchasable","14":"product-type-simple"},"brands":[{"id":107,"name":"AUTODESK","slug":"autodesk"}],"_links":{"self":[{"href":"https:\/\/keyease.net\/it\/wp-json\/wp\/v2\/product\/17125","targetHints":{"allow":["GET"]}}],"collection":[{"href":"https:\/\/keyease.net\/it\/wp-json\/wp\/v2\/product"}],"about":[{"href":"https:\/\/keyease.net\/it\/wp-json\/wp\/v2\/types\/product"}],"replies":[{"embeddable":true,"href":"https:\/\/keyease.net\/it\/wp-json\/wp\/v2\/comments?post=17125"}],"version-history":[{"count":2,"href":"https:\/\/keyease.net\/it\/wp-json\/wp\/v2\/product\/17125\/revisions"}],"predecessor-version":[{"id":17331,"href":"https:\/\/keyease.net\/it\/wp-json\/wp\/v2\/product\/17125\/revisions\/17331"}],"wp:featuredmedia":[{"embeddable":true,"href":"https:\/\/keyease.net\/it\/wp-json\/wp\/v2\/media\/17126"}],"wp:attachment":[{"href":"https:\/\/keyease.net\/it\/wp-json\/wp\/v2\/media?parent=17125"}],"wp:term":[{"taxonomy":"pwb-brand","embeddable":true,"href":"https:\/\/keyease.net\/it\/wp-json\/wp\/v2\/pwb-brand?post=17125"},{"taxonomy":"product_brand","embeddable":true,"href":"https:\/\/keyease.net\/it\/wp-json\/wp\/v2\/product_brand?post=17125"},{"taxonomy":"product_cat","embeddable":true,"href":"https:\/\/keyease.net\/it\/wp-json\/wp\/v2\/product_cat?post=17125"},{"taxonomy":"product_tag","embeddable":true,"href":"https:\/\/keyease.net\/it\/wp-json\/wp\/v2\/product_tag?post=17125"}],"curies":[{"name":"wp","href":"https:\/\/api.w.org\/{rel}","templated":true}]}}