{"id":17080,"date":"2024-01-24T00:00:00","date_gmt":"2024-01-24T00:00:00","guid":{"rendered":"https:\/\/keyease.net\/product\/autodesk-revit-2023-1pc-1anno\/"},"modified":"2026-04-17T09:17:26","modified_gmt":"2026-04-17T09:17:26","slug":"autodesk-revit-2023-1pc-1anno","status":"publish","type":"product","link":"https:\/\/keyease.net\/it\/product\/autodesk-revit-2023-1pc-1anno\/","title":{"rendered":"Autodesk Revit 2023 &#8211; 1 postazione &#8211; 1 anno &#8211; Windows\/Mac"},"content":{"rendered":"<h2><strong>AutoCAD REVIT 2023<\/strong><\/h2>\n<p>Questa versione bilancia miglioramenti e novit\u00e0: piccoli aggiornamenti che migliorano la qualit\u00e0 della vita e veri e propri game-changer per il  lavoro futuro, come ad esempio i nuovi flussi di lavoro Data Exchange tra Revit e Autodesk Docs, con molti miglioramenti delle prestazioni mirati a un calcolo pi\u00f9 veloce, specialmente con modelli di grandi dimensioni.<\/p>\n<p>Strumenti di modellazione e documentazione ampliati e perfezionati.<\/p>\n<p>Come Revit 2022, la versione 2023 \u00e8 ricca di miglioramenti che riguardano i flussi di lavoro quotidiani di progettazione e documentazione. Stiamo perfezionando gli strumenti pi\u00f9 utilizzati, in modo che si possano vedere benefici immediati. Sono stati aggiunti i filtri delle tabelle nelle tavole, per esempio, per garantire che i dati giusti finiscano nei set di documentazione corretti. Gli abachi continuano a essere generati con l\u2019aggiunta della formattazione condizionale per famiglie e per tipi: un miglioramento che nasce dalle richieste della Revit Community.<\/p>\n<p>Filtri di visualizzazione, pi\u00f9 categorie per il taglio e un nuovo strumento di misurazione in 3D sono presenti in Revit 2023 e segnano il progresso di Revit a livello professionale, dalla progettazione alla documentazione.<\/p>\n<p>Maggiore flessibilit\u00e0 e controllo per gli ingegneri strutturisti con una modellazione analitica rinnovata<\/p>\n<p>Velocit\u00e0, versatilit\u00e0 e controllo della qualit\u00e0 guidano un cambiamento verso un nuovo flusso di lavoro di modellazione analitica per gli ingegneri strutturisti. Modellare nelle viste 2D e 3D per definire il modello analitico in modo autonomo rispetto al modello fisico, o per iniziare con un approccio parametrico; \u201canalysis-first\u201d per sviluppare il modello analitico per edifici, strutture di copertura, padiglioni, scale e altro.<\/p>\n<p>Con una maggiore automazione per le librerie di giunti in acciaio e molti miglioramenti per le armature, tra cui il posizionamento adattivo e una migliore visualizzazione, Revit 2023 propone un set di strumenti completo per l\u2019ingegneria e il dettaglio strutturale.<\/p>\n<p>L\u2019analisi dei carichi basata sul piano per gli ingegneri elettrici per risparmiare tempo nelle prime fasi di un progetto<\/p>\n<p>Un nuovo flusso di lavoro introdotto in Revit 2023 \u00e8 pensato per utilizzare DWG, PDF o modelli Revit collegati come base per i calcoli di carico in Revit.<\/p>\n<p>Questi calcoli di carico, insieme alle nuove funzionalit\u00e0 per definire concettualmente gli elementi dell\u2019impianto elettrico, consentono di determinare il carico preliminare dell\u2019edificio e il carico sui principali componenti delle apparecchiature direttamente nell\u2019ambiente Revit.<\/p>\n<p>\u00a0<\/p>\n<p>\u00a0<\/p>\n<p><strong>Requisiti minimi di Revit Sistema operativo<\/strong><\/p>\n<p>Microsoft\u00ae Windows\u00ae 10 o Windows 11 a 64 bit.<\/p>\n<p><strong>Tipo di CPU<\/strong><\/p>\n<p>Intel\u00ae i-Series, Xeon\u00ae, AMD\u00ae Ryzen, Ryzen Threadripper PRO. Almeno 2,5 GHz.<\/p>\n<p><strong>Memoria<\/strong><\/p>\n<p>8 GB di RAM<\/p>\n<p><strong>Risoluzioni dello schermo<\/strong><\/p>\n<p>Minimo: 1280 x 1024 con 16,8 milioni di colori<\/p>\n<p>Massimo: monitor a definizione ultra elevata (4k)<\/p>\n<p><strong>Scheda video<\/strong><\/p>\n<p>Grafica di base: Scheda video compatibile con colori a 24 bit<\/p>\n<p>Grafica avanzata: Scheda grafica compatibile con DirectX\u00ae 11 con Shader Model 5 e 4 GB di memoria video<\/p>\n<p><strong>Spazio su disco:<\/strong><\/p>\n<p>30 GB di spazio libero su disco.<\/p>\n<p><b>Si tratta di un prodotto in versione STUDENT.<\/b><\/p>\n<p><strong>PROCESSO DI ATTIVAZIONE: il software acquistato verr\u00e0 attivato entro 24 ore lavorative tramite l&#x27;e-mail di acquisto sul portale ufficiale AUTODESK, da cui potrete scaricare la versione acquistata.<\/strong><\/p>","protected":false},"excerpt":{"rendered":"<p>AutoCAD REVIT 2023 Questa versione bilancia miglioramenti e novit\u00e0: piccoli aggiornamenti che migliorano la qualit\u00e0 della vita e veri e<\/p>","protected":false},"featured_media":17081,"comment_status":"open","ping_status":"open","template":"","meta":{"iawp_total_views":2},"pwb-brand":[107],"product_brand":[127],"product_cat":[120],"product_tag":[],"class_list":{"0":"post-17080","1":"product","2":"type-product","3":"status-publish","4":"has-post-thumbnail","6":"pwb-brand-autodesk","7":"product_brand-autodesk","8":"product_cat-autocad","10":"first","11":"instock","12":"shipping-taxable","13":"purchasable","14":"product-type-simple"},"brands":[{"id":107,"name":"AUTODESK","slug":"autodesk"}],"_links":{"self":[{"href":"https:\/\/keyease.net\/it\/wp-json\/wp\/v2\/product\/17080","targetHints":{"allow":["GET"]}}],"collection":[{"href":"https:\/\/keyease.net\/it\/wp-json\/wp\/v2\/product"}],"about":[{"href":"https:\/\/keyease.net\/it\/wp-json\/wp\/v2\/types\/product"}],"replies":[{"embeddable":true,"href":"https:\/\/keyease.net\/it\/wp-json\/wp\/v2\/comments?post=17080"}],"version-history":[{"count":2,"href":"https:\/\/keyease.net\/it\/wp-json\/wp\/v2\/product\/17080\/revisions"}],"predecessor-version":[{"id":17398,"href":"https:\/\/keyease.net\/it\/wp-json\/wp\/v2\/product\/17080\/revisions\/17398"}],"wp:featuredmedia":[{"embeddable":true,"href":"https:\/\/keyease.net\/it\/wp-json\/wp\/v2\/media\/17081"}],"wp:attachment":[{"href":"https:\/\/keyease.net\/it\/wp-json\/wp\/v2\/media?parent=17080"}],"wp:term":[{"taxonomy":"pwb-brand","embeddable":true,"href":"https:\/\/keyease.net\/it\/wp-json\/wp\/v2\/pwb-brand?post=17080"},{"taxonomy":"product_brand","embeddable":true,"href":"https:\/\/keyease.net\/it\/wp-json\/wp\/v2\/product_brand?post=17080"},{"taxonomy":"product_cat","embeddable":true,"href":"https:\/\/keyease.net\/it\/wp-json\/wp\/v2\/product_cat?post=17080"},{"taxonomy":"product_tag","embeddable":true,"href":"https:\/\/keyease.net\/it\/wp-json\/wp\/v2\/product_tag?post=17080"}],"curies":[{"name":"wp","href":"https:\/\/api.w.org\/{rel}","templated":true}]}}