{"id":17064,"date":"2024-01-24T00:00:00","date_gmt":"2024-01-24T00:00:00","guid":{"rendered":"https:\/\/keyease.net\/product\/autocad-lt-abbonamento-12-mesi\/"},"modified":"2026-04-17T09:17:25","modified_gmt":"2026-04-17T09:17:25","slug":"autocad-lt-abbonamento-12-mesi","status":"publish","type":"product","link":"https:\/\/keyease.net\/it\/product\/autocad-lt-abbonamento-12-mesi\/","title":{"rendered":"AUTOCAD LT &#8211; ABBONAMENTO DI 12 MESI"},"content":{"rendered":"<h3>Informazioni sull&#x27;abbonamento &quot;AutoCAD LT&quot;<\/h3>\n<p>Innovate i vostri progetti con i nuovi strumenti<\/p>\n<p>Scoprite le ultime funzionalit\u00e0 del software CAD 2D AutoCAD LT\u00ae, tra cui il confronto DWG\u2122, le viste condivise e i miglioramenti alla grafica 2D e all&#x27;interfaccia utente.<\/p>\n<p>Prodotto in versione educational 2018.<\/p>\n<p>Confronto DWG<\/p>\n<p>Confrontate e documentate le differenze tra due versioni di un disegno.<\/p>\n<p>Salvataggio sul Web e sui dispositivi mobili<\/p>\n<p>Salvate i disegni dal computer desktop e visualizzateli e modificateli nelle app Web e per dispositivi mobili AutoCAD.<\/p>\n<p>Grafica 2D<\/p>\n<p>Utilizzate le funzionalit\u00e0 di zoom e panoramica due volte pi\u00f9 veloci e modificate l&#x27;ordine di visualizzazione e le propriet\u00e0 dei livelli.<\/p>\n<p>Viste condivise<\/p>\n<p>Pubblicate le viste di progettazione del disegno su un browser Web per visualizzarle e aggiungere commenti.<\/p>\n<p>App Web AutoCAD<\/p>\n<p>Create, modificate, visualizzate e condividete disegni CAD da qualsiasi dispositivo tramite browser.<\/p>\n<p>App AutoCAD per dispositivi mobili<\/p>\n<p>Visualizzate, create, modificate e condividete i disegni CAD sul vostro dispositivo mobile con l&#x27;app AutoCAD per dispositivi mobili.<\/p>\n<p>Interfaccia utente<\/p>\n<p>Provate le viste migliorate con le nuove icone semplici e i miglioramenti in 4K.<\/p>\n<p>Importazione PDF<\/p>\n<p>Importate la geometria, i file di font SHX, i riempimenti, le immagini raster e i testi TrueType in un disegno da un file PDF.<\/p>\n<p>Schede e gruppi della barra multifunzione<\/p>\n<p>Accedete facilmente ai vostri strumenti preferiti quando ne avete bisogno grazie alla barra multifunzione di AutoCAD.<\/p>\n<p>Tavole degli strumenti<\/p>\n<p>Accedete facilmente ai contenuti e agli strumenti che utilizzate pi\u00f9 frequentemente grazie alle tavole degli strumenti personalizzabili.<\/p>\n<p>Riga di comando<\/p>\n<p>Avviate i comandi e rispondete rapidamente ai messaggi di richiesta utilizzando semplici combinazioni di tasti direttamente dalla riga di comando.<\/p>\n<p>Grip multifunzione<\/p>\n<p>Rimodellate, spostate o modificate facilmente la geometria con l&#x27;ausilio dei grip.<\/p>\n<p>Trasparenza di oggetti e layer<\/p>\n<p>Controllate la trasparenza degli oggetti selezionati o di tutti gli oggetti su un layer.<\/p>\n<p>Blocchi dinamici<\/p>\n<p>Aggiungete flessibilit\u00e0 e intelligenza ai riferimenti di blocco, inclusa la modifica della forma, delle dimensioni o della configurazione.<\/p>\n<p>Serie associative<\/p>\n<p>Create e modificate gli oggetti in motivi circolari o rettangolari o lungo una traiettoria.<\/p>\n<p>Selezione di oggetti e isolamento<\/p>\n<p>Trovate e selezionate tutti gli oggetti che corrispondono alle propriet\u00e0 di un oggetto. Nascondete o mostrate gli oggetti selezionati.<\/p>\n<p>Progetti, disegni e annotazioni 2D<\/p>\n<p>Create un testo singolo o multilinea (testom) come singolo oggetto di testo. Formattate il testo, le colonne e i contorni.<\/p>\n<p>Quotatura intelligente<\/p>\n<p>Create automaticamente le quote appropriate. Passate il cursore sugli oggetti selezionati per visualizzare un&#x27;anteprima prima di crearla.<\/p>\n<p>Linee guida<\/p>\n<p>Create linee guida con una vasta gamma di contenuti, inclusi testo o blocchi. Formattate facilmente le linee guida e definite gli stili.<\/p>\n<p>Centri e linee d&#x27;asse intelligenti<\/p>\n<p>Create e modificate linee d&#x27;asse e centri, che si sposteranno automaticamente quando sposterete gli oggetti associati.<\/p>\n<p>Tabelle<\/p>\n<p>Create tabelle con dati e simboli in righe e colonne, applicate le formule e collegatele a un foglio di calcolo di Microsoft Excel.<\/p>\n<p>Bolline di revisione<\/p>\n<p>Disegnate bolline di revisione attorno alle nuove modifiche in un disegno per rendere rapidamente identificabili gli aggiornamenti.<\/p>\n<p>Layout<\/p>\n<p>Specificate le dimensioni del foglio di disegno, aggiungete un cartiglio, visualizzate diverse viste del modello.<\/p>\n<p>Finestre di layout<\/p>\n<p>Create finestre di layout per visualizzare i diversi elementi del progetto con scale diverse.<\/p>\n<p>Campi<\/p>\n<p>Usate i campi negli oggetti di testo per visualizzare un testo che pu\u00f2 essere aggiornato automaticamente alla modifica del valore del campo dati.<\/p>\n<p>Collegamento dati<\/p>\n<p>Abilitate gli aggiornamenti simultanei creando un collegamento attivo tra un foglio di calcolo di Microsoft Excel e una tabella nel disegno.<\/p>\n<p>Condivisione<\/p>\n<p>Condividete e riutilizzate i dati di file PDF e DGN importandoli, esportandoli o allegandoli come allegati.<\/p>\n<p>Riferimenti a file DWG e immagini<\/p>\n<p>Associate disegni e immagini al vostro disegno corrente come file di riferimento esterni.<\/p>\n<p>Gestione gruppo di fogli<\/p>\n<p>Visualizzate, accedete, gestite e stampate pi\u00f9 disegni come se fossero un gruppo di fogli.<\/p>\n<p>Posizione geografica e mappe online<\/p>\n<p>Inserite informazioni sulla posizione geografica in un disegno e visualizzate una mappa nel disegno tratta da un servizio cartografico online.<\/p>\n<p>Installazione e personalizzazione<\/p>\n<p>La tecnologia TrustedDWG\u2122 avvisa l&#x27;utente di potenziali incompatibilit\u00e0 quando un file DWG non \u00e8 stato salvato l&#x27;ultima volta con un software Autodesk.<\/p>\n<p>Strumento di migrazione<\/p>\n<p>Eseguite la migrazione delle vostre impostazioni personalizzate e dei vostri file dalle versioni precedenti.<\/p>","protected":false},"excerpt":{"rendered":"<p>Informazioni sull&#x27;abbonamento &quot;AutoCAD LT&quot; Innovate i vostri progetti con i nuovi strumenti Scoprite le ultime funzionalit\u00e0 del software CAD 2D<\/p>","protected":false},"featured_media":17065,"comment_status":"open","ping_status":"open","template":"","meta":{"iawp_total_views":0},"pwb-brand":[107],"product_brand":[127],"product_cat":[120],"product_tag":[],"class_list":{"0":"post-17064","1":"product","2":"type-product","3":"status-publish","4":"has-post-thumbnail","6":"pwb-brand-autodesk","7":"product_brand-autodesk","8":"product_cat-autocad","10":"first","11":"instock","12":"shipping-taxable","13":"purchasable","14":"product-type-simple"},"brands":[{"id":107,"name":"AUTODESK","slug":"autodesk"}],"_links":{"self":[{"href":"https:\/\/keyease.net\/it\/wp-json\/wp\/v2\/product\/17064","targetHints":{"allow":["GET"]}}],"collection":[{"href":"https:\/\/keyease.net\/it\/wp-json\/wp\/v2\/product"}],"about":[{"href":"https:\/\/keyease.net\/it\/wp-json\/wp\/v2\/types\/product"}],"replies":[{"embeddable":true,"href":"https:\/\/keyease.net\/it\/wp-json\/wp\/v2\/comments?post=17064"}],"version-history":[{"count":2,"href":"https:\/\/keyease.net\/it\/wp-json\/wp\/v2\/product\/17064\/revisions"}],"predecessor-version":[{"id":17390,"href":"https:\/\/keyease.net\/it\/wp-json\/wp\/v2\/product\/17064\/revisions\/17390"}],"wp:featuredmedia":[{"embeddable":true,"href":"https:\/\/keyease.net\/it\/wp-json\/wp\/v2\/media\/17065"}],"wp:attachment":[{"href":"https:\/\/keyease.net\/it\/wp-json\/wp\/v2\/media?parent=17064"}],"wp:term":[{"taxonomy":"pwb-brand","embeddable":true,"href":"https:\/\/keyease.net\/it\/wp-json\/wp\/v2\/pwb-brand?post=17064"},{"taxonomy":"product_brand","embeddable":true,"href":"https:\/\/keyease.net\/it\/wp-json\/wp\/v2\/product_brand?post=17064"},{"taxonomy":"product_cat","embeddable":true,"href":"https:\/\/keyease.net\/it\/wp-json\/wp\/v2\/product_cat?post=17064"},{"taxonomy":"product_tag","embeddable":true,"href":"https:\/\/keyease.net\/it\/wp-json\/wp\/v2\/product_tag?post=17064"}],"curies":[{"name":"wp","href":"https:\/\/api.w.org\/{rel}","templated":true}]}}