{"id":16965,"date":"2023-11-30T00:00:00","date_gmt":"2023-11-30T00:00:00","guid":{"rendered":"https:\/\/keyease.net\/product\/office-2019-home-business-activation-key-for-mac-licenza-a-vita-2\/"},"modified":"2026-04-17T09:17:24","modified_gmt":"2026-04-17T09:17:24","slug":"office-2019-home-business-activation-key-for-mac-licenza-a-vita-2","status":"publish","type":"product","link":"https:\/\/keyease.net\/it\/product\/office-2019-home-business-activation-key-for-mac-licenza-a-vita-2\/","title":{"rendered":"CODICE DI ATTIVAZIONE DI OFFICE 2019 HOME &amp; BUSINESS PER MAC &#8211; Licenza a vita"},"content":{"rendered":"<div>\n<blockquote>\n<h2>Con Office 2019 Home and Business riceverai una licenza originale Microsoft attivabile direttamente sul sito ufficiale di Microsoft.<\/h2>\n<\/blockquote>\n<h2><\/h2>\n<h2>Licenza trasferibile<\/h2>\n<p>Questo tipo di licenza Office 2019 \u00e8 collegata al tuo account Microsoft. Pu\u00f2 essere facilmente reinstallata su un altro dispositivo quando necessario, senza acquistare una nuova licenza.<\/p>\n<p>IMPORTANTE: riceverai un codice di riscatto che genera una licenza tramite il tuo account Microsoft. Una volta riscattato questo codice, una chiave di licenza (diversa da quella che hai ricevuto<\/p>\n<p>da noi) verr\u00e0 assegnata al tuo account per l&#x27;attivazione del prodotto. La chiave di licenza \u00e8 reperibile nella sezione Servizi e abbonamenti della Microsoft Dashboard.<\/p>\n<p>\u00a0<\/p>\n<h3><strong>Descrizione e applicazioni<\/strong><\/h3>\n<p>Fai tutto con Office 2019 Home and Business per Mac. Porta la tua produttivit\u00e0 a un livello superiore con la versione pi\u00f9 recente delle classiche app di Office e della posta elettronica. Office<\/p>\n<p>2019 include nuovi strumenti di input con la penna, tipi di dati, funzioni, strumenti di traduzione e modifica, grafica animata e modi pi\u00f9 innovativi per lavorare in modo efficiente!<\/p>\n<p>Office 2019, proprio come i suoi predecessori, \u00e8 disponibile in una variet\u00e0 di pacchetti, ciascuno progettato per soddisfare esigenze diverse. Che tu voglia Office per uso personale o<\/p>\n<p>professionale, Microsoft ha il pacchetto giusto per te.<\/p>\n<p>\u00a0<\/p>\n<h3><strong>\u2023 Microsoft Word 2019<\/strong><\/h3>\n<p>Crea, modifica e gestisci documenti di testo professionali in Word 2019. Con nuovi strumenti di traduzione, una lettura pi\u00f9 semplice e una scrittura pi\u00f9 naturale, puoi migliorare la tua capacit\u00e0 di comunicare e assimilare informazioni. La nuova integrazione di SVG, il supporto per la sintassi LaTeX, Microsoft Translator e gli strumenti di apprendimento migliorano la tua produttivit\u00e0. I documenti ora sono pi\u00f9 facili da trovare e pi\u00f9 comodi da sfogliare grazie alle funzionalit\u00e0 di navigazione simili a quelle di un libro e alla visualizzazione laterale.<\/p>\n<\/div>\n<div>\n<p><img fetchpriority=\"high\" decoding=\"async\" class=\"wp-image-4214 entered lazyloaded aligncenter\" src=\"https:\/\/keyease.net\/wp-content\/uploads\/2025\/09\/Office-2019-Mac-allgoodkeys.com-5.png\" sizes=\"(max-width: 489px) 100vw, 489px\" srcset=\"https:\/\/keyease.net\/wp-content\/uploads\/2025\/09\/Office-2019-Mac-allgoodkeys.com-5-1.png 1122w, https:\/\/keyease.net\/wp-content\/uploads\/2025\/09\/Office-2019-Mac-allgoodkeys.com-5-2.png,570&amp;ssl=1 570w, https:\/\/keyease.net\/wp-content\/uploads\/2025\/09\/Office-2019-Mac-allgoodkeys.com-5-3.png,250&amp;ssl=1 250w, https:\/\/keyease.net\/wp-content\/uploads\/2025\/09\/Office-2019-Mac-allgoodkeys.com-5-4.png,631&amp;ssl=1 631w, https:\/\/keyease.net\/wp-content\/uploads\/2025\/09\/Office-2019-Mac-allgoodkeys.com-5-5.png,300&amp;ssl=1 300w, https:\/\/keyease.net\/wp-content\/uploads\/2025\/09\/Office-2019-Mac-allgoodkeys.com-5-6.png,1024&amp;ssl=1 1024w, https:\/\/keyease.net\/wp-content\/uploads\/2025\/09\/Office-2019-Mac-allgoodkeys.com-5-7.png,768&amp;ssl=1 768w\" alt=\"Office-2019-Mac-allgoodkeys.com (5)\" width=\"489\" height=\"489\" data-lazy-srcset=\"https:\/\/keyease.net\/wp-content\/uploads\/2025\/09\/Office-2019-Mac-allgoodkeys.com-5-1.png 1122w, https:\/\/keyease.net\/wp-content\/uploads\/2025\/09\/Office-2019-Mac-allgoodkeys.com-5-2.png,570&amp;ssl=1 570w, https:\/\/keyease.net\/wp-content\/uploads\/2025\/09\/Office-2019-Mac-allgoodkeys.com-5-3.png,250&amp;ssl=1 250w, https:\/\/keyease.net\/wp-content\/uploads\/2025\/09\/Office-2019-Mac-allgoodkeys.com-5-4.png,631&amp;ssl=1 631w, https:\/\/keyease.net\/wp-content\/uploads\/2025\/09\/Office-2019-Mac-allgoodkeys.com-5-5.png,300&amp;ssl=1 300w, https:\/\/keyease.net\/wp-content\/uploads\/2025\/09\/Office-2019-Mac-allgoodkeys.com-5-6.png,1024&amp;ssl=1 1024w, https:\/\/keyease.net\/wp-content\/uploads\/2025\/09\/Office-2019-Mac-allgoodkeys.com-5-7.png,768&amp;ssl=1 768w\" data-lazy-sizes=\"(max-width: 489px) 100vw, 489px\" data-recalc-dims=\"1\" data-lazy-src=\"https:\/\/keyease.net\/wp-content\/uploads\/2025\/09\/Office-2019-Mac-allgoodkeys.com-5.png\" data-ll-status=\"loaded\" \/><\/p>\n<h3>\u2023 Microsoft Excel 2019<\/h3>\n<p>Crea e gestisci tabelle e intraprendi un&#x27;analisi dei dati pi\u00f9 potente con Excel 2019. In questa versione, Excel offre tabelle di ogni tipo, dai database contabili a quelli di prodotto. Tra le altre cose, nuove straordinarie caratteristiche e funzioni, come formule, grafici a mappa e a imbuto, elementi visivi migliorati, pubblicazione su Power BI, nuovi temi, selezione precisa e altro ancora, offrono nuovi metodi per visualizzare i dati in modo accattivante. Inoltre, una grafica migliorata, miglioramenti nell&#x27;input tramite penna, una condivisione pi\u00f9 semplice e migliori funzionalit\u00e0 di accessibilit\u00e0 ti consentono di risparmiare tempo godendo al contempo di un flusso di lavoro familiare.<\/p>\n<h3><img decoding=\"async\" class=\"wp-image-4210 entered lazyloaded aligncenter\" src=\"https:\/\/keyease.net\/wp-content\/uploads\/2025\/09\/Office-2019-Mac-allgoodkeys.com_.png\" sizes=\"(max-width: 478px) 100vw, 478px\" srcset=\"https:\/\/keyease.net\/wp-content\/uploads\/2025\/09\/Office-2019-Mac-allgoodkeys.com_-1.png 1122w, https:\/\/keyease.net\/wp-content\/uploads\/2025\/09\/Office-2019-Mac-allgoodkeys.com_-2.png,570&amp;ssl=1 570w, https:\/\/keyease.net\/wp-content\/uploads\/2025\/09\/Office-2019-Mac-allgoodkeys.com_-3.png,250&amp;ssl=1 250w, https:\/\/keyease.net\/wp-content\/uploads\/2025\/09\/Office-2019-Mac-allgoodkeys.com_-4.png,631&amp;ssl=1 631w, https:\/\/keyease.net\/wp-content\/uploads\/2025\/09\/Office-2019-Mac-allgoodkeys.com_-5.png,300&amp;ssl=1 300w, https:\/\/keyease.net\/wp-content\/uploads\/2025\/09\/Office-2019-Mac-allgoodkeys.com_-6.png,1024&amp;ssl=1 1024w, https:\/\/keyease.net\/wp-content\/uploads\/2025\/09\/Office-2019-Mac-allgoodkeys.com_-7.png,768&amp;ssl=1 768w\" alt=\"\" width=\"478\" height=\"478\" data-lazy-srcset=\"https:\/\/keyease.net\/wp-content\/uploads\/2025\/09\/Office-2019-Mac-allgoodkeys.com_-1.png 1122w, https:\/\/keyease.net\/wp-content\/uploads\/2025\/09\/Office-2019-Mac-allgoodkeys.com_-2.png,570&amp;ssl=1 570w, https:\/\/keyease.net\/wp-content\/uploads\/2025\/09\/Office-2019-Mac-allgoodkeys.com_-3.png,250&amp;ssl=1 250w, https:\/\/keyease.net\/wp-content\/uploads\/2025\/09\/Office-2019-Mac-allgoodkeys.com_-4.png,631&amp;ssl=1 631w, https:\/\/keyease.net\/wp-content\/uploads\/2025\/09\/Office-2019-Mac-allgoodkeys.com_-5.png,300&amp;ssl=1 300w, https:\/\/keyease.net\/wp-content\/uploads\/2025\/09\/Office-2019-Mac-allgoodkeys.com_-6.png,1024&amp;ssl=1 1024w, https:\/\/keyease.net\/wp-content\/uploads\/2025\/09\/Office-2019-Mac-allgoodkeys.com_-7.png,768&amp;ssl=1 768w\" data-lazy-sizes=\"(max-width: 478px) 100vw, 478px\" data-recalc-dims=\"1\" data-lazy-src=\"https:\/\/keyease.net\/wp-content\/uploads\/2025\/09\/Office-2019-Mac-allgoodkeys.com_.png\" data-ll-status=\"loaded\" \/>\u2023 Microsoft PowerPoint 2019<\/h3>\n<\/div>\n<div>\n<p>Crea contenuti pi\u00f9 sofisticati e visivamente accattivanti per catturare l&#x27;attenzione del tuo pubblico con PowerPoint 2019. L&#x27;ultima versione del noto strumento include effetti visivi migliorati, come Transizione Morph, Evidenziatore di testo e funzionalit\u00e0 Zoom. Ti consente inoltre di rendere le tue presentazioni pi\u00f9 dinamiche con modelli 3D, rimozione dello sfondo, esportazione in 4K, funzionalit\u00e0 di registrazione Ultra-HD e altro ancora.<\/p>\n<\/div>\n<div>\n<h3><img decoding=\"async\" class=\"wp-image-4213 aligncenter entered lazyloaded\" src=\"https:\/\/keyease.net\/wp-content\/uploads\/2025\/09\/Office-2019-Mac-allgoodkeys.com-4.png\" sizes=\"(max-width: 469px) 100vw, 469px\" srcset=\"https:\/\/keyease.net\/wp-content\/uploads\/2025\/09\/Office-2019-Mac-allgoodkeys.com-4-1.png 1122w, https:\/\/keyease.net\/wp-content\/uploads\/2025\/09\/Office-2019-Mac-allgoodkeys.com-4-2.png,570&amp;ssl=1 570w, https:\/\/keyease.net\/wp-content\/uploads\/2025\/09\/Office-2019-Mac-allgoodkeys.com-4-3.png,250&amp;ssl=1 250w, https:\/\/keyease.net\/wp-content\/uploads\/2025\/09\/Office-2019-Mac-allgoodkeys.com-4-4.png,631&amp;ssl=1 631w, https:\/\/keyease.net\/wp-content\/uploads\/2025\/09\/Office-2019-Mac-allgoodkeys.com-4-5.png,300&amp;ssl=1 300w, https:\/\/keyease.net\/wp-content\/uploads\/2025\/09\/Office-2019-Mac-allgoodkeys.com-4-6.png,1024&amp;ssl=1 1024w, https:\/\/keyease.net\/wp-content\/uploads\/2025\/09\/Office-2019-Mac-allgoodkeys.com-4-7.png,768&amp;ssl=1 768w\" alt=\"\" width=\"469\" height=\"469\" data-lazy-srcset=\"https:\/\/keyease.net\/wp-content\/uploads\/2025\/09\/Office-2019-Mac-allgoodkeys.com-4-1.png 1122w, https:\/\/keyease.net\/wp-content\/uploads\/2025\/09\/Office-2019-Mac-allgoodkeys.com-4-2.png,570&amp;ssl=1 570w, https:\/\/keyease.net\/wp-content\/uploads\/2025\/09\/Office-2019-Mac-allgoodkeys.com-4-3.png,250&amp;ssl=1 250w, https:\/\/keyease.net\/wp-content\/uploads\/2025\/09\/Office-2019-Mac-allgoodkeys.com-4-4.png,631&amp;ssl=1 631w, https:\/\/keyease.net\/wp-content\/uploads\/2025\/09\/Office-2019-Mac-allgoodkeys.com-4-5.png,300&amp;ssl=1 300w, https:\/\/keyease.net\/wp-content\/uploads\/2025\/09\/Office-2019-Mac-allgoodkeys.com-4-6.png,1024&amp;ssl=1 1024w, https:\/\/keyease.net\/wp-content\/uploads\/2025\/09\/Office-2019-Mac-allgoodkeys.com-4-7.png,768&amp;ssl=1 768w\" data-lazy-sizes=\"(max-width: 469px) 100vw, 469px\" data-recalc-dims=\"1\" data-lazy-src=\"https:\/\/keyease.net\/wp-content\/uploads\/2025\/09\/Office-2019-Mac-allgoodkeys.com-4.png\" data-ll-status=\"loaded\" \/><\/h3>\n<\/div>\n<h3>\u2023 Microsoft OneNote<\/h3>\n<p>Il tuo taccuino digitale personale, OneNote ti permette di digitare, scrivere o disegnare appunti e inserire clip di immagini, audio o video dal Web. OneNote \u00e8 disponibile online e si sincronizza con gli altri dispositivi. Ti permette di accedere, aggiornare o creare nuove note ovunque ti trovi. Non esiste una versione 2019 aggiornata, ma OneNote 2016 \u00e8 disponibile per Office 2019.<\/p>\n<div>\n<h3><img loading=\"lazy\" decoding=\"async\" class=\"wp-image-4212 aligncenter entered lazyloaded\" src=\"https:\/\/keyease.net\/wp-content\/uploads\/2025\/09\/Office-2019-Mac-allgoodkeys.com-3.png\" sizes=\"(max-width: 479px) 100vw, 479px\" srcset=\"https:\/\/keyease.net\/wp-content\/uploads\/2025\/09\/Office-2019-Mac-allgoodkeys.com-3-1.png 1122w, https:\/\/keyease.net\/wp-content\/uploads\/2025\/09\/Office-2019-Mac-allgoodkeys.com-3-2.png,570&amp;ssl=1 570w, https:\/\/keyease.net\/wp-content\/uploads\/2025\/09\/Office-2019-Mac-allgoodkeys.com-3-3.png,250&amp;ssl=1 250w, https:\/\/keyease.net\/wp-content\/uploads\/2025\/09\/Office-2019-Mac-allgoodkeys.com-3-4.png,631&amp;ssl=1 631w, https:\/\/keyease.net\/wp-content\/uploads\/2025\/09\/Office-2019-Mac-allgoodkeys.com-3-5.png,300&amp;ssl=1 300w, https:\/\/keyease.net\/wp-content\/uploads\/2025\/09\/Office-2019-Mac-allgoodkeys.com-3-6.png,1024&amp;ssl=1 1024w, https:\/\/keyease.net\/wp-content\/uploads\/2025\/09\/Office-2019-Mac-allgoodkeys.com-3-7.png,768&amp;ssl=1 768w\" alt=\"\" width=\"479\" height=\"479\" data-lazy-srcset=\"https:\/\/keyease.net\/wp-content\/uploads\/2025\/09\/Office-2019-Mac-allgoodkeys.com-3-1.png 1122w, https:\/\/keyease.net\/wp-content\/uploads\/2025\/09\/Office-2019-Mac-allgoodkeys.com-3-2.png,570&amp;ssl=1 570w, https:\/\/keyease.net\/wp-content\/uploads\/2025\/09\/Office-2019-Mac-allgoodkeys.com-3-3.png,250&amp;ssl=1 250w, https:\/\/keyease.net\/wp-content\/uploads\/2025\/09\/Office-2019-Mac-allgoodkeys.com-3-4.png,631&amp;ssl=1 631w, https:\/\/keyease.net\/wp-content\/uploads\/2025\/09\/Office-2019-Mac-allgoodkeys.com-3-5.png,300&amp;ssl=1 300w, https:\/\/keyease.net\/wp-content\/uploads\/2025\/09\/Office-2019-Mac-allgoodkeys.com-3-6.png,1024&amp;ssl=1 1024w, https:\/\/keyease.net\/wp-content\/uploads\/2025\/09\/Office-2019-Mac-allgoodkeys.com-3-7.png,768&amp;ssl=1 768w\" data-lazy-sizes=\"(max-width: 479px) 100vw, 479px\" data-recalc-dims=\"1\" data-lazy-src=\"https:\/\/keyease.net\/wp-content\/uploads\/2025\/09\/Office-2019-Mac-allgoodkeys.com-3.png\" data-ll-status=\"loaded\" \/>\u2023 Microsoft Outlook 2019<\/h3>\n<\/div>\n<div>\n<p>Invia, ricevi e gestisci le tue e-mail in modo pi\u00f9 efficiente con Outlook 2019. Outlook ti garantisce l&#x27;accesso a tutti i contatti e gli indirizzi e-mail memorizzati, offrendoti la possibilit\u00e0 di mantenere aggiornate le informazioni su partner e clienti. Inoltre, l&#x27;app migliorata ti offre pi\u00f9 possibilit\u00e0 con schede di contatto aggiornate, @menzioni, posta in arrivo mirata, schede di pacchetti di viaggio e altro ancora. Per ridurre al minimo il tuo carico di lavoro puoi pianificare riunioni in fusi orari diversi, ascoltare le tue e-mail, scaricare automaticamente gli allegati dal cloud e impostare promemoria da visualizzare nelle finestre in cui stai lavorando.<\/p>\n<\/div>\n<p><img loading=\"lazy\" decoding=\"async\" class=\"wp-image-4211 aligncenter entered lazyloaded\" src=\"https:\/\/keyease.net\/wp-content\/uploads\/2025\/09\/Office-2019-Mac-allgoodkeys.com-2.png\" sizes=\"(max-width: 493px) 100vw, 493px\" srcset=\"https:\/\/keyease.net\/wp-content\/uploads\/2025\/09\/Office-2019-Mac-allgoodkeys.com-2-1.png 1122w, https:\/\/keyease.net\/wp-content\/uploads\/2025\/09\/Office-2019-Mac-allgoodkeys.com-2-2.png,570&amp;ssl=1 570w, https:\/\/keyease.net\/wp-content\/uploads\/2025\/09\/Office-2019-Mac-allgoodkeys.com-2-3.png,250&amp;ssl=1 250w, https:\/\/keyease.net\/wp-content\/uploads\/2025\/09\/Office-2019-Mac-allgoodkeys.com-2-4.png,631&amp;ssl=1 631w, https:\/\/keyease.net\/wp-content\/uploads\/2025\/09\/Office-2019-Mac-allgoodkeys.com-2-5.png,300&amp;ssl=1 300w, https:\/\/keyease.net\/wp-content\/uploads\/2025\/09\/Office-2019-Mac-allgoodkeys.com-2-6.png,1024&amp;ssl=1 1024w, https:\/\/keyease.net\/wp-content\/uploads\/2025\/09\/Office-2019-Mac-allgoodkeys.com-2-7.png,768&amp;ssl=1 768w\" alt=\"\" width=\"493\" height=\"493\" data-lazy-srcset=\"https:\/\/keyease.net\/wp-content\/uploads\/2025\/09\/Office-2019-Mac-allgoodkeys.com-2-1.png 1122w, https:\/\/keyease.net\/wp-content\/uploads\/2025\/09\/Office-2019-Mac-allgoodkeys.com-2-2.png,570&amp;ssl=1 570w, https:\/\/keyease.net\/wp-content\/uploads\/2025\/09\/Office-2019-Mac-allgoodkeys.com-2-3.png,250&amp;ssl=1 250w, https:\/\/keyease.net\/wp-content\/uploads\/2025\/09\/Office-2019-Mac-allgoodkeys.com-2-4.png,631&amp;ssl=1 631w, https:\/\/keyease.net\/wp-content\/uploads\/2025\/09\/Office-2019-Mac-allgoodkeys.com-2-5.png,300&amp;ssl=1 300w, https:\/\/keyease.net\/wp-content\/uploads\/2025\/09\/Office-2019-Mac-allgoodkeys.com-2-6.png,1024&amp;ssl=1 1024w, https:\/\/keyease.net\/wp-content\/uploads\/2025\/09\/Office-2019-Mac-allgoodkeys.com-2-7.png,768&amp;ssl=1 768w\" data-lazy-sizes=\"(max-width: 493px) 100vw, 493px\" data-recalc-dims=\"1\" data-lazy-src=\"https:\/\/keyease.net\/wp-content\/uploads\/2025\/09\/Office-2019-Mac-allgoodkeys.com-2.png\" data-ll-status=\"loaded\" \/><\/p>\n<h3><strong>Requisiti di sistema<\/strong><\/h3>\n<table class=\"requisiti\">\n<tbody>\n<tr>\n<td>Piattaforma<\/td>\n<td>Windows<\/td>\n<\/tr>\n<tr>\n<td>Sistemi operativi supportati<\/td>\n<td>Windows 10 &#8211; Windows 11 &#8211; Windows Server 2019<\/td>\n<\/tr>\n<tr>\n<td>Processore<\/td>\n<td>Processore a 32 bit o 64 bit con almeno 1 GHz e set di istruzioni SSE2<\/td>\n<\/tr>\n<tr>\n<td>RAM<\/td>\n<td>Almeno 2 GB di RAM<\/td>\n<\/tr>\n<tr>\n<td>Disco rigido<\/td>\n<td>Almeno 3 GB di spazio disponibile<\/td>\n<\/tr>\n<tr>\n<td>Scheda grafica<\/td>\n<td>\u00c8 necessario il supporto per DirectX 10 per l\u2019interfaccia GPU accelerata\u2028 e display con una risoluzione di 1024 x 768 pixel<\/td>\n<\/tr>\n<tr>\n<td>Browser<\/td>\n<td>La versione attuale di Internet Explorer, Chrome, Firefox, Microsoft Edge o Safari<\/td>\n<\/tr>\n<tr>\n<td>Versione .NET<\/td>\n<td>Almeno .NET 3.5<\/td>\n<\/tr>\n<\/tbody>\n<\/table>\n<p>\u00a0<\/p>","protected":false},"excerpt":{"rendered":"<p>Con Office 2019 Home and Business riceverai una licenza originale Microsoft attivabile direttamente sul sito ufficiale di Microsoft. Licenza trasferibile<\/p>","protected":false},"featured_media":17007,"comment_status":"open","ping_status":"open","template":"","meta":{"iawp_total_views":1},"pwb-brand":[100],"product_brand":[126],"product_cat":[99],"product_tag":[],"class_list":{"0":"post-16965","1":"product","2":"type-product","3":"status-publish","4":"has-post-thumbnail","6":"pwb-brand-microsoft","7":"product_brand-microsoft","8":"product_cat-microsoft-office","10":"first","11":"instock","12":"featured","13":"shipping-taxable","14":"purchasable","15":"product-type-simple"},"brands":[{"id":100,"name":"Microsoft","slug":"microsoft"}],"_links":{"self":[{"href":"https:\/\/keyease.net\/it\/wp-json\/wp\/v2\/product\/16965","targetHints":{"allow":["GET"]}}],"collection":[{"href":"https:\/\/keyease.net\/it\/wp-json\/wp\/v2\/product"}],"about":[{"href":"https:\/\/keyease.net\/it\/wp-json\/wp\/v2\/types\/product"}],"replies":[{"embeddable":true,"href":"https:\/\/keyease.net\/it\/wp-json\/wp\/v2\/comments?post=16965"}],"version-history":[{"count":3,"href":"https:\/\/keyease.net\/it\/wp-json\/wp\/v2\/product\/16965\/revisions"}],"predecessor-version":[{"id":17553,"href":"https:\/\/keyease.net\/it\/wp-json\/wp\/v2\/product\/16965\/revisions\/17553"}],"wp:featuredmedia":[{"embeddable":true,"href":"https:\/\/keyease.net\/it\/wp-json\/wp\/v2\/media\/17007"}],"wp:attachment":[{"href":"https:\/\/keyease.net\/it\/wp-json\/wp\/v2\/media?parent=16965"}],"wp:term":[{"taxonomy":"pwb-brand","embeddable":true,"href":"https:\/\/keyease.net\/it\/wp-json\/wp\/v2\/pwb-brand?post=16965"},{"taxonomy":"product_brand","embeddable":true,"href":"https:\/\/keyease.net\/it\/wp-json\/wp\/v2\/product_brand?post=16965"},{"taxonomy":"product_cat","embeddable":true,"href":"https:\/\/keyease.net\/it\/wp-json\/wp\/v2\/product_cat?post=16965"},{"taxonomy":"product_tag","embeddable":true,"href":"https:\/\/keyease.net\/it\/wp-json\/wp\/v2\/product_tag?post=16965"}],"curies":[{"name":"wp","href":"https:\/\/api.w.org\/{rel}","templated":true}]}}