{"id":16955,"date":"2023-11-30T00:00:00","date_gmt":"2023-11-30T00:00:00","guid":{"rendered":"https:\/\/keyease.net\/product\/microsoft-office-home-business-2016-mac-licenza-a-vita-2\/"},"modified":"2026-04-17T09:17:23","modified_gmt":"2026-04-17T09:17:23","slug":"microsoft-office-home-business-2016-mac-licenza-a-vita-2","status":"publish","type":"product","link":"https:\/\/keyease.net\/it\/product\/microsoft-office-home-business-2016-mac-licenza-a-vita-2\/","title":{"rendered":"Microsoft Office Home &amp; Business 2016 per Mac &#8211; Licenza a vita"},"content":{"rendered":"<h2>Microsoft Office Home &amp; Business 2016 per Mac &#8211; Licenza a vita<\/h2>\n<p>Con Microsoft Office 2016 Home and Business avrai a disposizione gli strumenti Microsoft essenziali per mantenere l&#x27;organizzazione e la produttivit\u00e0 nella tua azienda. In questo pacchetto business troverai Word, Excel, PowerPoint, OneNote e Outlook di Microsoft. Tutte le app vengono aggiornate regolarmente, cos\u00ec sarai sempre al passo con le funzionalit\u00e0 pi\u00f9 recenti.<\/p>\n<p><strong>Questo pacchetto \u00e8 solo per Mac.<\/strong><\/p>\n<p class=\"m_-3049035662921990993gmail-p1\"><img decoding=\"async\" class=\"aligncenter\" src=\"https:\/\/keyease.net\/wp-content\/uploads\/2025\/09\/1_630bc3af-6525-4da1-8d5f-d3bf76e4cf8a_medium.png\" alt=\"\" width=\"240\" height=\"135\" \/><\/p>\n<p class=\"m_-3049035662921990993gmail-p1\">Porta la tua scrittura a un livello superiore con Microsoft Word. Microsoft Word, un elaboratore di testi, \u00e8 uno strumento perfetto per blogger, scrittori, studenti o giornalisti che lavorano su documenti professionali. Utilizza modelli personalizzati e funzionalit\u00e0 aggiuntive per portare la tua scrittura a un ulteriore passo avanti.<\/p>\n<p><img decoding=\"async\" class=\"aligncenter\" src=\"https:\/\/keyease.net\/wp-content\/uploads\/2025\/09\/2_3691b138-a80b-470b-86cc-d197995880b1_medium.png\" alt=\"\" width=\"240\" height=\"135\" \/><\/p>\n<p class=\"m_-3049035662921990993gmail-p1\">Microsoft Excel \u00e8 un programma per fogli di calcolo. Crea fogli di calcolo professionali per report finanziari utilizzando modelli personalizzati o creane di tuoi utilizzando formule e calcoli moderni.<\/p>\n<p class=\"m_-3049035662921990993gmail-p1\"><img decoding=\"async\" class=\"aligncenter\" src=\"https:\/\/keyease.net\/wp-content\/uploads\/2025\/09\/3_21d814f1-8c09-40fd-979d-144200cee9ab_medium.png\" alt=\"\" width=\"240\" height=\"135\" \/><\/p>\n<p class=\"m_-3049035662921990993gmail-p1\">Crea presentazioni accurate con Microsoft PowerPoint per distinguerti dagli altri. Utilizza animazioni e modelli predefiniti per migliorare le tue presentazioni. Perfetto per studenti e imprenditori.<\/p>\n<p class=\"m_-3049035662921990993gmail-p1\"><span class=\"m_-1978683647823504631gmail-Apple-converted-space\"><img loading=\"lazy\" decoding=\"async\" class=\"aligncenter\" src=\"https:\/\/keyease.net\/wp-content\/uploads\/2025\/09\/5_medium.png\" alt=\"\" width=\"240\" height=\"135\" \/><\/span><\/p>\n<p class=\"m_-3049035662921990993gmail-p1\">Outlook \u00e8 il servizio di posta elettronica di Microsoft facile da usare. L&#x27;applicazione desktop offre funzionalit\u00e0 pi\u00f9 avanzate rispetto al servizio Outlook online. Lo strumento perfetto per tutte le tue esigenze di posta elettronica.<\/p>\n<p class=\"m_-3049035662921990993gmail-p1\"><img loading=\"lazy\" decoding=\"async\" class=\"aligncenter\" src=\"https:\/\/keyease.net\/wp-content\/uploads\/2025\/09\/6_4130c250-2ade-49ea-a072-fc0a9e70ef0f_medium.png\" alt=\"\" width=\"240\" height=\"135\" \/><\/p>\n<p class=\"m_-3049035662921990993gmail-p1\">Outlook \u00e8 il servizio di posta elettronica di Microsoft facile da usare. L&#x27;applicazione desktop offre funzionalit\u00e0 pi\u00f9 approfondite rispetto al servizio Outlook online. Lo strumento perfetto per tutte le tue esigenze di posta elettronica.<\/p>\n<p>\u00a0<\/p>","protected":false},"excerpt":{"rendered":"<p>Microsoft Office Home &amp; Business 2016 per Mac &#8211; Licenza a vita Con Microsoft Office 2016 Home and Business avrai<\/p>","protected":false},"featured_media":16962,"comment_status":"open","ping_status":"open","template":"","meta":{"iawp_total_views":1},"pwb-brand":[100],"product_brand":[126],"product_cat":[99],"product_tag":[],"class_list":{"0":"post-16955","1":"product","2":"type-product","3":"status-publish","4":"has-post-thumbnail","6":"pwb-brand-microsoft","7":"product_brand-microsoft","8":"product_cat-microsoft-office","10":"first","11":"instock","12":"featured","13":"shipping-taxable","14":"purchasable","15":"product-type-simple"},"brands":[{"id":100,"name":"Microsoft","slug":"microsoft"}],"_links":{"self":[{"href":"https:\/\/keyease.net\/it\/wp-json\/wp\/v2\/product\/16955","targetHints":{"allow":["GET"]}}],"collection":[{"href":"https:\/\/keyease.net\/it\/wp-json\/wp\/v2\/product"}],"about":[{"href":"https:\/\/keyease.net\/it\/wp-json\/wp\/v2\/types\/product"}],"replies":[{"embeddable":true,"href":"https:\/\/keyease.net\/it\/wp-json\/wp\/v2\/comments?post=16955"}],"version-history":[{"count":3,"href":"https:\/\/keyease.net\/it\/wp-json\/wp\/v2\/product\/16955\/revisions"}],"predecessor-version":[{"id":17549,"href":"https:\/\/keyease.net\/it\/wp-json\/wp\/v2\/product\/16955\/revisions\/17549"}],"wp:featuredmedia":[{"embeddable":true,"href":"https:\/\/keyease.net\/it\/wp-json\/wp\/v2\/media\/16962"}],"wp:attachment":[{"href":"https:\/\/keyease.net\/it\/wp-json\/wp\/v2\/media?parent=16955"}],"wp:term":[{"taxonomy":"pwb-brand","embeddable":true,"href":"https:\/\/keyease.net\/it\/wp-json\/wp\/v2\/pwb-brand?post=16955"},{"taxonomy":"product_brand","embeddable":true,"href":"https:\/\/keyease.net\/it\/wp-json\/wp\/v2\/product_brand?post=16955"},{"taxonomy":"product_cat","embeddable":true,"href":"https:\/\/keyease.net\/it\/wp-json\/wp\/v2\/product_cat?post=16955"},{"taxonomy":"product_tag","embeddable":true,"href":"https:\/\/keyease.net\/it\/wp-json\/wp\/v2\/product_tag?post=16955"}],"curies":[{"name":"wp","href":"https:\/\/api.w.org\/{rel}","templated":true}]}}