{"id":16948,"date":"2023-11-30T00:00:00","date_gmt":"2023-11-30T00:00:00","guid":{"rendered":"https:\/\/keyease.net\/product\/project-professional-2021-activation-key-pc-licenza-a-vita-2\/"},"modified":"2026-04-17T09:17:23","modified_gmt":"2026-04-17T09:17:23","slug":"project-professional-2021-activation-key-pc-licenza-a-vita-2","status":"publish","type":"product","link":"https:\/\/keyease.net\/it\/product\/project-professional-2021-activation-key-pc-licenza-a-vita-2\/","title":{"rendered":"CHIAVE DI ATTIVAZIONE DI PROJECT PROFESSIONAL 2021 \u2013 (PC) &#8211; Licenza a vita"},"content":{"rendered":"<div class=\"description-container__content\">\n<div>\n<ul>\n<li><span style=\"vertical-align: inherit;\"><span style=\"vertical-align: inherit;\">CHIAVE DI ATTIVAZIONE PROJECT PROFESSIONAL 2021 \u2013 (PC) &#8211; Licenza a vita<\/span><\/span><\/li>\n<\/ul>\n<p><span style=\"vertical-align: inherit;\"><span style=\"vertical-align: inherit;\">Migliora la selezione dei progetti e la consegna puntuale. Gestisci i tuoi progetti in modo pi\u00f9 efficiente con tempistiche, budget e risorse adeguati.<\/span><\/span><\/p>\n<h5><span style=\"vertical-align: inherit;\"><span style=\"vertical-align: inherit;\">Caratteristiche:<\/span><\/span><\/h5>\n<ul>\n<li><span style=\"vertical-align: inherit;\"><span style=\"vertical-align: inherit;\">Report informativi: report integrati come Burndown e Panoramica delle risorse forniscono approfondimenti alle parti interessate per ottenere risultati migliori.<\/span><\/span><\/li>\n<li><span style=\"vertical-align: inherit;\"><span style=\"vertical-align: inherit;\">Visualizza le relazioni: l&#x27;evidenziazione del percorso delle attivit\u00e0 nei diagrammi di Gantt offre visibilit\u00e0 sulle relazioni tra le attivit\u00e0.<\/span><\/span><\/li>\n<li><span style=\"vertical-align: inherit;\"><span style=\"vertical-align: inherit;\">Schede attivit\u00e0: invia schede attivit\u00e0 per acquisire il tempo impiegato nel lavoro di progetto e non per la gestione delle retribuzioni, la fatturazione e altro ancora.<\/span><\/span><\/li>\n<li><span style=\"vertical-align: inherit;\"><span style=\"vertical-align: inherit;\">Collaborazione: passa il mouse sui nomi dei membri del team in un piano di progetto per vedere la presenza online e avviare chat o chiamate tramite Microsoft Teams for Business (con licenza separata).<\/span><\/span><\/li>\n<li><span style=\"vertical-align: inherit;\"><span style=\"vertical-align: inherit;\">I modelli predefiniti ti aiutano a far partire il tuo progetto nel modo giusto.<\/span><\/span><\/li>\n<li><span style=\"vertical-align: inherit;\"><span style=\"vertical-align: inherit;\">Sincronizzazione con Project Online e Project Server.<\/span><\/span><\/li>\n<li><span style=\"vertical-align: inherit;\"><span style=\"vertical-align: inherit;\">Invia schede attivit\u00e0 per registrare il tempo dedicato al lavoro di progetto e non di progetto.<\/span><\/span><\/li>\n<li><span style=\"vertical-align: inherit;\"><span style=\"vertical-align: inherit;\">Esegui scenari ipotetici per sfruttare al meglio le tue assegnazioni di attivit\u00e0.<\/span><\/span><\/li>\n<li><span style=\"vertical-align: inherit;\"><span style=\"vertical-align: inherit;\">Compila automaticamente le date di inizio e fine in base alle dipendenze.<\/span><\/span><\/li>\n<li><span style=\"vertical-align: inherit;\"><span style=\"vertical-align: inherit;\">Visualizza pianificazioni complesse con pi\u00f9 sequenze temporali integrate.<\/span><\/span><\/li>\n<\/ul>\n<p><span style=\"vertical-align: inherit;\"><span style=\"vertical-align: inherit;\">Riduci le inefficienze e i tempi di formazione con strumenti di pianificazione automatizzati. Gestisci le risorse in modo efficace per creare team di progetto. Prendi decisioni informate con i report integrati.<\/span><\/span><\/p>\n<\/div>\n<\/div>\n<p><span style=\"vertical-align: inherit;\"><span style=\"vertical-align: inherit;\">Nota: la chiave di attivazione non pu\u00f2 essere associata al tuo account Microsoft.<\/span><\/span><\/p>\n<p>\u00a0<\/p>","protected":false},"excerpt":{"rendered":"<p>CHIAVE DI ATTIVAZIONE PROJECT PROFESSIONAL 2021 \u2013 (PC) &#8211; Licenza a vita Migliora la selezione dei progetti e la consegna<\/p>","protected":false},"featured_media":16949,"comment_status":"open","ping_status":"open","template":"","meta":{"iawp_total_views":0},"pwb-brand":[100],"product_brand":[126],"product_cat":[99],"product_tag":[],"class_list":{"0":"post-16948","1":"product","2":"type-product","3":"status-publish","4":"has-post-thumbnail","6":"pwb-brand-microsoft","7":"product_brand-microsoft","8":"product_cat-microsoft-office","10":"first","11":"instock","12":"shipping-taxable","13":"purchasable","14":"product-type-simple"},"brands":[{"id":100,"name":"Microsoft","slug":"microsoft"}],"_links":{"self":[{"href":"https:\/\/keyease.net\/it\/wp-json\/wp\/v2\/product\/16948","targetHints":{"allow":["GET"]}}],"collection":[{"href":"https:\/\/keyease.net\/it\/wp-json\/wp\/v2\/product"}],"about":[{"href":"https:\/\/keyease.net\/it\/wp-json\/wp\/v2\/types\/product"}],"replies":[{"embeddable":true,"href":"https:\/\/keyease.net\/it\/wp-json\/wp\/v2\/comments?post=16948"}],"version-history":[{"count":2,"href":"https:\/\/keyease.net\/it\/wp-json\/wp\/v2\/product\/16948\/revisions"}],"predecessor-version":[{"id":17545,"href":"https:\/\/keyease.net\/it\/wp-json\/wp\/v2\/product\/16948\/revisions\/17545"}],"wp:featuredmedia":[{"embeddable":true,"href":"https:\/\/keyease.net\/it\/wp-json\/wp\/v2\/media\/16949"}],"wp:attachment":[{"href":"https:\/\/keyease.net\/it\/wp-json\/wp\/v2\/media?parent=16948"}],"wp:term":[{"taxonomy":"pwb-brand","embeddable":true,"href":"https:\/\/keyease.net\/it\/wp-json\/wp\/v2\/pwb-brand?post=16948"},{"taxonomy":"product_brand","embeddable":true,"href":"https:\/\/keyease.net\/it\/wp-json\/wp\/v2\/product_brand?post=16948"},{"taxonomy":"product_cat","embeddable":true,"href":"https:\/\/keyease.net\/it\/wp-json\/wp\/v2\/product_cat?post=16948"},{"taxonomy":"product_tag","embeddable":true,"href":"https:\/\/keyease.net\/it\/wp-json\/wp\/v2\/product_tag?post=16948"}],"curies":[{"name":"wp","href":"https:\/\/api.w.org\/{rel}","templated":true}]}}