{"id":16920,"date":"2023-11-27T00:00:00","date_gmt":"2023-11-27T00:00:00","guid":{"rendered":"https:\/\/keyease.net\/product\/windows-server-2019-standard-licenza-a-vita-2\/"},"modified":"2026-04-17T09:17:22","modified_gmt":"2026-04-17T09:17:22","slug":"windows-server-2019-standard-licenza-a-vita-2","status":"publish","type":"product","link":"https:\/\/keyease.net\/it\/product\/windows-server-2019-standard-licenza-a-vita-2\/","title":{"rendered":"WINDOWS SERVER 2019 STANDARD &#8211; Licenza A Vita"},"content":{"rendered":"<h3><strong><span style=\"vertical-align: inherit;\">Windows Server 2019 Standard pu\u00f2 funzionare solo per Windows, non per Mac!,<\/span><\/strong><strong><br \/>\n<\/strong><\/h3>\n<h4><span style=\"vertical-align: inherit;\">-Acquistando Windows Server 2019 Standard riceverai una licenza Microsoft Originale al 100% attivabile direttamente sul sito ufficiale Microsoft. I nostri metodi di pagamento sicuri ti danno una garanzia totale e riceverai il tuo software via e-mail dopo pochi minuti.<\/span><\/h4>\n<p>&nbsp;<\/p>\n<p><strong><span style=\"vertical-align: inherit;\">Windows Server 2019<\/span><\/strong><span style=\"vertical-align: inherit;\"> \u00a0\u00e8 il sistema operativo che collega gli ambienti locali con i servizi di Azure consentendo scenari ibridi massimizzando gli investimenti esistenti. Aumenta la sicurezza e riduci i rischi aziendali con pi\u00f9 livelli di protezione integrati nel sistema operativo. Evolvi la tua infrastruttura data center per ottenere maggiore efficienza e scalabilit\u00e0 con l&#8217;infrastruttura iperconvergente. Windows Server 2019 ti consente inoltre di creare app native per il cloud e modernizzare app tradizionali utilizzando contenitori e microservizi. Per ulteriori dettagli, consultare il\u00a0 <\/span><a href=\"https:\/\/www.microsoft.com\/en-us\/evalcenter\/evaluate-windows-server-2019?filetype=ISO\"><span style=\"vertical-align: inherit;\">sito Web<\/span><\/a><span style=\"vertical-align: inherit;\"> di Windows Server .<\/span><\/p>\n<h3><span style=\"vertical-align: inherit;\">Modi per provare Windows Server 2019:<\/span><\/h3>\n<p><span style=\"vertical-align: inherit;\">Oltre a scaricare l&#8217;ISO di Windows Server 2019, puoi anche provare le nuove funzionalit\u00e0 nei seguenti modi:<\/span><\/p>\n<ul>\n<li><span style=\"vertical-align: inherit;\">Provalo in Azure: Azure offre un ottimo modo per testare Windows Server 2019 con immagini predefinite.<\/span><\/li>\n<li><span style=\"vertical-align: inherit;\">Laboratori pratici Microsoft: salta il lavoro di configurazione e accedi ai nostri laboratori pratici gratuiti per un ambiente reale insieme a indicazioni dettagliate per aiutarti a provare le nuove funzionalit\u00e0.<\/span><\/li>\n<\/ul>\n<h3><span style=\"vertical-align: inherit;\">Scegli un&#8217;edizione e un&#8217;opzione di installazione:<\/span><\/h3>\n<p><span style=\"vertical-align: inherit;\">I clienti che scaricano l&#8217;ISO completo dovranno scegliere un&#8217;edizione e un&#8217;opzione di installazione. Questa valutazione ISO riguarda le edizioni Datacenter e Standard. L&#8217;edizione Datacenter \u00e8 l&#8217;edizione pi\u00f9 completa e include le nuove funzionalit\u00e0 specifiche del Datacenter (macchine virtuali schermate, spazi di archiviazione diretti e rete definita dal software) oltre alla virtualizzazione illimitata del server.<\/span><\/p>\n<h3><span style=\"vertical-align: inherit;\">Opzioni di installazione:<\/span><\/h3>\n<ul>\n<li><span style=\"vertical-align: inherit;\">Server Core: questa \u00e8 l&#8217;opzione di installazione consigliata. Si tratta di un&#8217;installazione pi\u00f9 piccola che include i componenti principali di Windows Server e supporta tutti i ruoli del server, ma non include un&#8217;interfaccia utente grafica locale (GUI). Viene utilizzato per distribuzioni &#8220;headless&#8221; gestite in remoto tramite Windows Admin Center, PowerShell o altri strumenti di gestione del server.<\/span><\/li>\n<li><span style=\"vertical-align: inherit;\">Server con esperienza desktop: questa \u00e8 l&#8217;installazione completa e include una GUI completa per i clienti che preferiscono questa opzione.<\/span><\/li>\n<\/ul>\n<div><\/div>\n<div>\n<p>&nbsp;<\/p>\n<\/div>","protected":false},"excerpt":{"rendered":"<p>Windows Server 2019 Standard pu\u00f2 funzionare solo per Windows, non per Mac!, -Acquistando Windows Server 2019 Standard riceverai una licenza<\/p>","protected":false},"featured_media":16921,"comment_status":"open","ping_status":"open","template":"","meta":{"iawp_total_views":1},"pwb-brand":[100],"product_brand":[126],"product_cat":[102],"product_tag":[],"class_list":{"0":"post-16920","1":"product","2":"type-product","3":"status-publish","4":"has-post-thumbnail","6":"pwb-brand-microsoft","7":"product_brand-microsoft","8":"product_cat-windows-servers","10":"first","11":"instock","12":"shipping-taxable","13":"purchasable","14":"product-type-simple"},"brands":[{"id":100,"name":"Microsoft","slug":"microsoft"}],"_links":{"self":[{"href":"https:\/\/keyease.net\/it\/wp-json\/wp\/v2\/product\/16920","targetHints":{"allow":["GET"]}}],"collection":[{"href":"https:\/\/keyease.net\/it\/wp-json\/wp\/v2\/product"}],"about":[{"href":"https:\/\/keyease.net\/it\/wp-json\/wp\/v2\/types\/product"}],"replies":[{"embeddable":true,"href":"https:\/\/keyease.net\/it\/wp-json\/wp\/v2\/comments?post=16920"}],"version-history":[{"count":0,"href":"https:\/\/keyease.net\/it\/wp-json\/wp\/v2\/product\/16920\/revisions"}],"wp:featuredmedia":[{"embeddable":true,"href":"https:\/\/keyease.net\/it\/wp-json\/wp\/v2\/media\/16921"}],"wp:attachment":[{"href":"https:\/\/keyease.net\/it\/wp-json\/wp\/v2\/media?parent=16920"}],"wp:term":[{"taxonomy":"pwb-brand","embeddable":true,"href":"https:\/\/keyease.net\/it\/wp-json\/wp\/v2\/pwb-brand?post=16920"},{"taxonomy":"product_brand","embeddable":true,"href":"https:\/\/keyease.net\/it\/wp-json\/wp\/v2\/product_brand?post=16920"},{"taxonomy":"product_cat","embeddable":true,"href":"https:\/\/keyease.net\/it\/wp-json\/wp\/v2\/product_cat?post=16920"},{"taxonomy":"product_tag","embeddable":true,"href":"https:\/\/keyease.net\/it\/wp-json\/wp\/v2\/product_tag?post=16920"}],"curies":[{"name":"wp","href":"https:\/\/api.w.org\/{rel}","templated":true}]}}