{"id":16918,"date":"2023-11-27T00:00:00","date_gmt":"2023-11-27T00:00:00","guid":{"rendered":"https:\/\/keyease.net\/product\/windows-server-2019-essentials-licenza-a-vita-2\/"},"modified":"2026-04-17T09:17:22","modified_gmt":"2026-04-17T09:17:22","slug":"windows-server-2019-essentials-licenza-a-vita-2","status":"publish","type":"product","link":"https:\/\/keyease.net\/it\/product\/windows-server-2019-essentials-licenza-a-vita-2\/","title":{"rendered":"WINDOWS SERVER 2019 ESSENTIALS &#8211; Licenza a vita"},"content":{"rendered":"<h2><strong><span style=\"vertical-align: inherit;\">Windows Server 2019 Essentials pu\u00f2 funzionare solo per Windows, non per Mac!<\/span><\/strong><\/h2>\n<p><strong><span style=\"vertical-align: inherit;\">La chiave verr\u00e0 inviata tramite e-mail. Controlla anche la cartella spam o posta indesiderata.<\/span><\/strong><\/p>\n<h3><strong><span style=\"vertical-align: inherit;\">Descrizione del prodotto<\/span><\/strong><\/h3>\n<p><span style=\"vertical-align: inherit;\">Microsoft Windows Server 2019 Essentials \u00e8 un sistema operativo compatibile con il cloud sufficientemente potente da supportare il carico di lavoro di un massimo di 25 utenti e 50 dispositivi. Il sistema operativo include tutto ci\u00f2 di cui la tua azienda ha bisogno per funzionare senza problemi ed \u00e8 disponibile a un prezzo pi\u00f9 accessibile alle piccole imprese. Il pacchetto Essentials Server 2019 include tutte le migliori funzionalit\u00e0 della versione completa di Windows Server 2019 in modo che le piccole imprese possano competere con successo nell&#8217;economia odierna. \u00c8 una scelta eccellente per i clienti che desiderano eseguire l&#8217;aggiornamento dall&#8217;edizione Foundation, che non \u00e8 disponibile per Windows Server 2019. Il sistema offre nuovi straordinari livelli di sicurezza e possiede innovazioni ispirate ad Azure per le applicazioni e l&#8217;infrastruttura che possono trasformare il modo in cui fai affari.<\/span><\/p>\n<h3><span style=\"vertical-align: inherit;\">Caratteristiche principali:<\/span><\/h3>\n<p><span style=\"vertical-align: inherit;\">Connetti le distribuzioni di Windows Server ai servizi di Azure <\/span><br \/>\n<span style=\"vertical-align: inherit;\">Usa servizi integrati in modo nativo come Backup di Azure e Azure Site Recovery senza interrompere le applicazioni e l&#8217;infrastruttura con Windows Admin Center.<\/span><\/p>\n<p><span style=\"vertical-align: inherit;\">Innovazione pi\u00f9 rapida per le applicazioni <\/span><br \/>\n<span style=\"vertical-align: inherit;\">Consenti la creazione di app native per il cloud e modernizza le app tradizionali utilizzando contenitori e microservizi. Consenti a sviluppatori e professionisti IT di creare app native per il cloud e di modernizzare le app tradizionali utilizzando contenitori e microservizi.<\/span><\/p>\n<p><span style=\"vertical-align: inherit;\">Amministrazione semplice <\/span><br \/>\n<span style=\"vertical-align: inherit;\">Utilizza Windows Admin Center per gestire server, cluster, infrastruttura iperconvergente e PC Windows 10 con un&#8217;app basata su browser.<\/span><\/p>\n<p><span style=\"vertical-align: inherit;\">Operazioni Linux migliorate <\/span><br \/>\n<span style=\"vertical-align: inherit;\">Esegui contenitori Linux e Windows fianco a fianco. Windows Server 2019 riduce la complessit\u00e0 consentendo agli sviluppatori di utilizzare strumenti standard come Open SSH, Curl e Tar.<\/span><\/p>\n<p><span style=\"vertical-align: inherit;\">Per ulteriori dettagli, consultare il\u00a0 <\/span><a href=\"https:\/\/www.microsoft.com\/en-us\/evalcenter\/evaluate-windows-server-2019?filetype=ISO\" target=\"_blank\" rel=\"noopener\"><span style=\"vertical-align: inherit;\">sito Web<\/span><\/a><span style=\"vertical-align: inherit;\"> di Windows Server .<\/span><\/p>\n<h4><\/h4>","protected":false},"excerpt":{"rendered":"<p>Windows Server 2019 Essentials pu\u00f2 funzionare solo per Windows, non per Mac! La chiave verr\u00e0 inviata tramite e-mail. Controlla anche<\/p>","protected":false},"featured_media":16919,"comment_status":"open","ping_status":"open","template":"","meta":{"iawp_total_views":1},"pwb-brand":[100],"product_brand":[126],"product_cat":[102],"product_tag":[],"class_list":{"0":"post-16918","1":"product","2":"type-product","3":"status-publish","4":"has-post-thumbnail","6":"pwb-brand-microsoft","7":"product_brand-microsoft","8":"product_cat-windows-servers","10":"first","11":"instock","12":"shipping-taxable","13":"purchasable","14":"product-type-simple"},"brands":[{"id":100,"name":"Microsoft","slug":"microsoft"}],"_links":{"self":[{"href":"https:\/\/keyease.net\/it\/wp-json\/wp\/v2\/product\/16918","targetHints":{"allow":["GET"]}}],"collection":[{"href":"https:\/\/keyease.net\/it\/wp-json\/wp\/v2\/product"}],"about":[{"href":"https:\/\/keyease.net\/it\/wp-json\/wp\/v2\/types\/product"}],"replies":[{"embeddable":true,"href":"https:\/\/keyease.net\/it\/wp-json\/wp\/v2\/comments?post=16918"}],"version-history":[{"count":1,"href":"https:\/\/keyease.net\/it\/wp-json\/wp\/v2\/product\/16918\/revisions"}],"predecessor-version":[{"id":17594,"href":"https:\/\/keyease.net\/it\/wp-json\/wp\/v2\/product\/16918\/revisions\/17594"}],"wp:featuredmedia":[{"embeddable":true,"href":"https:\/\/keyease.net\/it\/wp-json\/wp\/v2\/media\/16919"}],"wp:attachment":[{"href":"https:\/\/keyease.net\/it\/wp-json\/wp\/v2\/media?parent=16918"}],"wp:term":[{"taxonomy":"pwb-brand","embeddable":true,"href":"https:\/\/keyease.net\/it\/wp-json\/wp\/v2\/pwb-brand?post=16918"},{"taxonomy":"product_brand","embeddable":true,"href":"https:\/\/keyease.net\/it\/wp-json\/wp\/v2\/product_brand?post=16918"},{"taxonomy":"product_cat","embeddable":true,"href":"https:\/\/keyease.net\/it\/wp-json\/wp\/v2\/product_cat?post=16918"},{"taxonomy":"product_tag","embeddable":true,"href":"https:\/\/keyease.net\/it\/wp-json\/wp\/v2\/product_tag?post=16918"}],"curies":[{"name":"wp","href":"https:\/\/api.w.org\/{rel}","templated":true}]}}