{"id":10671,"date":"2023-12-15T00:29:08","date_gmt":"2023-12-15T00:29:08","guid":{"rendered":"https:\/\/keyease.net\/?post_type=product&#038;p=10671"},"modified":"2026-04-17T09:17:21","modified_gmt":"2026-04-17T09:17:21","slug":"microsoft-office-2021-home-and-business-windows-licenza-a-vita","status":"publish","type":"product","link":"https:\/\/keyease.net\/it\/product\/microsoft-office-2021-home-and-business-windows-licenza-a-vita\/","title":{"rendered":"MICROSOFT OFFICE 2021 HOME &amp; BUSINESS (WINDOWS) &#8211; Licenza a vita"},"content":{"rendered":"<h2>Office 2021 Home and Business<\/h2>\n<p>OfficeSuite Home &amp; Business \u00e8 la soluzione semplice, intuitiva e conveniente che garantisce produttivit\u00e0 a tempo indeterminato. Approfitta di 5 app ricche di funzionalit\u00e0 per lavorare con documenti, fogli di calcolo, presentazioni, PDF e posta, oltre a un&#x27;integrazione cloud avanzata e un calendario degli eventi.<\/p>\n<p>\u00a0<\/p>\n<p>Soprattutto, tutto questo ti viene offerto con l&#x27;acquisto una tantum di una licenza di accesso completo senza alcuna data di scadenza, senza costi nascosti aggiuntivi, senza funzionalit\u00e0 limitate e senza costi di abbonamento annuali!<\/p>\n<p>\u00a0<\/p>\n<h3>Documenti, fogli di calcolo, presentazioni ed e-mail<\/h3>\n<p>\u2022 Moduli ricchi di strumenti utili per gestire qualsiasi attivit\u00e0.<\/p>\n<p>\u2022 Tutte le funzionalit\u00e0 avanzate necessarie: copia formato, revisioni, formattazione condizionale, formule, modalit\u00e0 di presentazione, calendario eventi, rubrica e-mail e molto altro.<\/p>\n<p>\u2022 Un\u2019interfaccia familiare per iniziare a lavorare fin da subito.<\/p>\n<p>\u2022 Esporta documenti Word, Excel o PowerPoint in PDF.<\/p>\n<p>\u2022 Opzioni di sicurezza avanzate.<\/p>\n<p>\u00a0<\/p>\n<h3>Gestione avanzata dei PDF<\/h3>\n<p>\u2022 Apri, visualizza e annota i PDF.<\/p>\n<p>\u2022 Lavora con moduli compilabili.<\/p>\n<p>\u2022 Firma digitalmente i documenti PDF.<\/p>\n<p>\u2022 Ottieni una gestione avanzata della sicurezza e delle autorizzazioni.<\/p>\n<p>\u00a0<\/p>\n<h3><strong>Produttivit\u00e0 senza confini, indipendentemente dalla sede, dal dispositivo o dal formato dei file<\/strong><\/h3>\n<p>\u2022 Archiviazione cloud integrata per un facile accesso ai file: ottieni 5 GB sul nostro cloud MobiDrive o collega i tuoi account Google Drive, OneDrive, Box o Dropbox gi\u00e0 esistenti.<\/p>\n<p>\u2022 Integrazione desktop di MobiDrive per una sincronizzazione senza interruzioni dei file locali con il cloud e viceversa.<\/p>\n<p>\u2022 Compatibilit\u00e0 con i formati di file pi\u00f9 comuni: Microsoft, OpenOffice, iWork di Apple e centinaia di altri.<\/p>\n<p>\u2022 L\u2019interfaccia familiare e intuitiva che conosci e ami.<\/p>\n<h3><strong>Requisiti minimi per utilizzare Office 2021<\/strong><\/h3>\n<ul>\n<li>Processore dual-core, 1,6 GHz o superiore<\/li>\n<li>2,0 GHz + per Skype for Business<\/li>\n<li>4 GB di RAM per sistemi a 64 bit; 2 GB di RAM per sistemi a 32 bit<\/li>\n<li>4,0 GB di spazio libero su disco<\/li>\n<li>Risoluzione dello schermo 1280 x 768 o superiore<\/li>\n<li>Windows 10, Windows Server 2019<\/li>\n<li>Richiede DirectX 9 o superiore, con WDDM 2.0 o superiore per Windows 10<\/li>\n<li>Non \u00e8 richiesto l&#x27;accesso a Internet. Attivazione: via Internet o telefono, e KMS o MAK per le aziende.<\/li>\n<\/ul>\n<p><strong>N.B.<\/strong> Compatibile con Windows 11 e Windows 10<\/p>\n<p>\u00a0<\/p>","protected":false},"excerpt":{"rendered":"<p>Office 2021 Home and Business OfficeSuite Home &amp; Business \u00e8 la soluzione semplice, intuitiva e conveniente che garantisce produttivit\u00e0 a<\/p>","protected":false},"featured_media":16887,"comment_status":"closed","ping_status":"closed","template":"","meta":{"iawp_total_views":3},"pwb-brand":[100],"product_brand":[],"product_cat":[99],"product_tag":[],"class_list":{"0":"post-10671","1":"product","2":"type-product","3":"status-publish","4":"has-post-thumbnail","6":"pwb-brand-microsoft","7":"product_cat-microsoft-office","9":"first","10":"instock","11":"shipping-taxable","12":"purchasable","13":"product-type-simple"},"brands":[{"id":100,"name":"Microsoft","slug":"microsoft"}],"_links":{"self":[{"href":"https:\/\/keyease.net\/it\/wp-json\/wp\/v2\/product\/10671","targetHints":{"allow":["GET"]}}],"collection":[{"href":"https:\/\/keyease.net\/it\/wp-json\/wp\/v2\/product"}],"about":[{"href":"https:\/\/keyease.net\/it\/wp-json\/wp\/v2\/types\/product"}],"replies":[{"embeddable":true,"href":"https:\/\/keyease.net\/it\/wp-json\/wp\/v2\/comments?post=10671"}],"version-history":[{"count":7,"href":"https:\/\/keyease.net\/it\/wp-json\/wp\/v2\/product\/10671\/revisions"}],"predecessor-version":[{"id":17422,"href":"https:\/\/keyease.net\/it\/wp-json\/wp\/v2\/product\/10671\/revisions\/17422"}],"wp:featuredmedia":[{"embeddable":true,"href":"https:\/\/keyease.net\/it\/wp-json\/wp\/v2\/media\/16887"}],"wp:attachment":[{"href":"https:\/\/keyease.net\/it\/wp-json\/wp\/v2\/media?parent=10671"}],"wp:term":[{"taxonomy":"pwb-brand","embeddable":true,"href":"https:\/\/keyease.net\/it\/wp-json\/wp\/v2\/pwb-brand?post=10671"},{"taxonomy":"product_brand","embeddable":true,"href":"https:\/\/keyease.net\/it\/wp-json\/wp\/v2\/product_brand?post=10671"},{"taxonomy":"product_cat","embeddable":true,"href":"https:\/\/keyease.net\/it\/wp-json\/wp\/v2\/product_cat?post=10671"},{"taxonomy":"product_tag","embeddable":true,"href":"https:\/\/keyease.net\/it\/wp-json\/wp\/v2\/product_tag?post=10671"}],"curies":[{"name":"wp","href":"https:\/\/api.w.org\/{rel}","templated":true}]}}