{"id":10607,"date":"2023-12-14T15:29:01","date_gmt":"2023-12-14T15:29:01","guid":{"rendered":"https:\/\/keyease.net\/?post_type=product&#038;p=10607"},"modified":"2026-04-17T09:17:19","modified_gmt":"2026-04-17T09:17:19","slug":"windows-10-professional-20-pc-licenza-a-vita","status":"publish","type":"product","link":"https:\/\/keyease.net\/it\/product\/windows-10-professional-20-pc-licenza-a-vita\/","title":{"rendered":"Windows 10 Professional &#8211; 20 PC &#8211; Licenza a vita"},"content":{"rendered":"<p>Microsoft Windows 10 Pro \u00e8 il nuovo sistema operativo destinato alle aziende e ai professionisti, compatibile non solo con i dispositivi tradizionali come PC, computer fissi o portatili, ma anche con i moderni tablet. In questo modo Microsoft offre una piattaforma completa con tutte le funzionalit\u00e0 necessarie per garantire condizioni di lavoro ottimali agli utenti professionali.<\/p>\n<p>Il nuovo Microsoft Windows 10 Pro offre agli utenti pi\u00f9 esperti e alle aziende un supporto ottimale per lavorare al computer. Cos\u00ec come le precedenti versioni \u201cPro\u201d, l\u00b4interfaccia utente \u00e8 moderna e user-friendly e il sistema adatta le sue propriet\u00e0 a qualsiasi dispositivo. I requisiti di sistema sono praticamente uguali a quelli delle versioni 7 e 8.1, rendendo Microsoft Windows 10 Pro adatto anche a supporti pi\u00f9 datati, condizione particolarmente importante per le aziende.<\/p>\n<p>Le nuove funzionalit\u00e0 del sistema operativo Windows 10 Pro<\/p>\n<p>\u00a0<\/p>\n<p>Il sistema operativo Microsoft Windows 10 Pro offre ai suoi utenti le cosiddette &quot;funzioni business&quot;, come l&#x27;accesso ai domini, la gestione dei criteri di gruppo, BitLocker, la modalit\u00e0 Enterprise per Internet Explorer EMIE, Remote Desktop, un accesso dedicato 8.1 e un Client Hyper-V. Win 10 Pro contiene inoltre, oltre alle funzioni professionali, nuove funzionalit\u00e0 e programmi, quali:<\/p>\n<p>\u00a0<\/p>\n<p>Cortana: Assistente vocale di sistema<\/p>\n<p>Microsoft Edge: Il nuovo browser che sostituisce il classico Internet Explorer<\/p>\n<p>Riconoscimento facciale e delle impronte digitali (per i dispositivi predisposti)<\/p>\n<p>Continuum: Modalit\u00e0 Tablet per i dispositivi Touch-Screen<\/p>\n<p>Windows Holographic: piattaforma applicativa per lenti olografiche associate al sistema (realt\u00e0 estesa)<\/p>\n<p>I noti programmi di produttivit\u00e0 come quelli per la posta elettronica, il calendario, ecc. e i programmi per musica, video e foto sono inclusi in Microsoft Windows 10 Pro, cos\u00ec come il nuovo DirectX 12 che ottimizza al meglio la grafica del sistema operativo. Inoltre, Win 10 Pro usufruisce del servizio online \u201cCloud Azure Active\u201d che, previa un&#x27;unica registrazione, permette l&#x27;accesso a numerose applicazioni in \u201cCloud SaaS\u201d come DropBox, Office 365 e Concur.<\/p>\n<p>Novit\u00e0 nelle funzioni di Microsoft Windows 10 Pro<\/p>\n<p>\u00a0<\/p>\n<p>Cos\u00ec come in Windows 10 Home, anche Windows 10 Pro presenta un menu di avvio rinnovato in stile Metro. Le \u201ctessere\u201d possono essere personalizzate nei colori e nei contenuti ed \u00e8 possibile creare desktop virtuali per diversi usi. Con Microsoft Windows 10 Pro \u00e8 possibile accedere al Business Store di Microsoft.<\/p>\n<p>Sicurezza e privacy<\/p>\n<p>\u00a0<\/p>\n<p>In tema di sicurezza, Microsoft Windows 10 Home supporta lo standard 2.0 della FIDO Alliance per le autenticazioni su Internet. In dotazione al riconoscimento biometrico c&#x27;\u00e8 \u201cMicrosoft Hello\u201d, che permette l&#x27;identificazione senza l&#x27;utilizzo di alcuna password. Per quanto riguarda la protezione dei dati, Microsoft Windows 10 Home include l&#x27;Enterprise Data Protection per la gestione dei dati attraverso diverse piattaforme.<\/p>\n<p>\u00a0<\/p>\n<p>Il supporto informatico professionale di Windows 10 Pro<\/p>\n<p>In futuro non verranno pubblicate nuove versioni di Windows. Pertanto, Microsoft, oltre a ottimizzare questo ultimo sistema operativo e a risolvere eventuali \u201cbug\u201d, nei suoi servizi per Windows rilascer\u00e0 aggiornamenti che includeranno nuove funzionalit\u00e0 e caratteristiche. Windows 10 verr\u00e0 quindi costantemente ampliato e migliorato.<\/p>\n<p>\u00a0<\/p>\n<p>WINDOWS 10 PRO &#8211; REQUISITI DI SISTEMA<\/p>\n<p>Piattaforma<\/p>\n<p>Windows<\/p>\n<p>Sistemi operativi supportati<\/p>\n<p>Windows 10<\/p>\n<p>Processore<\/p>\n<p>\u00a0<\/p>\n<p>Processore o SoC da almeno 1 GHz<\/p>\n<p>RAM<\/p>\n<p>1 GB per 32-bit oppure 2 GB per 64-bit<\/p>\n<p>Disco rigido<\/p>\n<p>16 GB per 32-bit oppure 20 GB per 64-bit<\/p>\n<p>Scheda grafica<\/p>\n<p>DirectX 9 con driver WDDM 1.0 o superiore<\/p>","protected":false},"excerpt":{"rendered":"<p>Microsoft Windows 10 Pro \u00e8 il nuovo sistema operativo destinato alle aziende e ai professionisti, compatibile non solo con i<\/p>","protected":false},"featured_media":16858,"comment_status":"closed","ping_status":"closed","template":"","meta":{"iawp_total_views":6},"pwb-brand":[100],"product_brand":[],"product_cat":[101],"product_tag":[],"class_list":{"0":"post-10607","1":"product","2":"type-product","3":"status-publish","4":"has-post-thumbnail","6":"pwb-brand-microsoft","7":"product_cat-operating-system","9":"first","10":"instock","11":"shipping-taxable","12":"purchasable","13":"product-type-simple"},"brands":[{"id":100,"name":"Microsoft","slug":"microsoft"}],"_links":{"self":[{"href":"https:\/\/keyease.net\/it\/wp-json\/wp\/v2\/product\/10607","targetHints":{"allow":["GET"]}}],"collection":[{"href":"https:\/\/keyease.net\/it\/wp-json\/wp\/v2\/product"}],"about":[{"href":"https:\/\/keyease.net\/it\/wp-json\/wp\/v2\/types\/product"}],"replies":[{"embeddable":true,"href":"https:\/\/keyease.net\/it\/wp-json\/wp\/v2\/comments?post=10607"}],"version-history":[{"count":4,"href":"https:\/\/keyease.net\/it\/wp-json\/wp\/v2\/product\/10607\/revisions"}],"predecessor-version":[{"id":17474,"href":"https:\/\/keyease.net\/it\/wp-json\/wp\/v2\/product\/10607\/revisions\/17474"}],"wp:featuredmedia":[{"embeddable":true,"href":"https:\/\/keyease.net\/it\/wp-json\/wp\/v2\/media\/16858"}],"wp:attachment":[{"href":"https:\/\/keyease.net\/it\/wp-json\/wp\/v2\/media?parent=10607"}],"wp:term":[{"taxonomy":"pwb-brand","embeddable":true,"href":"https:\/\/keyease.net\/it\/wp-json\/wp\/v2\/pwb-brand?post=10607"},{"taxonomy":"product_brand","embeddable":true,"href":"https:\/\/keyease.net\/it\/wp-json\/wp\/v2\/product_brand?post=10607"},{"taxonomy":"product_cat","embeddable":true,"href":"https:\/\/keyease.net\/it\/wp-json\/wp\/v2\/product_cat?post=10607"},{"taxonomy":"product_tag","embeddable":true,"href":"https:\/\/keyease.net\/it\/wp-json\/wp\/v2\/product_tag?post=10607"}],"curies":[{"name":"wp","href":"https:\/\/api.w.org\/{rel}","templated":true}]}}