{"id":12,"date":"2024-03-15T14:03:30","date_gmt":"2024-03-15T14:03:30","guid":{"rendered":"https:\/\/keyease.net\/?page_id=12"},"modified":"2026-04-15T14:14:55","modified_gmt":"2026-04-15T14:14:55","slug":"refund-and-returns","status":"publish","type":"page","link":"https:\/\/keyease.net\/it\/refund-and-returns\/","title":{"rendered":"Rimborsi e resi"},"content":{"rendered":"[2026-04-15 14:14:52]   \u26a0 Translation failed for snippet: \n<p>Grazie per aver acquistato su\u00a0<stro...\n\n<p>Grazie per aver acquistato su\u00a0<strong>nextcloudteam<\/strong>.<\/p>\n\n\n\n<p>I seguenti termini sono applicabili a tutti i prodotti acquistati con noi.<\/p>\n\n\n\n<p>Interpretazione e definizioni<br>Interpretazione<br>Le parole la cui lettera iniziale \u00e8 maiuscola hanno significati definiti alle seguenti condizioni.&nbsp;Le seguenti definizioni avranno lo stesso significato indipendentemente dal fatto che appaiano al singolare o al plurale.<\/p>\n\n\n\n<p>Definizioni<br>Ai fini della presente Politica di restituzione e rimborso:<\/p>\n\n\n\n<p>Societ\u00e0 (denominata \u201cla Societ\u00e0\u201d, \u201cNoi\u201d, \u201cNoi\u201d o \u201cNostro\u201d nel presente Contratto) si riferisce a\u00a0nextcloudteam .<br>I Beni si riferiscono agli articoli offerti in vendita sul Servizio.<br>Per ordini si intende una richiesta da parte tua di acquistare Beni da noi.<br>Il servizio si riferisce al sito web.<br>Il sito web fa riferimento a\u00a0<strong>nextcloudteam<\/strong>\u00a0, accessibile da https:\/\/keyease.net<br>Per te si intende l\u2019individuo che accede o utilizza il Servizio, o la societ\u00e0 o altra entit\u00e0 legale per conto della quale tale individuo accede o utilizza il Servizio, a seconda dei casi.<br>Diritti di annullamento del tuo ordine<br>Hai il diritto di annullare il tuo ordine entro 60 giorni senza fornire alcuna motivazione.<\/p>\n\n\n\n<p>Il termine per annullare un Ordine \u00e8 di 60 giorni dalla data in cui hai ricevuto la Merce o in cui un terzo da te nominato, che non \u00e8 il corriere, prende possesso del prodotto consegnato.<\/p>\n\n\n\n<p>Per esercitare il tuo diritto di recesso, devi informarci della tua decisione mediante una dichiarazione chiara.&nbsp;Puoi informarci della tua decisione tramite:<\/p>\n\n\n\n<p>Via email:\u00a0<strong><a href=\"mailto:sales@digitalmsdeals.com\">sales@nextcloudteam.com<\/a><\/strong><br>Ti rimborseremo entro e non oltre 14 giorni dal giorno in cui riceviamo la Merce restituita.\u00a0Utilizzeremo gli stessi mezzi di pagamento da te utilizzati per l\u2019Ordine e non dovrai sostenere alcun costo per tale rimborso.<\/p>\n\n\n\n<p>Condizioni per la restituzione<br>Affinch\u00e9 la Merce possa beneficiare di una restituzione, assicurati che:<\/p>\n\n\n\n<p>La merce \u00e8 stata acquistata negli ultimi 7 giorni<br>La merce \u00e8 nella confezione originale<br>La merce seguente non pu\u00f2 essere restituita:<\/p>\n\n\n\n<p>La fornitura di Beni confezionati su Vostre specifiche o chiaramente personalizzati.<br>La fornitura di Beni che per loro natura non si prestano ad essere restituiti, si deteriorano rapidamente o superano la data di scadenza.<br>La fornitura di Beni che non si prestano ad essere restituiti per motivi di tutela della salute o di igiene e sono stati aperti dopo la consegna.<br>La fornitura di Beni che risultano, dopo la consegna, per loro natura, inscindibilmente mescolati con altri beni.<br>Ci riserviamo il diritto di rifiutare la restituzione di qualsiasi merce che non soddisfi le condizioni di restituzione di cui sopra a nostra esclusiva discrezione.<\/p>\n\n\n\n<p>Possono essere rimborsate solo le Merci a prezzo normale.<\/p>\n\n\n\n<p>Restituzione della merce<br>Nessun costo per la restituzione della merce, puoi rispedirla via e-mail e copriremo le spese<\/p>\n","protected":false},"excerpt":{"rendered":"<p>[2026-04-15 14:14:52] \u26a0 Translation failed for snippet: Grazie per aver acquistato su\u00a0<\/p>\n","protected":false},"author":1,"featured_media":0,"parent":0,"menu_order":0,"comment_status":"closed","ping_status":"closed","template":"","meta":{"iawp_total_views":5,"footnotes":""},"class_list":["post-12","page","type-page","status-publish","hentry"],"_links":{"self":[{"href":"https:\/\/keyease.net\/it\/wp-json\/wp\/v2\/pages\/12","targetHints":{"allow":["GET"]}}],"collection":[{"href":"https:\/\/keyease.net\/it\/wp-json\/wp\/v2\/pages"}],"about":[{"href":"https:\/\/keyease.net\/it\/wp-json\/wp\/v2\/types\/page"}],"author":[{"embeddable":true,"href":"https:\/\/keyease.net\/it\/wp-json\/wp\/v2\/users\/1"}],"replies":[{"embeddable":true,"href":"https:\/\/keyease.net\/it\/wp-json\/wp\/v2\/comments?post=12"}],"version-history":[{"count":5,"href":"https:\/\/keyease.net\/it\/wp-json\/wp\/v2\/pages\/12\/revisions"}],"predecessor-version":[{"id":17236,"href":"https:\/\/keyease.net\/it\/wp-json\/wp\/v2\/pages\/12\/revisions\/17236"}],"wp:attachment":[{"href":"https:\/\/keyease.net\/it\/wp-json\/wp\/v2\/media?parent=12"}],"curies":[{"name":"wp","href":"https:\/\/api.w.org\/{rel}","templated":true}]}}