{"id":9906,"date":"2023-11-30T13:45:25","date_gmt":"2023-11-30T13:45:25","guid":{"rendered":"https:\/\/keyease.net\/?post_type=product&#038;p=9906"},"modified":"2026-04-17T09:17:19","modified_gmt":"2026-04-17T09:17:19","slug":"visio-professional-2019-activation-key-pc-licenza-a-vita","status":"publish","type":"product","link":"https:\/\/keyease.net\/en_us\/product\/visio-professional-2019-activation-key-pc-licenza-a-vita\/","title":{"rendered":"CODICE DI ATTIVAZIONE DI VISIO PROFESSIONAL 2019 (PC) &#8211; Licenza a vita"},"content":{"rendered":"<h2><strong><span style=\"vertical-align: inherit;\">Codice prodotto Microsoft Visio Pro 2019<\/span><\/strong><\/h2>\n<div id=\"mainRegion2\" data-m=\"{&quot;cN&quot;:&quot;mainRegion2&quot;,&quot;cT&quot;:&quot;Region_coreui-region&quot;,&quot;id&quot;:&quot;r3a2&quot;,&quot;sN&quot;:3,&quot;aN&quot;:&quot;a2&quot;}\" data-grid=\"container\" data-region-key=\"mainregion2\">\n<div id=\"Feature8\" class=\"m-feature\" data-module-id=\"PDP|mainRegion2|mainRegion2|Feature8|coreui-feature\" data-grid=\"col-12\" data-m=\"{&quot;cN&quot;:&quot;Feature8&quot;,&quot;cT&quot;:&quot;Module_coreui-feature&quot;,&quot;id&quot;:&quot;m6r3a2&quot;,&quot;sN&quot;:6,&quot;aN&quot;:&quot;r3a2&quot;}\">\n<section class=\"c-feature f-align-right\" role=\"presentation\">\n<div class=\"c-paragraph\">\n<p><span style=\"vertical-align: inherit;\">Microsoft Visio Professional 2019, per creare diagrammi professionali con collegamento ai dati in pochi clic. I contesti complessi possono essere presentati in modo chiaro. Modifica i diagrammi insieme al tuo team aumentando la produttivit\u00e0. Visio Pro, rispetto alla versione Standard, offre funzionalit\u00e0 pi\u00f9 avanzate. Il programma di visualizzazione \u00e8 perfettamente adatto all&#x27;uso aziendale. I manager e i team di progetto possono creare vari diagrammi multifunzionali pi\u00f9 facilmente che mai utilizzando  <\/span><a href=\"https:\/\/www.microsoft.com\/\"><span style=\"vertical-align: inherit;\">MS<\/span><\/a><span style=\"vertical-align: inherit;\">  Visio 2019 Pro. L&#x27;interfaccia simile a Office consente un utilizzo intuitivo del software, comprese le funzionalit\u00e0 gi\u00e0 note di <a href=\"https:\/\/digitalmsdeals.com\/product\/microsoft-office-2019-pro-plus-windows-licenza-a-vita\/\">Office 2019<\/a> come ad esempio l&#x27;assistente di ricerca &quot;Dimmi&quot; e i &quot;Temi neri&quot; per lavorare in modo ideale senza affaticare gli occhi.<\/span><\/p>\n<h3><strong><span style=\"vertical-align: inherit;\">Funzioni avanzate\u00a0<\/span><\/strong><\/h3>\n<p><span style=\"vertical-align: inherit;\">MS Visio Professional 2019 dispone di tutte le funzionalit\u00e0 di Visio Standard 2019 per la creazione semplice e veloce di diagrammi e offre inoltre le seguenti funzionalit\u00e0 avanzate:<\/span><\/p>\n<ul>\n<li><span style=\"vertical-align: inherit;\">Ampia raccolta di forme, modelli e stili aggiornati per lavorare al meglio.<\/span><\/li>\n<li><span style=\"vertical-align: inherit;\">Crea facilmente diagrammi professionali con i modelli integrati, inclusi diagrammi aziendali, diagrammi di processo, diagrammi IT, diagrammi tecnici, planimetrie del piano terra, layout e disegni.<\/span><\/li>\n<li><span style=\"vertical-align: inherit;\">Il lavoro di squadra \u00e8 sempre pi\u00f9 supportato per evitare sovrapposizioni.<\/span><\/li>\n<li><span style=\"vertical-align: inherit;\">I diagrammi possono essere collegati direttamente ai database in Excel, Active Directory e SharePoint.<\/span><\/li>\n<li><span style=\"vertical-align: inherit;\">Attivando l&#x27;Information Rights Management puoi prevenire l&#x27;uso improprio delle informazioni riservate, tutelando cos\u00ec la tua azienda.<\/span><\/li>\n<li><span style=\"vertical-align: inherit;\">Documenta i processi con la notazione standard che preferisci per migliorarli costantemente.<\/span><\/li>\n<\/ul>\n<h3><strong><span style=\"vertical-align: inherit;\">Crea diagrammi professionali con pochi clic<\/span><\/strong><\/h3>\n<p><span style=\"vertical-align: inherit;\">Con MS Visio Professional 2019 puoi creare diagrammi grafici anche complessi in pochissimo tempo. Un&#x27;ampia scelta di modelli e forme ti consente di avere a disposizione il diagramma giusto per iniziare a lavorare immediatamente. Si concentra sugli standard del settore, come BPMN 2.0, UML 2.4, IEEE e Windows Workflow 4.0.<\/span><\/p>\n<p><span style=\"vertical-align: inherit;\">I grafici aziendali, come le linee temporali, i grafici pivot e gli organigrammi, vengono creati rapidamente quanto i diagrammi di processo, i grafici IT, i diagrammi di software e database, i diagrammi tecnici o le mappe e le planimetrie, come le piante di siti e aree, i layout e i disegni. Un assistente intelligente crea automaticamente per te, ad esempio, organigrammi dai dati esistenti in MS Visio Pro 2019 e fa avanzare il tuo lavoro molto pi\u00f9 velocemente.<\/span><\/p>\n<h3><strong><span style=\"vertical-align: inherit;\">Acquista il codice prodotto Microsoft Visio Pro 2019<\/span><\/strong><\/h3>\n<p><span style=\"vertical-align: inherit;\">Microsoft Visio 2019 Professional, con le sue funzionalit\u00e0 avanzate, garantisce l&#x27;ottimizzazione dei processi. Ti aiuta a definire e migliorare la tua attivit\u00e0 in modo semplice ed efficiente. \u00c8 possibile creare fasi del processo e impostare regole di convalida per la revisione dei diagrammi. Con oltre 20 modelli di processo, Visio Professional 2019 offre una soluzione completa per un&#x27;ampia gamma di tipi di processo, tra cui BPMN 2.0, flusso di lavoro SharePoint, mappatura del flusso di lavoro ed EPC, quindi acquista il codice Product Key di Microsoft Visio Pro 2019.<\/span><\/p>\n<p><span style=\"vertical-align: inherit;\">Grazie ai dati collegati integrati \u00e8 possibile elaborare rapidamente grandi quantit\u00e0 di dati nei diagrammi. Consente di collegare le forme a diverse origini dati, come Microsoft Excel, Active Directory, Microsoft SQL Azure, Microsoft SQL Server, elenchi di Microsoft SharePoint e servizi di connettivit\u00e0 aziendale. In questo modo fornisci sempre visualizzazioni aggiornate dei tuoi dati.<\/span><\/p>\n<h3><strong><span style=\"vertical-align: inherit;\">Il lavoro di squadra \u00e8 il punto chiave<\/span><\/strong><\/h3>\n<p><span style=\"vertical-align: inherit;\">Puoi collaborare in team sui diagrammi senza doverti preoccupare della corrispondenza delle versioni. Tramite Visio o un browser \u00e8 possibile apportare direttamente modifiche o pubblicare commenti. La chat audio o video \u00e8 disponibile anche direttamente dal programma, se vengono soddisfatte le condizioni necessarie (\u00e8 richiesto Skype for Business o Microsoft Lync).<\/span><\/p>\n<p>\u00a0<\/p>\n<\/div>\n<\/section>\n<\/div>\n<\/div>\n","protected":false},"excerpt":{"rendered":"<p>Codice prodotto Microsoft Visio Pro 2019 Microsoft Visio Professional 2019, per creare diagrammi professionali con collegamento ai dati in pochi<\/p>\n","protected":false},"featured_media":16836,"comment_status":"closed","ping_status":"closed","template":"","meta":{"iawp_total_views":1},"pwb-brand":[100],"product_brand":[],"product_cat":[99],"product_tag":[],"class_list":{"0":"post-9906","1":"product","2":"type-product","3":"status-publish","4":"has-post-thumbnail","6":"pwb-brand-microsoft","7":"product_cat-microsoft-office","9":"first","10":"instock","11":"shipping-taxable","12":"purchasable","13":"product-type-simple"},"brands":[{"id":100,"name":"Microsoft","slug":"microsoft"}],"_links":{"self":[{"href":"https:\/\/keyease.net\/en_us\/wp-json\/wp\/v2\/product\/9906","targetHints":{"allow":["GET"]}}],"collection":[{"href":"https:\/\/keyease.net\/en_us\/wp-json\/wp\/v2\/product"}],"about":[{"href":"https:\/\/keyease.net\/en_us\/wp-json\/wp\/v2\/types\/product"}],"replies":[{"embeddable":true,"href":"https:\/\/keyease.net\/en_us\/wp-json\/wp\/v2\/comments?post=9906"}],"version-history":[{"count":7,"href":"https:\/\/keyease.net\/en_us\/wp-json\/wp\/v2\/product\/9906\/revisions"}],"predecessor-version":[{"id":17521,"href":"https:\/\/keyease.net\/en_us\/wp-json\/wp\/v2\/product\/9906\/revisions\/17521"}],"wp:featuredmedia":[{"embeddable":true,"href":"https:\/\/keyease.net\/en_us\/wp-json\/wp\/v2\/media\/16836"}],"wp:attachment":[{"href":"https:\/\/keyease.net\/en_us\/wp-json\/wp\/v2\/media?parent=9906"}],"wp:term":[{"taxonomy":"pwb-brand","embeddable":true,"href":"https:\/\/keyease.net\/en_us\/wp-json\/wp\/v2\/pwb-brand?post=9906"},{"taxonomy":"product_brand","embeddable":true,"href":"https:\/\/keyease.net\/en_us\/wp-json\/wp\/v2\/product_brand?post=9906"},{"taxonomy":"product_cat","embeddable":true,"href":"https:\/\/keyease.net\/en_us\/wp-json\/wp\/v2\/product_cat?post=9906"},{"taxonomy":"product_tag","embeddable":true,"href":"https:\/\/keyease.net\/en_us\/wp-json\/wp\/v2\/product_tag?post=9906"}],"curies":[{"name":"wp","href":"https:\/\/api.w.org\/{rel}","templated":true}]}}