{"id":9903,"date":"2023-11-30T13:42:20","date_gmt":"2023-11-30T13:42:20","guid":{"rendered":"https:\/\/keyease.net\/?post_type=product&#038;p=9903"},"modified":"2026-04-17T09:17:19","modified_gmt":"2026-04-17T09:17:19","slug":"visio-professional-2021-activation-key-pc-licenza-a-vita","status":"publish","type":"product","link":"https:\/\/keyease.net\/en_us\/product\/visio-professional-2021-activation-key-pc-licenza-a-vita\/","title":{"rendered":"CODICE DI ATTIVAZIONE DI VISIO PROFESSIONAL 2021 \u2013 (PC) &#8211; Licenza a vita"},"content":{"rendered":"<div class=\"description-container__content\">\n<div class=\"description-container__content\">\n<h2>CODICE DI ATTIVAZIONE VISIO PROFESSIONAL 2021 \u2013 (PC) &#8211; Licenza a vita<\/h2>\n<p><span style=\"vertical-align: inherit;\">rende pi\u00f9 semplice che mai per singoli e team la creazione e la condivisione di diagrammi professionali e versatili che semplificano informazioni complesse. Visio include forme, modelli e stili aggiornati; un supporto migliorato per la collaborazione in team, inclusa la possibilit\u00e0 per pi\u00f9 persone di lavorare su un singolo diagramma contemporaneamente; e la capacit\u00e0 di collegare istantaneamente i diagrammi ai dati, aiutando anche a prevenire la fuga di informazioni grazie alla gestione dei diritti sulle informazioni.<\/span><\/p>\n<h3><span style=\"vertical-align: inherit;\">Caratteristiche:<\/span><\/h3>\n<ul>\n<li><strong><span style=\"vertical-align: inherit;\">Nuovi stencil e forme di Azure<\/span><\/strong>\n<p><span style=\"vertical-align: inherit;\"> Sono stati aggiunti molti altri stencil per aiutarti a creare diagrammi di Azure aggiornati. \u00c8 possibile utilizzare questi nuovi stencil per creare diagrammi di Azure per topologie di rete, configurazioni di macchine virtuali, operazioni e altro ancora.<\/span><\/li>\n<li><strong><span style=\"vertical-align: inherit;\">Nuovi stencil e forme AWS<\/span><\/strong><br \/>\n<span style=\"vertical-align: inherit;\">Abbiamo reso disponibili forme di infrastruttura di un altro importante fornitore di servizi cloud: Amazon Web Services (AWS). Ora puoi utilizzare gli stencil con le forme AWS pi\u00f9 recenti per aiutarti a creare diagrammi.<\/span><\/li>\n<li><strong><span style=\"vertical-align: inherit;\">Grafica pronta all&#x27;uso per i tuoi diagrammi<\/span><\/strong>\n<p><span style=\"vertical-align: inherit;\"> Aggiungiamo costantemente contenuti multimediali avanzati alla raccolta di contenuti creativi di Office Premium, una libreria curata di immagini stock, icone e altro che puoi aggiungere ai tuoi disegni Visio.<\/span><\/li>\n<li><strong><span style=\"vertical-align: inherit;\">Contenuti per la pianificazione del distanziamento sociale sul posto di lavoro<\/span><\/strong>\n<p><span style=\"vertical-align: inherit;\"> Molti luoghi di lavoro devono essere riprogettati per seguire le linee guida sul distanziamento sociale in vigore. Questo modello e lo stencil Workplace Social Distancing forniscono una serie di forme, modelli di riempimento e modelli di linea, sia in scala che non in scala, per facilitare questo processo.<\/span><\/li>\n<\/ul>\n<\/div>\n<p>\u00a0<\/p>\n<\/div>\n","protected":false},"excerpt":{"rendered":"<p>CODICE DI ATTIVAZIONE VISIO PROFESSIONAL 2021 \u2013 (PC) &#8211; Licenza a vita rende pi\u00f9 semplice che mai per singoli e<\/p>\n","protected":false},"featured_media":16834,"comment_status":"closed","ping_status":"closed","template":"","meta":{"iawp_total_views":2},"pwb-brand":[100],"product_brand":[],"product_cat":[99],"product_tag":[],"class_list":{"0":"post-9903","1":"product","2":"type-product","3":"status-publish","4":"has-post-thumbnail","6":"pwb-brand-microsoft","7":"product_cat-microsoft-office","9":"first","10":"instock","11":"shipping-taxable","12":"purchasable","13":"product-type-simple"},"brands":[{"id":100,"name":"Microsoft","slug":"microsoft"}],"_links":{"self":[{"href":"https:\/\/keyease.net\/en_us\/wp-json\/wp\/v2\/product\/9903","targetHints":{"allow":["GET"]}}],"collection":[{"href":"https:\/\/keyease.net\/en_us\/wp-json\/wp\/v2\/product"}],"about":[{"href":"https:\/\/keyease.net\/en_us\/wp-json\/wp\/v2\/types\/product"}],"replies":[{"embeddable":true,"href":"https:\/\/keyease.net\/en_us\/wp-json\/wp\/v2\/comments?post=9903"}],"version-history":[{"count":7,"href":"https:\/\/keyease.net\/en_us\/wp-json\/wp\/v2\/product\/9903\/revisions"}],"predecessor-version":[{"id":17523,"href":"https:\/\/keyease.net\/en_us\/wp-json\/wp\/v2\/product\/9903\/revisions\/17523"}],"wp:featuredmedia":[{"embeddable":true,"href":"https:\/\/keyease.net\/en_us\/wp-json\/wp\/v2\/media\/16834"}],"wp:attachment":[{"href":"https:\/\/keyease.net\/en_us\/wp-json\/wp\/v2\/media?parent=9903"}],"wp:term":[{"taxonomy":"pwb-brand","embeddable":true,"href":"https:\/\/keyease.net\/en_us\/wp-json\/wp\/v2\/pwb-brand?post=9903"},{"taxonomy":"product_brand","embeddable":true,"href":"https:\/\/keyease.net\/en_us\/wp-json\/wp\/v2\/product_brand?post=9903"},{"taxonomy":"product_cat","embeddable":true,"href":"https:\/\/keyease.net\/en_us\/wp-json\/wp\/v2\/product_cat?post=9903"},{"taxonomy":"product_tag","embeddable":true,"href":"https:\/\/keyease.net\/en_us\/wp-json\/wp\/v2\/product_tag?post=9903"}],"curies":[{"name":"wp","href":"https:\/\/api.w.org\/{rel}","templated":true}]}}