{"id":49,"date":"2023-11-28T21:52:16","date_gmt":"2023-11-28T21:52:16","guid":{"rendered":"https:\/\/keyease.net\/?post_type=product&#038;p=49"},"modified":"2026-04-17T09:17:18","modified_gmt":"2026-04-17T09:17:18","slug":"windows-11-home-licenza-a-vita","status":"publish","type":"product","link":"https:\/\/keyease.net\/en_us\/product\/windows-11-home-licenza-a-vita\/","title":{"rendered":"WINDOWS 11 HOME &#8211; Licenza a vita (OEM)"},"content":{"rendered":"<blockquote><p><b><span style=\"vertical-align: inherit;\">Attenzione!  <\/span><\/b><span class=\"items\"><span style=\"vertical-align: inherit;\">La chiave di attivazione di Windows <\/span><span class=\"item\"><span style=\"vertical-align: inherit;\">11 Home <\/span><\/span><\/span><span style=\"vertical-align: inherit;\"> non pu\u00f2 essere utilizzata per  <\/span><span class=\"items\"><span class=\"item\"><span style=\"vertical-align: inherit;\">l&#x27;aggiornamento a Windows 11 Home o a qualsiasi<\/span><\/span><\/span><span style=\"vertical-align: inherit;\">  altra versione!<\/span><\/p>\n<p><span style=\"vertical-align: inherit;\">Se riscontri problemi durante l&#x27;attivazione, contattaci.<\/span><\/p>\n<blockquote><p>\u00a0<\/p><\/blockquote>\n<\/blockquote>\n<p><strong style=\"color: #1b1919; font-size: 22px;\"><span style=\"vertical-align: inherit;\">Acquista <\/span><span class=\"items\"><span class=\"item\"><span style=\"vertical-align: inherit;\">la chiave di attivazione di WINDOWS 11 HOME &#8211; Licenza a vita<\/span><\/span><\/span><span style=\"vertical-align: inherit;\">!<\/span><\/strong><\/p>\n<div><\/div>\n<p><span style=\"vertical-align: inherit;\">Acquista  <\/span><strong><span style=\"vertical-align: inherit;\">Windows 11 Home<\/span><\/strong><span style=\"vertical-align: inherit;\"> da <\/span><strong><span style=\"vertical-align: inherit;\">digitalmsdeals<\/span><\/strong><span style=\"vertical-align: inherit;\">  e risparmia! L&#x27;ultima versione del  <\/span><strong><span style=\"vertical-align: inherit;\"><a href=\"https:\/\/digitalmsdeals.com\/product-category\/operating-system\/\">sistema operativo<\/a> Microsoft<\/span><\/strong><span style=\"vertical-align: inherit;\"> pi\u00f9 apprezzato  \u00e8 finalmente arrivata. Windows 11 \u00e8 stato completamente rinnovato sia nelle caratteristiche che nell&#x27;aspetto, offrendo agli utenti funzionalit\u00e0 all&#x27;avanguardia per ottimizzare le risorse del tuo PC e massimizzare la tua esperienza di gioco. Goditi l&#x27;integrazione migliorata con  <\/span><strong><span style=\"vertical-align: inherit;\">i servizi Microsoft Xbox Game Pass. <\/span><\/strong><span style=\"vertical-align: inherit;\">\u00a0L&#x27;intrattenimento, la creazione di contenuti e le attivit\u00e0 professionali vengono portati a un livello superiore: sfrutta le nuove tecnologie hardware come <\/span><strong><span style=\"vertical-align: inherit;\">DirectStorage<\/span><\/strong><span style=\"vertical-align: inherit;\"> per ottimizzare i tempi di caricamento e le prestazioni con i tuoi giochi preferiti e goditi il pieno supporto per le ultime <a href=\"https:\/\/digitalmsdeals.com\/product\/office-2021-professional-plus-windows-licenza-a-vita\/\"><strong>suite Microsoft Office 2021<\/strong><\/a><\/span><span style=\"vertical-align: inherit;\">, cos\u00ec farai tutto velocemente e senza fatica! Anche in questa edizione privata incentrata sull&#x27;utente, Windows 11 Home, Microsoft non ha fatto passi indietro in termini di sicurezza, sfruttando tecnologie come i  chip <\/span><strong><span style=\"vertical-align: inherit;\">TPM<\/span><\/strong><span style=\"vertical-align: inherit;\">  sulle moderne schede madri. A proposito di nuove funzionalit\u00e0, ecco una panoramica dei principali vantaggi che otterrai:<\/span><\/p>\n<ul>\n<li><span style=\"vertical-align: inherit;\">\u2013<\/span><strong><span style=\"vertical-align: inherit;\">Nuovo desktop: Fluent Design<\/span><\/strong><span style=\"vertical-align: inherit;\">  garantisce un layout pi\u00f9 organico per le icone e il  <\/span><strong><span style=\"vertical-align: inherit;\">menu Start<\/span><\/strong><span style=\"vertical-align: inherit;\">  (che ora \u00e8 centrato sul nuovo dock), finestre arrotondate e un&#x27;interfaccia utente ottimizzata che offre un&#x27;esperienza migliore con i touch screen<\/span><\/li>\n<\/ul>\n<ul>\n<li><span style=\"vertical-align: inherit;\">\u2013  <\/span><strong><span style=\"vertical-align: inherit;\">Direct Storage<\/span><\/strong><span style=\"vertical-align: inherit;\">  per ottimizzare i flussi di dati e massimizzare le prestazioni durante le tue sessioni di gioco<\/span><\/li>\n<li><span style=\"vertical-align: inherit;\">\u2013  <\/span><strong><span style=\"vertical-align: inherit;\">Funzionalit\u00e0 per sviluppatori e creatori<\/span><\/strong><span style=\"vertical-align: inherit;\"> , per monetizzare meglio le tue attivit\u00e0<\/span><\/li>\n<li><span style=\"vertical-align: inherit;\">\u2013  <\/span><strong><span style=\"vertical-align: inherit;\">Piena compatibilit\u00e0 con il software attuale<\/span><\/strong><span style=\"vertical-align: inherit;\"> , inclusi i migliori antivirus e  <\/span><strong><span style=\"vertical-align: inherit;\"><a href=\"https:\/\/digitalmsdeals.com\/product\/microsoft-office-2019-pro-plus-windows-licenza-a-vita\/\">le suite Microsoft Office 2019<\/a> e <a href=\"https:\/\/digitalmsdeals.com\/product\/microsoft-office-365-pro-plus-5-utenti-windows-mac-da-1-tb-6-mesi\/\">Office 365<\/a><\/span><\/strong><\/li>\n<li><span style=\"vertical-align: inherit;\">\u2013  Interfaccia <\/span><strong><span style=\"vertical-align: inherit;\">moderna<\/span><\/strong><span style=\"vertical-align: inherit;\">  per la gestione di dischi e partizioni, direttamente dal menu Impostazioni<\/span><\/li>\n<li><span style=\"vertical-align: inherit;\">\u2013  <\/span><strong><span style=\"vertical-align: inherit;\">Modalit\u00e0 tablet migliorata<\/span><\/strong><\/li>\n<li><span style=\"vertical-align: inherit;\">\u2013  <\/span><strong><span style=\"vertical-align: inherit;\">Snap Layout e Snap Groups<\/span><\/strong><span style=\"vertical-align: inherit;\"> , che ti consentono di organizzare meglio le finestre e gestire tutte le app in esecuzione.<\/span><\/li>\n<li><span style=\"vertical-align: inherit;\">\u2013  <\/span><strong><span style=\"vertical-align: inherit;\">Modalit\u00e0 Chiaro e Scuro<\/span><\/strong><span style=\"vertical-align: inherit;\">  per ottimizzare la tua esperienza visiva ovunque ti trovi<\/span><\/li>\n<li><span style=\"vertical-align: inherit;\">\u2013  <\/span><strong><span style=\"vertical-align: inherit;\">Widget<\/span><\/strong><span style=\"vertical-align: inherit;\">  con funzionalit\u00e0 dinamiche basate sull&#x27;IA<\/span><\/li>\n<li><span style=\"vertical-align: inherit;\">\u2013 Ora puoi utilizzare le tue  <\/span><strong><span style=\"vertical-align: inherit;\">app Android preferite! <\/span><\/strong><span style=\"vertical-align: inherit;\"> Scaricale semplicemente da  <\/span><strong><span style=\"vertical-align: inherit;\">Microsoft Store<\/span><\/strong><span style=\"vertical-align: inherit;\">  e usale come qualsiasi altra app sul tuo computer<\/span><\/li>\n<\/ul>\n<p><span style=\"vertical-align: inherit;\">Windows 11 Home \u00e8 un sistema operativo <\/span><strong><span style=\"vertical-align: inherit;\"> incentrato sui servizi<\/span><\/strong><span style=\"vertical-align: inherit;\">  e garantir\u00e0 un&#x27;esperienza utente ottimizzata, con maggiore sicurezza e  <\/span><strong><span style=\"vertical-align: inherit;\">tecnologie all&#x27;avanguardia. <\/span><\/strong><span style=\"vertical-align: inherit;\"> .<\/span><\/p>\n<h3><strong><span style=\"vertical-align: inherit;\">Scarica e attiva Windows 11 Home in pochi secondi<\/span><\/strong><\/h3>\n<p><span style=\"vertical-align: inherit;\">Acquista e scarica Windows 11 Home  <\/span><strong><span style=\"vertical-align: inherit;\">entro pochi secondi<\/span><\/strong><span style=\"vertical-align: inherit;\">  dall&#x27;acquisto, segui le istruzioni e installa  <\/span><strong><span style=\"vertical-align: inherit;\">subito<\/span><\/strong><span style=\"vertical-align: inherit;\"> il tuo nuovo sistema operativo Microsoft . Ci\u00f2 \u00e8 reso possibile dalla consegna digitale,  <\/span><strong><span style=\"vertical-align: inherit;\">dal modello di business<\/span><\/strong><span style=\"vertical-align: inherit;\"> di All Good Keys  per fornirti  prodotti <\/span><strong><span style=\"vertical-align: inherit;\">a prezzi vantaggiosi<\/span><\/strong><span style=\"vertical-align: inherit;\">  ,  <\/span><strong><span style=\"vertical-align: inherit;\">consegna immediata<\/span><\/strong><span style=\"vertical-align: inherit;\"> e attivazione entro pochi istanti dal momento del pagamento. Tutti gli ordini vengono completati tramite  <\/span><strong><span style=\"vertical-align: inherit;\">metodi di pagamento sicuri e tracciati<\/span><\/strong><span style=\"vertical-align: inherit;\"> , per la tua tranquillit\u00e0! Ordina la tua chiave di attivazione di Windows 11 Home in tutta sicurezza e non preoccuparti! Sei anche coperto dalla nostra  <\/span><strong><span style=\"vertical-align: inherit;\">garanzia di rimborso<\/span><\/strong><span style=\"vertical-align: inherit;\"> . Leggi le recensioni per saperne di pi\u00f9 sull&#x27;esperienza con All Good Keys! Risparmiando sul  <\/span><strong><span style=\"vertical-align: inherit;\">prezzo consigliato<\/span><\/strong><span style=\"vertical-align: inherit;\"> , eviterai anche tempi di attesa o altri inconvenienti: riceverai subito una  <\/span><strong><span style=\"vertical-align: inherit;\">licenza Windows 11 Home autentica al 100%<\/span><\/strong><span style=\"vertical-align: inherit;\"> , con istruzioni chiare e precise, oltre a un  <\/span><strong><span style=\"vertical-align: inherit;\">link ufficiale per il download<\/span><\/strong><span style=\"vertical-align: inherit;\"> . In caso di dubbi o domande, la nostra  <\/span><strong><span style=\"vertical-align: inherit;\">assistenza tecnica<\/span><\/strong><span style=\"vertical-align: inherit;\">  \u00e8 sempre a tua disposizione.<\/span><\/p>\n<h3><strong><span style=\"vertical-align: inherit;\">Scegli Windows 11 Home in consegna digitale, \u00e8 la soluzione migliore!<\/span><\/strong><\/h3>\n<p><span style=\"vertical-align: inherit;\">All Good Keys \u00e8  un&#x27;azienda <\/span><strong><span style=\"vertical-align: inherit;\">rispettosa dell&#x27;ambiente<\/span><\/strong><span style=\"vertical-align: inherit;\">  e crediamo davvero nel  <\/span><strong><span style=\"vertical-align: inherit;\">mondo digitale<\/span><\/strong><span style=\"vertical-align: inherit;\">  : combinando queste due visioni, offriamo  <\/span><strong><span style=\"vertical-align: inherit;\">prodotti Premium<\/span><\/strong><span style=\"vertical-align: inherit;\">  come Windows 11 Home senza la necessit\u00e0 di consegnarli fisicamente. In questo modo, puoi usufruire della consegna in tempo reale e contribuire alla protezione dell&#x27;ambiente. Niente corrieri, niente gas di scarico, niente imballaggi inquinanti. Siamo un&#x27;azienda  <\/span><strong><span style=\"vertical-align: inherit;\">verde! <\/span><\/strong><span style=\"vertical-align: inherit;\">.<\/span><\/p>\n<h3><strong><span style=\"vertical-align: inherit;\">Le licenze di Windows 11 Home scadono o vengono limitate?<\/span><\/strong><\/h3>\n<p><span style=\"vertical-align: inherit;\">Le licenze digitali per Windows 11 Home in vendita su All Good Keys sono legate a un account Microsoft e non a un dispositivo specifico. Pertanto, la licenza digitale che acquisterai \u00e8  <\/span><strong><span style=\"vertical-align: inherit;\">a vita<\/span><\/strong><span style=\"vertical-align: inherit;\">  , ovvero potrai utilizzarla ogni volta che dovrai formattare o sostituire il tuo computer (completamente o solo per alcuni componenti).<\/span><\/p>\n<h3><strong><span style=\"vertical-align: inherit;\">Una volta ordinata la licenza di Windows 11 Home da Digital MS Deals, cosa posso aspettarmi?<\/span><\/strong><\/h3>\n<p><span style=\"vertical-align: inherit;\">Risparmierai notevolmente rispetto  al prezzo consigliato <\/span><span class=\"items\"><span class=\"item\"><span style=\"vertical-align: inherit;\">per la chiave di attivazione di Windows 11 <\/span><\/span><\/span><span style=\"vertical-align: inherit;\"> e riceverai un&#x27;e-mail con tutto il necessario per scaricare, installare e attivare Windows 11 Home sul tuo PC.<\/span><\/p>\n<ul>\n<li><span style=\"vertical-align: inherit;\">\u2013 Il  <\/span><span class=\"items\"><span class=\"item\"><span style=\"vertical-align: inherit;\">codice Product Key di Windows 11 <\/span><\/span><\/span><span style=\"vertical-align: inherit;\"> (1 licenza per un singolo utente)<\/span><\/li>\n<li><span style=\"vertical-align: inherit;\">\u2013 Link ufficiale per il download del file ISO di Windows 11 Home<\/span><\/li>\n<li><span style=\"vertical-align: inherit;\">\u2013 Istruzioni chiare e concise su come scaricare, installare e attivare Windows 11 Home<\/span><\/li>\n<\/ul>\n<div>\n<p><strong><span style=\"vertical-align: inherit;\">Nota: se non possiedi un DVD di installazione o un&#x27;unit\u00e0 USB, scarica il rispettivo file di installazione del sistema (supporto <\/span><span class=\"items\"><span class=\"js-items\"><span class=\"item\"><span style=\"vertical-align: inherit;\">di installazione<\/span><\/span><\/span><\/span><span style=\"vertical-align: inherit;\">) dal sito Web ufficiale di Microsoft, <\/span><a title=\"Scarica Windows 11\" href=\"https:\/\/www.microsoft.com\/en-gb\/software-download\/windows10ISO\" target=\"_blank\" rel=\"noopener\"><span style=\"vertical-align: inherit;\">QUI<\/span><\/a><span style=\"vertical-align: inherit;\">.<\/span><\/strong><\/p>\n<\/div>\n<div><strong><span style=\"vertical-align: inherit;\">Maggiori informazioni sull&#x27;installazione sono disponibili nell&#x27;e-mail di consegna.<\/span><\/strong><\/div>\n","protected":false},"excerpt":{"rendered":"<p>Attenzione! La chiave di attivazione di Windows 11 Home non pu\u00f2 essere utilizzata per l&#x27;aggiornamento a Windows 11 Home o<\/p>\n","protected":false},"featured_media":16822,"comment_status":"closed","ping_status":"closed","template":"","meta":{"iawp_total_views":31},"pwb-brand":[100],"product_brand":[],"product_cat":[101],"product_tag":[],"class_list":{"0":"post-49","1":"product","2":"type-product","3":"status-publish","4":"has-post-thumbnail","6":"pwb-brand-microsoft","7":"product_cat-operating-system","9":"first","10":"instock","11":"shipping-taxable","12":"purchasable","13":"product-type-simple"},"brands":[{"id":100,"name":"Microsoft","slug":"microsoft"}],"_links":{"self":[{"href":"https:\/\/keyease.net\/en_us\/wp-json\/wp\/v2\/product\/49","targetHints":{"allow":["GET"]}}],"collection":[{"href":"https:\/\/keyease.net\/en_us\/wp-json\/wp\/v2\/product"}],"about":[{"href":"https:\/\/keyease.net\/en_us\/wp-json\/wp\/v2\/types\/product"}],"replies":[{"embeddable":true,"href":"https:\/\/keyease.net\/en_us\/wp-json\/wp\/v2\/comments?post=49"}],"version-history":[{"count":9,"href":"https:\/\/keyease.net\/en_us\/wp-json\/wp\/v2\/product\/49\/revisions"}],"predecessor-version":[{"id":17563,"href":"https:\/\/keyease.net\/en_us\/wp-json\/wp\/v2\/product\/49\/revisions\/17563"}],"wp:featuredmedia":[{"embeddable":true,"href":"https:\/\/keyease.net\/en_us\/wp-json\/wp\/v2\/media\/16822"}],"wp:attachment":[{"href":"https:\/\/keyease.net\/en_us\/wp-json\/wp\/v2\/media?parent=49"}],"wp:term":[{"taxonomy":"pwb-brand","embeddable":true,"href":"https:\/\/keyease.net\/en_us\/wp-json\/wp\/v2\/pwb-brand?post=49"},{"taxonomy":"product_brand","embeddable":true,"href":"https:\/\/keyease.net\/en_us\/wp-json\/wp\/v2\/product_brand?post=49"},{"taxonomy":"product_cat","embeddable":true,"href":"https:\/\/keyease.net\/en_us\/wp-json\/wp\/v2\/product_cat?post=49"},{"taxonomy":"product_tag","embeddable":true,"href":"https:\/\/keyease.net\/en_us\/wp-json\/wp\/v2\/product_tag?post=49"}],"curies":[{"name":"wp","href":"https:\/\/api.w.org\/{rel}","templated":true}]}}