{"id":42,"date":"2023-11-28T00:23:44","date_gmt":"2023-11-28T00:23:44","guid":{"rendered":"https:\/\/keyease.net\/?post_type=product&#038;p=42"},"modified":"2026-04-17T09:17:18","modified_gmt":"2026-04-17T09:17:18","slug":"windows-10-enterprise-licenza-a-vita","status":"publish","type":"product","link":"https:\/\/keyease.net\/en_us\/product\/windows-10-enterprise-licenza-a-vita\/","title":{"rendered":"WINDOWS 10 ENTERPRISE &#8211; Licenza a vita"},"content":{"rendered":"<blockquote><p><b><span style=\"vertical-align: inherit;\">Attenzione! <\/span><\/b><span style=\"vertical-align: inherit;\">Questo prodotto non pu\u00f2 essere utilizzato per aggiornare il tuo sistema da un&#x27;altra versione!<\/span><\/p>\n<p><span style=\"vertical-align: inherit;\">Se riscontri problemi durante l&#x27;attivazione, contattaci.<\/span><\/p><\/blockquote>\n<h2><strong>WINDOWS 10 ENTERPRISE &#8211; Licenza a vita<\/strong><\/h2>\n<p><strong><span style=\"vertical-align: inherit;\">Microsoft Windows 10 Enterprise<\/span><\/strong><span style=\"vertical-align: inherit;\">  \u00e8 una delle edizioni del sistema operativo Microsoft Windows, rilasciata nel 2015. Windows 10 \u00e8 diventato popolare sin dal suo rilascio per le nuovissime funzionalit\u00e0 introdotte, che includono facilit\u00e0 d&#x27;uso, compatibilit\u00e0 con i dispositivi pi\u00f9 recenti e funzionalit\u00e0 integrate negli strumenti di sicurezza. Windows 10 Enterprise \u00e8 un sistema che supporta perfettamente il lavoro nelle aziende di medie e grandi dimensioni.<\/span><\/p>\n<div>\n<h3><span style=\"vertical-align: inherit;\">Garanzia di sicurezza<\/span><\/h3>\n<p><strong><span style=\"vertical-align: inherit;\">Il sistema Windows 10 Enterprise<\/span><\/strong><span style=\"vertical-align: inherit;\">  \u00e8 dotato di strumenti di sicurezza collaudati. Grazie alla tecnologia Microsoft Passport e Windows Hello, \u00e8 possibile accedere al sistema in pi\u00f9 fasi, ma in modo molto semplice. A questo scopo \u00e8 possibile utilizzare una password utente standard, nonch\u00e9 un codice monouso aggiuntivo ricevuto sul dispositivo mobile. L&#x27;autenticazione \u00e8 possibile anche tramite la scansione dei tratti del viso o delle impronte digitali.<\/span><\/p>\n<p><span style=\"vertical-align: inherit;\">Il sistema \u00e8 dotato della funzione Device Guard, che impedisce l&#x27;avvio di programmi non attendibili. La tecnologia UEFI impedisce l&#x27;avvio di un sistema non autorizzato sul computer del dipendente. L&#x27;attestazione dell&#x27;integrit\u00e0 del dispositivo Windows blocca le fughe di informazioni, garantendo che i tuoi contenuti siano completamente protetti. Come puoi vedere, Windows Enterprise \u00e8 una garanzia totale della sicurezza dei dispositivi e dei loro utenti sul posto di lavoro.<\/span><\/p>\n<h3><span style=\"vertical-align: inherit;\">Lavoro pi\u00f9 semplice per gli amministratori<\/span><\/h3>\n<p><span style=\"vertical-align: inherit;\">L&#x27;innovativo sistema non si occupa solo della sicurezza, ma anche di una gestione pi\u00f9 efficiente della rete informatica aziendale. Microsoft ha fornito la possibilit\u00e0 di implementare gli aggiornamenti in modo rapido ed efficiente. In questo modo, gli specialisti IT possono creare aggiornamenti e gli utenti possono scaricarli e installarli facilmente da soli. Gli aggiornamenti possono essere configurati su pi\u00f9 dispositivi contemporaneamente. E tutto questo sotto lo stretto controllo dell&#x27;amministratore, quindi tutto avviene senza inutili difficolt\u00e0. Nel lavoro delle persone, Windows Enterprise fa sicuramente la differenza.<\/span><\/p>\n<h3><span style=\"vertical-align: inherit;\">Produttivit\u00e0<\/span><\/h3>\n<p><strong><span style=\"vertical-align: inherit;\">Windows 10 Enterprise<\/span><\/strong><span style=\"vertical-align: inherit;\">  rende l&#x27;utilizzo del computer al lavoro pi\u00f9 semplice che mai. Lo strumento Microsoft Search consente di trovare informazioni salvate non solo sul dispositivo ma anche su Internet. Il browser Microsoft Edge, dotato del motore di ricerca Bing, garantisce un rapido utilizzo di Internet e una maggiore produttivit\u00e0 sul lavoro. Inoltre, il sistema \u00e8 dotato di molti strumenti utili che consentono la sincronizzazione del lavoro in azienda e una pianificazione efficace di ulteriori attivit\u00e0 e obiettivi.<\/span><\/p>\n<p><span style=\"vertical-align: inherit;\">Accoglienza<\/span><\/p>\n<p><strong><span style=\"vertical-align: inherit;\">Windows 10 Enterprise<\/span><\/strong><span style=\"vertical-align: inherit;\"> raccoglie recensioni positive. I critici apprezzano il sistema per la sua interfaccia intuitiva che semplifica il lavoro in azienda per tutti. Nuovi miglioramenti e aggiornamenti vengono rilasciati costantemente per rendere questa edizione di Windows lo strumento migliore per l&#x27;intero ambiente di lavoro.<\/span><\/p>\n<h3><span style=\"vertical-align: inherit;\">Caratteristiche principali<\/span><\/h3>\n<ul>\n<li><span style=\"vertical-align: inherit;\">Porta il lavoro in azienda a un livello di sicurezza pi\u00f9 elevato<\/span><\/li>\n<li><span style=\"vertical-align: inherit;\">Garantisci un aggiornamento fluido su pi\u00f9 dispositivi contemporaneamente<\/span><\/li>\n<li><span style=\"vertical-align: inherit;\">Assicurati che i tuoi dipendenti lavorino comodamente e in modo produttivo<\/span><\/li>\n<li><span style=\"vertical-align: inherit;\">Utilizza gli strumenti per migliorare la ricerca e la pianificazione<\/span><\/li>\n<li><span style=\"vertical-align: inherit;\">Prova Microsoft Edge per navigare in Internet pi\u00f9 velocemente<\/span><\/li>\n<\/ul>\n<p>\u00a0<\/p>\n<\/div>\n<p><strong><span style=\"vertical-align: inherit;\">Cosa ricever\u00f2 se acquisto Windows 10 Professional 32\/64 bit?<\/span><\/strong><\/p>\n<p><span style=\"vertical-align: inherit;\">Il prodotto viene consegnato in pochi secondi direttamente via e-mail, <\/span><strong><span style=\"vertical-align: inherit;\">evitando cos\u00ec l&#x27;impatto ambientale della spedizione di beni fisici<\/span><\/strong><span style=\"vertical-align: inherit;\">.<\/span><\/p>\n<ul>\n<li><span style=\"vertical-align: inherit;\">\u00a0\u2013 1 codice di attivazione Microsoft originale per Windows 10 Professional valido per l&#x27;utilizzo su 1 PC (codice prodotto)<\/span><\/li>\n<li><span style=\"vertical-align: inherit;\">\u00a0\u2013 Link per il download di Windows 10 Professional 32\/64 bit (file ISO)<\/span><\/li>\n<li><span style=\"vertical-align: inherit;\">\u00a0\u2013 Guida all&#x27;installazione semplice e veloce<\/span><\/li>\n<li><span style=\"vertical-align: inherit;\">\u00a0\u2013 Assistenza tecnica gratuita<\/span><\/li>\n<\/ul>\n","protected":false},"excerpt":{"rendered":"<p>Attenzione! Questo prodotto non pu\u00f2 essere utilizzato per aggiornare il tuo sistema da un&#x27;altra versione! Se riscontri problemi durante l&#x27;attivazione,<\/p>\n","protected":false},"featured_media":16816,"comment_status":"closed","ping_status":"closed","template":"","meta":{"iawp_total_views":5},"pwb-brand":[100],"product_brand":[],"product_cat":[101],"product_tag":[],"class_list":{"0":"post-42","1":"product","2":"type-product","3":"status-publish","4":"has-post-thumbnail","6":"pwb-brand-microsoft","7":"product_cat-operating-system","9":"first","10":"instock","11":"shipping-taxable","12":"purchasable","13":"product-type-simple"},"brands":[{"id":100,"name":"Microsoft","slug":"microsoft"}],"_links":{"self":[{"href":"https:\/\/keyease.net\/en_us\/wp-json\/wp\/v2\/product\/42","targetHints":{"allow":["GET"]}}],"collection":[{"href":"https:\/\/keyease.net\/en_us\/wp-json\/wp\/v2\/product"}],"about":[{"href":"https:\/\/keyease.net\/en_us\/wp-json\/wp\/v2\/types\/product"}],"replies":[{"embeddable":true,"href":"https:\/\/keyease.net\/en_us\/wp-json\/wp\/v2\/comments?post=42"}],"version-history":[{"count":8,"href":"https:\/\/keyease.net\/en_us\/wp-json\/wp\/v2\/product\/42\/revisions"}],"predecessor-version":[{"id":17569,"href":"https:\/\/keyease.net\/en_us\/wp-json\/wp\/v2\/product\/42\/revisions\/17569"}],"wp:featuredmedia":[{"embeddable":true,"href":"https:\/\/keyease.net\/en_us\/wp-json\/wp\/v2\/media\/16816"}],"wp:attachment":[{"href":"https:\/\/keyease.net\/en_us\/wp-json\/wp\/v2\/media?parent=42"}],"wp:term":[{"taxonomy":"pwb-brand","embeddable":true,"href":"https:\/\/keyease.net\/en_us\/wp-json\/wp\/v2\/pwb-brand?post=42"},{"taxonomy":"product_brand","embeddable":true,"href":"https:\/\/keyease.net\/en_us\/wp-json\/wp\/v2\/product_brand?post=42"},{"taxonomy":"product_cat","embeddable":true,"href":"https:\/\/keyease.net\/en_us\/wp-json\/wp\/v2\/product_cat?post=42"},{"taxonomy":"product_tag","embeddable":true,"href":"https:\/\/keyease.net\/en_us\/wp-json\/wp\/v2\/product_tag?post=42"}],"curies":[{"name":"wp","href":"https:\/\/api.w.org\/{rel}","templated":true}]}}