{"id":36,"date":"2023-11-27T23:23:26","date_gmt":"2023-11-27T23:23:26","guid":{"rendered":"https:\/\/keyease.net\/?post_type=product&#038;p=36"},"modified":"2026-04-17T09:17:18","modified_gmt":"2026-04-17T09:17:18","slug":"windows-server-2019-standard-licenza-a-vita","status":"publish","type":"product","link":"https:\/\/keyease.net\/en_us\/product\/windows-server-2019-standard-licenza-a-vita\/","title":{"rendered":"WINDOWS SERVER 2019 STANDARD &#8211; Licenza a vita"},"content":{"rendered":"<h3><strong><span style=\"vertical-align: inherit;\">Windows Server 2019 Standard funziona solo su Windows, non su Mac!,<\/span><\/strong><strong><\/p>\n<p><\/strong><\/h3>\n<h4><span style=\"vertical-align: inherit;\">-Acquistando Windows Server 2019 Standard riceverai una licenza Microsoft originale al 100% attivabile direttamente sul sito ufficiale Microsoft. I nostri metodi di pagamento sicuri ti offrono una garanzia totale e riceverai il tuo software via e-mail dopo pochi minuti.<\/span><\/h4>\n<p>\u00a0<\/p>\n<p><strong><span style=\"vertical-align: inherit;\">Windows Server 2019<\/span><\/strong><span style=\"vertical-align: inherit;\"> \u00e8 il sistema operativo che collega gli ambienti locali con i servizi di Azure, consentendo scenari ibridi e massimizzando gli investimenti esistenti. Aumenta la sicurezza e riduci i rischi aziendali con pi\u00f9 livelli di protezione integrati nel sistema operativo. Fai evolvere la tua infrastruttura di data center per ottenere maggiore efficienza e scalabilit\u00e0 con l&#x27;infrastruttura iperconvergente. Windows Server 2019 ti consente inoltre di creare app native per il cloud e modernizzare le app tradizionali utilizzando container e microservizi. Per ulteriori dettagli, consulta il  <\/span><a href=\"https:\/\/www.microsoft.com\/en-us\/evalcenter\/evaluate-windows-server-2019?filetype=ISO\"><span style=\"vertical-align: inherit;\">sito Web<\/span><\/a><span style=\"vertical-align: inherit;\"> di Windows Server .<\/span><\/p>\n<h3><span style=\"vertical-align: inherit;\">Modi per provare Windows Server 2019:<\/span><\/h3>\n<p><span style=\"vertical-align: inherit;\">Oltre a scaricare l&#x27;ISO di Windows Server 2019, puoi anche provare le nuove funzionalit\u00e0 nei seguenti modi:<\/span><\/p>\n<ul>\n<li><span style=\"vertical-align: inherit;\">Provalo in Azure: Azure offre un ottimo modo per testare Windows Server 2019 con immagini predefinite.<\/span><\/li>\n<li><span style=\"vertical-align: inherit;\">Laboratori pratici Microsoft: salta la configurazione e accedi ai nostri laboratori pratici gratuiti per un ambiente reale insieme a indicazioni dettagliate per aiutarti a provare le nuove funzionalit\u00e0.<\/span><\/li>\n<\/ul>\n<h3><span style=\"vertical-align: inherit;\">Scegli un&#x27;edizione e un&#x27;opzione di installazione:<\/span><\/h3>\n<p><span style=\"vertical-align: inherit;\">I clienti che scaricano l&#x27;ISO completo dovranno scegliere un&#x27;edizione e un&#x27;opzione di installazione. Questa versione di valutazione ISO riguarda le edizioni Datacenter e Standard. L&#x27;edizione Datacenter \u00e8 la pi\u00f9 completa e include le nuove funzionalit\u00e0 specifiche del Datacenter (macchine virtuali schermate, spazi di archiviazione diretti e rete definita dal software) oltre alla virtualizzazione illimitata del server.<\/span><\/p>\n<h3><span style=\"vertical-align: inherit;\">Opzioni di installazione:<\/span><\/h3>\n<ul>\n<li><span style=\"vertical-align: inherit;\">Server Core: questa \u00e8 l&#x27;opzione di installazione consigliata. Si tratta di un&#x27;installazione pi\u00f9 snella che include i componenti principali di Windows Server e supporta tutti i ruoli del server, ma non include un&#x27;interfaccia utente grafica locale (GUI). Viene utilizzata per distribuzioni &quot;headless&quot; gestite in remoto tramite Windows Admin Center, PowerShell o altri strumenti di gestione del server.<\/span><\/li>\n<li><span style=\"vertical-align: inherit;\">Server con esperienza desktop: questa \u00e8 l&#x27;installazione completa e include una GUI completa per i clienti che preferiscono questa opzione.<\/span><\/li>\n<\/ul>\n<div><\/div>\n<div>\n<p>\u00a0<\/p>\n<\/div>\n","protected":false},"excerpt":{"rendered":"<p>Windows Server 2019 Standard funziona solo su Windows, non su Mac!, -Acquistando Windows Server 2019 Standard riceverai una licenza Microsoft<\/p>\n","protected":false},"featured_media":16810,"comment_status":"closed","ping_status":"closed","template":"","meta":{"iawp_total_views":2},"pwb-brand":[100],"product_brand":[],"product_cat":[102],"product_tag":[],"class_list":{"0":"post-36","1":"product","2":"type-product","3":"status-publish","4":"has-post-thumbnail","6":"pwb-brand-microsoft","7":"product_cat-windows-servers","9":"first","10":"instock","11":"shipping-taxable","12":"purchasable","13":"product-type-simple"},"brands":[{"id":100,"name":"Microsoft","slug":"microsoft"}],"_links":{"self":[{"href":"https:\/\/keyease.net\/en_us\/wp-json\/wp\/v2\/product\/36","targetHints":{"allow":["GET"]}}],"collection":[{"href":"https:\/\/keyease.net\/en_us\/wp-json\/wp\/v2\/product"}],"about":[{"href":"https:\/\/keyease.net\/en_us\/wp-json\/wp\/v2\/types\/product"}],"replies":[{"embeddable":true,"href":"https:\/\/keyease.net\/en_us\/wp-json\/wp\/v2\/comments?post=36"}],"version-history":[{"count":7,"href":"https:\/\/keyease.net\/en_us\/wp-json\/wp\/v2\/product\/36\/revisions"}],"predecessor-version":[{"id":17585,"href":"https:\/\/keyease.net\/en_us\/wp-json\/wp\/v2\/product\/36\/revisions\/17585"}],"wp:featuredmedia":[{"embeddable":true,"href":"https:\/\/keyease.net\/en_us\/wp-json\/wp\/v2\/media\/16810"}],"wp:attachment":[{"href":"https:\/\/keyease.net\/en_us\/wp-json\/wp\/v2\/media?parent=36"}],"wp:term":[{"taxonomy":"pwb-brand","embeddable":true,"href":"https:\/\/keyease.net\/en_us\/wp-json\/wp\/v2\/pwb-brand?post=36"},{"taxonomy":"product_brand","embeddable":true,"href":"https:\/\/keyease.net\/en_us\/wp-json\/wp\/v2\/product_brand?post=36"},{"taxonomy":"product_cat","embeddable":true,"href":"https:\/\/keyease.net\/en_us\/wp-json\/wp\/v2\/product_cat?post=36"},{"taxonomy":"product_tag","embeddable":true,"href":"https:\/\/keyease.net\/en_us\/wp-json\/wp\/v2\/product_tag?post=36"}],"curies":[{"name":"wp","href":"https:\/\/api.w.org\/{rel}","templated":true}]}}