{"id":28,"date":"2023-11-27T00:03:56","date_gmt":"2023-11-27T00:03:56","guid":{"rendered":"https:\/\/keyease.net\/?post_type=product&#038;p=28"},"modified":"2026-04-17T09:17:18","modified_gmt":"2026-04-17T09:17:18","slug":"windows-8-1-professional-licenza-a-vita","status":"publish","type":"product","link":"https:\/\/keyease.net\/en_us\/product\/windows-8-1-professional-licenza-a-vita\/","title":{"rendered":"WINDOWS 8.1 PROFESSIONAL &#8211; Licenza a vita"},"content":{"rendered":"<blockquote><p><b><span style=\"vertical-align: inherit;\">Attenzione! <\/span><\/b><span style=\"vertical-align: inherit;\">Questo prodotto non pu\u00f2 essere utilizzato per aggiornare il tuo sistema da un&#x27;altra versione!<\/span><\/p>\n<p><span style=\"vertical-align: inherit;\">Se riscontri problemi durante l&#x27;attivazione, contattaci.<\/span><\/p><\/blockquote>\n<h5><strong><span style=\"vertical-align: inherit;\">*Ottieni la tua licenza originale al giusto prezzo<\/span><\/strong><\/h5>\n<h3><strong><span style=\"vertical-align: inherit;\">Windows 8.1 Professional per professionisti e aziende<\/span><\/strong><\/h3>\n<p><span style=\"vertical-align: inherit;\">Windows 8.1 Professional \u00e8 <\/span><strong><span style=\"vertical-align: inherit;\"> disponibile nelle versioni a 32 e 64 bit<\/span><\/strong><span style=\"vertical-align: inherit;\">  e offre prestazioni elevate  <\/span><strong><span style=\"vertical-align: inherit;\">sia per gli utenti aziendali che per quelli professionali<\/span><\/strong><span style=\"vertical-align: inherit;\"> . \u00c8 la versione aggiornata del sistema operativo Windows 8 ed \u00e8 stata migliorata sotto molti aspetti con nuove funzionalit\u00e0 implementate. Permette all&#x27;utente di lavorare comodamente con molte applicazioni aperte senza alcun calo di prestazioni. Anche l&#x27;interfaccia \u00e8 stata rielaborata e semplificata, ora \u00e8 facile da usare e progettata per l&#x27;utilizzo tramite touch screen. Anche la sicurezza e l&#x27;affidabilit\u00e0 sono state migliorate. Consigliamo sempre di proteggere i vostri dispositivi installando anche un valido ed efficace  <\/span><strong><span style=\"vertical-align: inherit;\">Antivirus<\/span><\/strong><span style=\"vertical-align: inherit;\">  contro gli attacchi informatici.<\/span><\/p>\n<h3><strong><span style=\"vertical-align: inherit;\">Quali nuove funzionalit\u00e0 sono state sviluppate in Windows 8.1 Professional?<\/span><\/strong><\/h3>\n<p><strong><span style=\"vertical-align: inherit;\">Windows 8.1 Professional \u00e8 stato migliorato e rinnovato<\/span><\/strong><span style=\"vertical-align: inherit;\"> con programmi professionali che rendono molto pi\u00f9 semplice per i professionisti e le aziende svolgere il proprio lavoro. Rispetto alla versione precedente sono stati apportati miglioramenti che hanno portato a un&#x27;interfaccia moderna adatta all&#x27;uso sia su dispositivi portatili che su computer.<\/span><\/p>\n<ul>\n<li><span style=\"vertical-align: inherit;\">\u2013 Miglioramenti progettuali, tecnici e di sistema.<\/span><\/li>\n<li><span style=\"vertical-align: inherit;\">\u2013 Interfaccia utente moderna: layout \u201cTile\u201d in stile Metro per dispositivi touchscreen<\/span><\/li>\n<li><span style=\"vertical-align: inherit;\">\u2013 Miglioramenti progettuali, tecnici e di sistema.<\/span><\/li>\n<li><span style=\"vertical-align: inherit;\">\u2013 Interfaccia utente moderna: layout &quot;Tile&quot; in stile Metro per dispositivi touchscreen<\/span><\/li>\n<li><span style=\"vertical-align: inherit;\">\u2013 Internet Explorer 11: nuovo browser Web di Windows<\/span><\/li>\n<li><span style=\"vertical-align: inherit;\">\u2013 Gestione ottimizzata del trasferimento dati: le attivit\u00e0 di copia possono essere messe in pausa e riprese<\/span><\/li>\n<li><span style=\"vertical-align: inherit;\">\u2013 Nuovo Task Manager: i processi vengono gestiti per migliorare le prestazioni<\/span><\/li>\n<li><span style=\"vertical-align: inherit;\">\u2013 Windows Store: gli utenti possono ora acquistare applicazioni nuove ed esclusive<\/span><\/li>\n<li><span style=\"vertical-align: inherit;\">\u2013 Windows Defender: antispyware<\/span><\/li>\n<\/ul>\n<h3><strong><span style=\"vertical-align: inherit;\">Con quale versione di Microsoft Office \u00e8 compatibile Windows 8.1?<\/span><\/strong><\/h3>\n<p><span style=\"vertical-align: inherit;\">Windows 8.1 Professional garantisce la compatibilit\u00e0 con molti software; infatti \u00e8 possibile installare la suite Microsoft Office, dalle versioni precedenti come  <\/span><strong><span style=\"vertical-align: inherit;\">Office 2010<\/span><\/strong><span style=\"vertical-align: inherit;\">  o  <\/span><strong><span style=\"vertical-align: inherit;\">Office 2013,<\/span><\/strong><span style=\"vertical-align: inherit;\">  fino alla penultima versione di Microsoft,  <\/span><strong><span style=\"vertical-align: inherit;\">Office 2016<\/span><em><span style=\"vertical-align: inherit;\">;<\/span><\/em><\/strong><span style=\"vertical-align: inherit;\">  \u00e8 disponibile anche  <\/span><strong><span style=\"vertical-align: inherit;\">Microsoft Office per MAC<\/span><\/strong><span style=\"vertical-align: inherit;\">. <\/span><\/p>\n<p><span style=\"vertical-align: inherit;\">*Importante: Windows 8 non \u00e8 compatibile con  <\/span><strong><span style=\"vertical-align: inherit;\">Microsoft Office 2021 Suite<\/span><\/strong><span style=\"vertical-align: inherit;\">  e  <\/span><strong><span style=\"vertical-align: inherit;\">Microsoft Office 2019 Suite<\/span><\/strong><\/p>\n<h3><b><strong><span style=\"vertical-align: inherit;\">Cosa succede se formatti il tuo PC o passi a uno nuovo? (licenza a vita)<\/span><\/strong><\/b><\/h3>\n<p><b><strong><span style=\"vertical-align: inherit;\">Questa licenza Microsoft \u00e8 una licenza a vita. <\/span><\/strong><\/b><span style=\"vertical-align: inherit;\"> Non \u00e8 un servizio in abbonamento e quindi non richiede rinnovi periodici a pagamento. Acquistando Windows 8.1 Professional, sarai proprietario permanente del software senza alcuna spesa futura aggiuntiva e godrai di tutti i vantaggi di possedere una  licenza Microsoft originale  che puoi utilizzare sul tuo computer o dispositivo, anche se formatti il \u200b\u200btuo dispositivo attuale o passi a uno nuovo. Puoi riutilizzarlo per sempre, tenendo presente che \u00e8 valido per un solo dispositivo e va quindi disattivato su eventuali dispositivi precedenti prima di riattivarsi su un nuovo dispositivo.<\/span><\/p>\n<h3><strong><span style=\"vertical-align: inherit;\">Cosa ricever\u00f2 se acquisto Windows 8.1 Professional?<\/span><\/strong><\/h3>\n<p><span style=\"vertical-align: inherit;\">Il prodotto viene consegnato in pochi secondi direttamente via e-mail,  <\/span><strong><span style=\"vertical-align: inherit;\">evitando cos\u00ec l&#x27;impatto ambientale della spedizione di beni fisici<\/span><\/strong><span style=\"vertical-align: inherit;\"> .<\/span><\/p>\n<ul>\n<li><span style=\"vertical-align: inherit;\">\u00a0\u2013 1 codice di attivazione Microsoft originale per Windows 8.1 Professional valido per l&#x27;utilizzo su 1 PC (codice prodotto)<\/span><\/li>\n<li><span style=\"vertical-align: inherit;\">\u00a0\u2013 Link per il download di Windows 8.1 Professional 32\/64 bit<\/span><\/li>\n<li><span style=\"vertical-align: inherit;\">\u00a0\u2013 Guida all&#x27;installazione semplice e veloce<\/span><\/li>\n<li><span style=\"vertical-align: inherit;\">\u00a0\u2013 Assistenza tecnica gratuita<\/span><\/li>\n<\/ul>\n","protected":false},"excerpt":{"rendered":"<p>Attenzione! Questo prodotto non pu\u00f2 essere utilizzato per aggiornare il tuo sistema da un&#x27;altra versione! Se riscontri problemi durante l&#x27;attivazione,<\/p>\n","protected":false},"featured_media":16804,"comment_status":"closed","ping_status":"closed","template":"","meta":{"iawp_total_views":1},"pwb-brand":[100],"product_brand":[],"product_cat":[101],"product_tag":[],"class_list":{"0":"post-28","1":"product","2":"type-product","3":"status-publish","4":"has-post-thumbnail","6":"pwb-brand-microsoft","7":"product_cat-operating-system","9":"first","10":"instock","11":"shipping-taxable","12":"purchasable","13":"product-type-simple"},"brands":[{"id":100,"name":"Microsoft","slug":"microsoft"}],"_links":{"self":[{"href":"https:\/\/keyease.net\/en_us\/wp-json\/wp\/v2\/product\/28","targetHints":{"allow":["GET"]}}],"collection":[{"href":"https:\/\/keyease.net\/en_us\/wp-json\/wp\/v2\/product"}],"about":[{"href":"https:\/\/keyease.net\/en_us\/wp-json\/wp\/v2\/types\/product"}],"replies":[{"embeddable":true,"href":"https:\/\/keyease.net\/en_us\/wp-json\/wp\/v2\/comments?post=28"}],"version-history":[{"count":8,"href":"https:\/\/keyease.net\/en_us\/wp-json\/wp\/v2\/product\/28\/revisions"}],"predecessor-version":[{"id":17591,"href":"https:\/\/keyease.net\/en_us\/wp-json\/wp\/v2\/product\/28\/revisions\/17591"}],"wp:featuredmedia":[{"embeddable":true,"href":"https:\/\/keyease.net\/en_us\/wp-json\/wp\/v2\/media\/16804"}],"wp:attachment":[{"href":"https:\/\/keyease.net\/en_us\/wp-json\/wp\/v2\/media?parent=28"}],"wp:term":[{"taxonomy":"pwb-brand","embeddable":true,"href":"https:\/\/keyease.net\/en_us\/wp-json\/wp\/v2\/pwb-brand?post=28"},{"taxonomy":"product_brand","embeddable":true,"href":"https:\/\/keyease.net\/en_us\/wp-json\/wp\/v2\/product_brand?post=28"},{"taxonomy":"product_cat","embeddable":true,"href":"https:\/\/keyease.net\/en_us\/wp-json\/wp\/v2\/product_cat?post=28"},{"taxonomy":"product_tag","embeddable":true,"href":"https:\/\/keyease.net\/en_us\/wp-json\/wp\/v2\/product_tag?post=28"}],"curies":[{"name":"wp","href":"https:\/\/api.w.org\/{rel}","templated":true}]}}