{"id":17088,"date":"2024-01-24T00:00:00","date_gmt":"2024-01-24T00:00:00","guid":{"rendered":"https:\/\/keyease.net\/product\/windows-11-professional-upgrade-home-to-pro-version-licenza-a-vita-2\/"},"modified":"2026-04-17T09:17:26","modified_gmt":"2026-04-17T09:17:26","slug":"windows-11-professional-upgrade-home-to-pro-version-licenza-a-vita-2","status":"publish","type":"product","link":"https:\/\/keyease.net\/en_us\/product\/windows-11-professional-upgrade-home-to-pro-version-licenza-a-vita-2\/","title":{"rendered":"Windows 11 Professional (aggiornamento: da HOME a PRO) &#8211; Licenza a vita"},"content":{"rendered":"<h2><span style=\"vertical-align: inherit;\">Codice prodotto Microsoft Windows 11 Professional (aggiornamento: da HOME a PRO) &#8211; Licenza a vita\u00a0<\/span><\/h2>\n<div>\n<p><strong><span style=\"vertical-align: inherit;\">Nota: se non disponi di un DVD di installazione o di un&#x27;unit\u00e0 USB, scarica il rispettivo file di installazione del sistema dal sito Web ufficiale di Microsoft,  <\/span><a title=\"Scarica Windows 11\" href=\"https:\/\/www.microsoft.com\/en-gb\/software-download\/windows10ISO\" target=\"_blank\" rel=\"noopener\"><span style=\"vertical-align: inherit;\">QUI<\/span><\/a><span style=\"vertical-align: inherit;\"> . Maggiori informazioni sull&#x27;installazione sono disponibili nell&#x27;e-mail di consegna.<\/span><\/strong><\/p>\n<p><strong><span style=\"vertical-align: inherit;\">Windows 11 Pro <\/span><\/strong><span style=\"vertical-align: inherit;\"> offre uno spazio di lavoro moderno in cui puoi perseguire in modo creativo le tue passioni in un nuovo ambiente. Menu Start rinnovato, barra delle applicazioni ridisegnata, barra delle applicazioni ottimizzata, Centro operativo migliorato, nuovo pannello Impostazioni, widget, desktop virtuali: tutto ci\u00f2 rende Windows 11 facile e divertente da usare. <span class=\"items\"><span class=\"item\">Il product key di Windows 11 Pro <\/span><\/span><\/span><span class=\"items\"><span style=\"vertical-align: inherit;\"> include<\/span><\/span><span style=\"vertical-align: inherit;\"> tutti gli strumenti disponibili nella versione Home e altri aggiuntivi, utili nelle grandi aziende e utilizzati dai professionisti.<\/span><\/p>\n<\/div>\n<p><strong><br \/>\n<span style=\"vertical-align: inherit;\">Windows 11<\/span><\/strong><span style=\"vertical-align: inherit;\">\u00e8 uno degli aggiornamenti Windows pi\u00f9 significativi dell&#x27;ultimo decennio. Moderno, fresco, trasparente e bello. Dalla schermata di blocco al menu Start. <\/span><span style=\"vertical-align: inherit;\"><strong>Questo \u00e8 ci\u00f2 di cui parla<\/strong><\/span><span style=\"vertical-align: inherit;\"> il nuovo Windows 11. Ci\u00f2 di cui hai bisogno \u00e8 pi\u00f9 vicino a te, semplificato e alimentato dal cloud per fornirti le applicazioni e i documenti di cui hai attualmente bisogno.<\/span><\/p>\n<p>\u00a0<\/p>\n<h3><span style=\"vertical-align: inherit;\">Caratteristiche principali del prodotto   <\/span><span style=\"vertical-align: inherit;\"><span class=\"items\"><span class=\"item\">Microsoft Windows 11 Pro <\/span><\/span><\/span><span style=\"vertical-align: inherit;\"> :<\/span><\/h3>\n<ul>\n<li><strong><span style=\"vertical-align: inherit;\">Crittografia del dispositivo BitLocker: <\/span><\/strong><span style=\"vertical-align: inherit;\"> se il tuo dispositivo viene smarrito o rubato, BitLocker blocca tutto, in modo che nessun altro possa accedere ai tuoi sistemi o dati.<\/span><\/li>\n<li><strong><span style=\"vertical-align: inherit;\">Crittografia del dispositivo<\/span><\/strong><span style=\"vertical-align: inherit;\">: se abiliti la crittografia del dispositivo, solo le persone autorizzate potranno accedere al tuo dispositivo e ai tuoi dati.<\/span><\/li>\n<li><strong><span style=\"vertical-align: inherit;\">Trova il mio dispositivo<\/span><\/strong><span style=\"vertical-align: inherit;\">: monitora i tuoi dispositivi, anche la tua penna digitale!<\/span><\/li>\n<li><strong><span style=\"vertical-align: inherit;\">Firewall e protezione della rete<\/span><\/strong><span style=\"vertical-align: inherit;\">: il tuo dispositivo Windows dispone di funzionalit\u00e0 di sicurezza integrate per proteggerti da virus, malware e ransomware.<\/span><\/li>\n<li><strong><span style=\"vertical-align: inherit;\">Protezione Internet<\/span><\/strong><span style=\"vertical-align: inherit;\">  : il controllo delle app e del browser in Sicurezza di Windows aiuta a proteggere il dispositivo da app, file, siti Web e download potenzialmente pericolosi.<\/span><\/li>\n<li><strong><span style=\"vertical-align: inherit;\">Controllo genitori e protezione<\/span><\/strong><span style=\"vertical-align: inherit;\">: gestisci il tempo di utilizzo, limita l&#x27;accesso ai contenuti per adulti e controlla gli acquisti online quando colleghi gli account Microsoft della tua famiglia.<\/span><\/li>\n<li><strong><span style=\"vertical-align: inherit;\">Avvio protetto<\/span><\/strong><span style=\"vertical-align: inherit;\">: aiuta a impedire il caricamento di applicazioni software dannose e sistemi operativi non autorizzati durante il processo di avvio del sistema.<\/span><\/li>\n<li><strong><span style=\"vertical-align: inherit;\">Protezione delle informazioni di Windows (WIP): <\/span><\/strong><span style=\"vertical-align: inherit;\"> aiuta a proteggere le app e i dati aziendali da fughe di dati accidentali sui dispositivi di propriet\u00e0 dell&#x27;azienda e sui dispositivi personali che i dipendenti portano al lavoro.<\/span><\/li>\n<li><strong><span style=\"vertical-align: inherit;\">Windows Hello<\/span><\/strong><span style=\"vertical-align: inherit;\">: utilizza il riconoscimento facciale, l&#x27;impronta digitale o il PIN per sbloccare i dispositivi Windows compatibili in modo rapido, sicuro e senza password. <\/span><strong><span style=\"vertical-align: inherit;\">Sicurezza di Windows<\/span><\/strong><span style=\"vertical-align: inherit;\">: visualizza e gestisci la sicurezza e l&#x27;integrit\u00e0 del tuo dispositivo.<\/span><\/li>\n<\/ul>\n<h3><span style=\"vertical-align: inherit;\">Il prodotto include anche strumenti di gestione e distribuzione aziendale<\/span><\/h3>\n<ul>\n<li><span style=\"vertical-align: inherit;\">Accesso assegnato<\/span><\/li>\n<li><span style=\"vertical-align: inherit;\">Provisioning dinamico<\/span><\/li>\n<li><span style=\"vertical-align: inherit;\">Roaming dello stato aziendale con Azure<\/span><\/li>\n<li><span style=\"vertical-align: inherit;\">Criteri di gruppo<\/span><\/li>\n<li><span style=\"vertical-align: inherit;\">Configurazione della modalit\u00e0 a schermo intero<\/span><\/li>\n<li><span style=\"vertical-align: inherit;\">Microsoft Store per le aziende<\/span><\/li>\n<li><span style=\"vertical-align: inherit;\">Gestione dei dispositivi mobili<\/span><\/li>\n<li><span style=\"vertical-align: inherit;\">Supporto per Active Directory<\/span><\/li>\n<li><span style=\"vertical-align: inherit;\">Supporto per Azure Active Directory<\/span><\/li>\n<\/ul>\n<ul>\n<li><span style=\"vertical-align: inherit;\">Windows Update per le aziende<\/span><\/li>\n<\/ul>\n","protected":false},"excerpt":{"rendered":"<p>Codice prodotto Microsoft Windows 11 Professional (aggiornamento: da HOME a PRO) &#8211; Licenza a vita\u00a0 Nota: se non disponi di<\/p>\n","protected":false},"featured_media":17089,"comment_status":"open","ping_status":"open","template":"","meta":{"iawp_total_views":2},"pwb-brand":[100],"product_brand":[126],"product_cat":[101],"product_tag":[],"class_list":{"0":"post-17088","1":"product","2":"type-product","3":"status-publish","4":"has-post-thumbnail","6":"pwb-brand-microsoft","7":"product_brand-microsoft","8":"product_cat-operating-system","10":"first","11":"instock","12":"featured","13":"shipping-taxable","14":"purchasable","15":"product-type-simple"},"brands":[{"id":100,"name":"Microsoft","slug":"microsoft"}],"_links":{"self":[{"href":"https:\/\/keyease.net\/en_us\/wp-json\/wp\/v2\/product\/17088","targetHints":{"allow":["GET"]}}],"collection":[{"href":"https:\/\/keyease.net\/en_us\/wp-json\/wp\/v2\/product"}],"about":[{"href":"https:\/\/keyease.net\/en_us\/wp-json\/wp\/v2\/types\/product"}],"replies":[{"embeddable":true,"href":"https:\/\/keyease.net\/en_us\/wp-json\/wp\/v2\/comments?post=17088"}],"version-history":[{"count":2,"href":"https:\/\/keyease.net\/en_us\/wp-json\/wp\/v2\/product\/17088\/revisions"}],"predecessor-version":[{"id":17406,"href":"https:\/\/keyease.net\/en_us\/wp-json\/wp\/v2\/product\/17088\/revisions\/17406"}],"wp:featuredmedia":[{"embeddable":true,"href":"https:\/\/keyease.net\/en_us\/wp-json\/wp\/v2\/media\/17089"}],"wp:attachment":[{"href":"https:\/\/keyease.net\/en_us\/wp-json\/wp\/v2\/media?parent=17088"}],"wp:term":[{"taxonomy":"pwb-brand","embeddable":true,"href":"https:\/\/keyease.net\/en_us\/wp-json\/wp\/v2\/pwb-brand?post=17088"},{"taxonomy":"product_brand","embeddable":true,"href":"https:\/\/keyease.net\/en_us\/wp-json\/wp\/v2\/product_brand?post=17088"},{"taxonomy":"product_cat","embeddable":true,"href":"https:\/\/keyease.net\/en_us\/wp-json\/wp\/v2\/product_cat?post=17088"},{"taxonomy":"product_tag","embeddable":true,"href":"https:\/\/keyease.net\/en_us\/wp-json\/wp\/v2\/product_tag?post=17088"}],"curies":[{"name":"wp","href":"https:\/\/api.w.org\/{rel}","templated":true}]}}