{"id":17046,"date":"2023-12-15T00:00:00","date_gmt":"2023-12-15T00:00:00","guid":{"rendered":"https:\/\/keyease.net\/product\/microsoft-windows-7-ultimate-licenza-a-vita-2\/"},"modified":"2026-04-17T09:17:25","modified_gmt":"2026-04-17T09:17:25","slug":"microsoft-windows-7-ultimate-licenza-a-vita-2","status":"publish","type":"product","link":"https:\/\/keyease.net\/en_us\/product\/microsoft-windows-7-ultimate-licenza-a-vita-2\/","title":{"rendered":"MICROSOFT WINDOWS 7 ULTIMATE &#8211; Licenza a vita"},"content":{"rendered":"<h2>Informazioni sul prodotto &quot;Windows 7 Ultimate&quot;<\/h2>\n<p>Con Windows 7 Ultimate, avete la versione pi\u00f9 completa ed efficiente di Windows 7. Il sistema operativo \u00e8 stato sviluppato in modo da essere particolarmente adatto alle piccole imprese e ai professionisti, fornendo loro un supporto ottimale. Microsoft Windows 7 Ultimate offre non solo miglioramenti estetici, come l&#x27;interfaccia utente, ma anche molte nuove funzionalit\u00e0 per esigenze professionali. Il tutto all&#x27;interno di un pacchetto ricco di programmi di base e nuove caratteristiche.<\/p>\n<p>\u00a0<\/p>\n<p><strong>Interfaccia utente chiara e prestazioni ottimizzate<\/strong><\/p>\n<p>Il sistema operativo Windows 7 Ultimate vi offre una nuova interfaccia intuitiva. Questa include alcuni miglioramenti visivi generali, che coinvolgono parte delle applicazioni del sistema operativo. Un esempio di ci\u00f2 \u00e8 la rimozione della barra laterale della versione precedente di Windows Vista. I widget possono cos\u00ec, in Win 7 Ultimate, essere distribuiti in modo casuale su tutto il desktop e non sono pi\u00f9 limitati a una barra laterale. Ci\u00f2 consente di lavorare pi\u00f9 velocemente e di avere tutti i programmi e le applicazioni pi\u00f9 importanti a portata di mano. Inoltre, programmi di base come Paint e WordPad sono stati dotati di una barra dei menu a nastro. Microsoft Windows 7 Ultimate offre un&#x27;interfaccia con menu simile a quella del familiare Microsoft Office 2007, che permette di selezionare le funzioni in modo semplice.<\/p>\n<p>In Windows 7 Ultimate sono stati apportati miglioramenti tecnici al sistema, come una migliore gestione dei dispositivi esterni o l&#x27;introduzione del nuovo DirectX 11 che rendono il sistema pi\u00f9 potente. Quest&#x27;ultimo miglioramento consente un supporto grafico ottimale e pi\u00f9 veloce, Microsoft Windows 7 Ultimate elabora per voi processi grafici dispendiosi. Inoltre ora supporta anche dispositivi di input alternativi come i tablet e le funzioni ad essi associate come il multi-touch. In questo modo in Win 7 Ultimate \u00e8 possibile gestire diversi programmi contemporaneamente con pi\u00f9 dita. I requisiti di sistema per Windows 7 Ultimate sono limitati rispetto al suo predecessore, Windows Vista, nonostante le numerose innovazioni che confermano molte ottimizzazioni efficaci.<\/p>\n<p><strong>Tutte le principali innovazioni in Win 7 Ultimate<\/strong><\/p>\n<p>Un sistema visivamente e tecnologicamente ottimizzato come Microsoft Windows 7 Ultimate presenta naturalmente molte nuove funzionalit\u00e0 e programmi. Il sistema operativo Windows 7 Ultimate supporta questi miglioramenti, ideali per lavorare meglio al computer:<\/p>\n<p><strong>Dispositivi esterni:<\/strong><\/p>\n<p>migliore gestione dei dispositivi esterni<\/p>\n<p><strong>Registrazione dei problemi:<\/strong><\/p>\n<p>potenziato il rapporto di rilevamento dei problemi<\/p>\n<p><strong>Archivi:<\/strong><\/p>\n<p>documenti chiave facilmente raggiungibili in Explorer<\/p>\n<p><strong>Nuovo Centro sicurezza:<\/strong><\/p>\n<p>&quot;Centro operativo&quot; per il monitoraggio del firewall e dell&#x27;antivirus<\/p>\n<p><strong>Assistente vocale:<\/strong><\/p>\n<p>supporto operativo per gli utenti con disabilit\u00e0<\/p>\n<p><strong>Jump List:<\/strong><\/p>\n<p>per accedere rapidamente a dati e programmi<\/p>\n<p><strong>Stampa in base alla posizione, Host Desktop remoto, Funzioni avanzate<\/strong><\/p>\n<p>Le caratteristiche superflue sono state eliminate grazie all&#x27;ottimizzazione di Windows 7 Ultimate e, rispetto alla versione Professional, ne sono state aggiunte di nuove. Queste includono il supporto per i domini di Windows Server e la modalit\u00e0 XP, che consente di eseguire i programmi pi\u00f9 vecchi. Inoltre, il sistema operativo Win 7 Ultimate contiene l\u2019esclusivo programma di crittografia del disco &quot;BitLocker&quot;. In Microsoft Windows 7 \u00e8 presente anche la funzione di avvio da disco virtuale in formato VHD. La lingua del sistema pu\u00f2 essere modificata in qualsiasi momento.<\/p>\n<p>\u00a0<\/p>\n<h3><strong>WINDOWS 7 ULTIMATE &#8211; REQUISITI DI SISTEMA<\/strong><\/h3>\n<p><strong>Piattaforma<\/strong><br \/>\nWindows<\/p>\n<p><strong>Sistemi operativi supportati<\/strong><br \/>\nWindows 7, macOS Mojave, macOS High Sierra<\/p>\n<p><strong>Processore<\/strong><br \/>\nProcessore da almeno 1 GHz per 32 bit o 64 bit<\/p>\n<p><strong>RAM<\/strong><br \/>\n1 GB per 32 bit oppure 2 GB per 64 bit<\/p>\n<p><strong>Disco rigido<\/strong><br \/>\n16 GB per sistemi operativi a 32 bit o 20 GB per sistemi operativi a 64 bit<\/p>\n<p><strong>Scheda grafica<\/strong><br \/>\nDirectX 9 o superiore con driver WDDM 1.0<\/p>\n<p><strong>Scheda audio<\/strong><\/p>\n","protected":false},"excerpt":{"rendered":"<p>Informazioni sul prodotto &quot;Windows 7 Ultimate&quot; Con Windows 7 Ultimate, avete la versione pi\u00f9 completa ed efficiente di Windows 7.<\/p>\n","protected":false},"featured_media":17047,"comment_status":"open","ping_status":"open","template":"","meta":{"iawp_total_views":0},"pwb-brand":[100],"product_brand":[126],"product_cat":[101],"product_tag":[],"class_list":{"0":"post-17046","1":"product","2":"type-product","3":"status-publish","4":"has-post-thumbnail","6":"pwb-brand-microsoft","7":"product_brand-microsoft","8":"product_cat-operating-system","10":"first","11":"instock","12":"shipping-taxable","13":"purchasable","14":"product-type-simple"},"brands":[{"id":100,"name":"Microsoft","slug":"microsoft"}],"_links":{"self":[{"href":"https:\/\/keyease.net\/en_us\/wp-json\/wp\/v2\/product\/17046","targetHints":{"allow":["GET"]}}],"collection":[{"href":"https:\/\/keyease.net\/en_us\/wp-json\/wp\/v2\/product"}],"about":[{"href":"https:\/\/keyease.net\/en_us\/wp-json\/wp\/v2\/types\/product"}],"replies":[{"embeddable":true,"href":"https:\/\/keyease.net\/en_us\/wp-json\/wp\/v2\/comments?post=17046"}],"version-history":[{"count":2,"href":"https:\/\/keyease.net\/en_us\/wp-json\/wp\/v2\/product\/17046\/revisions"}],"predecessor-version":[{"id":17430,"href":"https:\/\/keyease.net\/en_us\/wp-json\/wp\/v2\/product\/17046\/revisions\/17430"}],"wp:featuredmedia":[{"embeddable":true,"href":"https:\/\/keyease.net\/en_us\/wp-json\/wp\/v2\/media\/17047"}],"wp:attachment":[{"href":"https:\/\/keyease.net\/en_us\/wp-json\/wp\/v2\/media?parent=17046"}],"wp:term":[{"taxonomy":"pwb-brand","embeddable":true,"href":"https:\/\/keyease.net\/en_us\/wp-json\/wp\/v2\/pwb-brand?post=17046"},{"taxonomy":"product_brand","embeddable":true,"href":"https:\/\/keyease.net\/en_us\/wp-json\/wp\/v2\/product_brand?post=17046"},{"taxonomy":"product_cat","embeddable":true,"href":"https:\/\/keyease.net\/en_us\/wp-json\/wp\/v2\/product_cat?post=17046"},{"taxonomy":"product_tag","embeddable":true,"href":"https:\/\/keyease.net\/en_us\/wp-json\/wp\/v2\/product_tag?post=17046"}],"curies":[{"name":"wp","href":"https:\/\/api.w.org\/{rel}","templated":true}]}}