{"id":17022,"date":"2023-12-14T00:00:00","date_gmt":"2023-12-14T00:00:00","guid":{"rendered":"https:\/\/keyease.net\/product\/microsoft-windows-10-home-n-licenza-a-vita-2\/"},"modified":"2026-04-17T09:17:24","modified_gmt":"2026-04-17T09:17:24","slug":"microsoft-windows-10-home-n-licenza-a-vita-2","status":"publish","type":"product","link":"https:\/\/keyease.net\/en_us\/product\/microsoft-windows-10-home-n-licenza-a-vita-2\/","title":{"rendered":"MICROSOFT WINDOWS 10 HOME N &#8211; Licenza a vita"},"content":{"rendered":"<h2>Windows 10 Home N<\/h2>\n<p>il nuovo sistema operativo rivolto ad aziende e professionisti e compatibile, oltre che con i classici dispositivi quali PC, desktop o laptop, anche con i moderni tablet. In questo modo Microsoft offre una piattaforma estesa con tutte le funzioni per garantire condizioni di lavoro ottimali agli utenti professionisti.<\/p>\n<p>Il nuovo Microsoft Windows 10 Home N offre agli utenti pi\u00f9 esperti e alle aziende un supporto ottimale per lavorare al computer. Cos\u00ec come le precedenti versioni \u201cPro\u201d, l\u2019interfaccia utente \u00e8 moderna e intuitiva e il sistema adatta le sue propriet\u00e0 a qualsiasi dispositivo. I requisiti di sistema sono praticamente gli stessi delle versioni 7 e 8.1, rendendo Microsoft Windows 10 Home N adatto anche a supporti pi\u00f9 datati, condizione particolarmente importante per le aziende.<\/p>\n<h3><strong>Le nuove funzionalit\u00e0 del sistema operativo Windows 10 Home N<\/strong><\/h3>\n<p>Il sistema operativo Microsoft Windows 10 Home N offre ai suoi utenti le cosiddette &quot;funzioni business&quot;, come l&#x27;accesso ai domini, la gestione dei criteri di gruppo, BitLocker, la modalit\u00e0 Enterprise per Internet Explorer EMIE, Remote Desktop, un accesso 8.1 dedicato e un Client Hyper-V. Win 10 Home N contiene inoltre, oltre alle funzioni professionali, nuove funzionalit\u00e0 e programmi, quali:<\/p>\n<ul>\n<li><strong>Cortana:<\/strong> Assistente vocale di sistema<\/li>\n<li><strong>Microsoft Edge:<\/strong> il nuovo browser che sostituisce il classico Internet Explorer<\/li>\n<li><strong>Riconoscimento facciale e delle impronte digitali<\/strong> (per i dispositivi predisposti)<\/li>\n<li><strong>Continuum:<\/strong> modalit\u00e0 tablet per i dispositivi touch-screen<\/li>\n<li><strong>Windows Holographic:<\/strong> piattaforma applicativa per lenti olografiche associate al sistema (realt\u00e0 estesa)<\/li>\n<\/ul>\n<p>I noti programmi di produttivit\u00e0 come quelli per la posta elettronica, il calendario, ecc. e i programmi per musica, video, foto, sono inclusi in Microsoft Windows 10 Home N, cos\u00ec come le nuove DirectX 12 che ottimizzano graficamente al meglio il sistema operativo. Inoltre, Win 10 Home N usufruisce del servizio online \u201cCloud Azure Active\u201d che, previa un&#x27;unica registrazione, permette l&#x27;accesso a numerose applicazioni in \u201cCloud SaaS\u201d come DropBox, Office 365 e Concur.<\/p>\n<h3><strong>Novit\u00e0 nelle funzioni di Microsoft Windows 10 Home N<\/strong><\/h3>\n<p>Cos\u00ec come in Windows 10 Home, anche Windows 10 Home N presenta un menu di avvio rinnovato in stile Metro. Le \u201ctessere\u201d possono essere personalizzate nei colori e nei contenuti ed \u00e8 possibile creare desktop virtuali per diversi usi. Con Microsoft Windows 10 Home N \u00e8 possibile accedere al Business Store di Microsoft.<\/p>\n<h3><strong>Sicurezza e privacy<\/strong><\/h3>\n<p>In tema di sicurezza, Microsoft Windows 10 Home supporta lo standard 2.0 della FIDO Alliance per le autenticazioni su Internet. In dotazione al riconoscimento biometrico c&#x27;\u00e8 \u201cMicrosoft Hello\u201d, che permette l&#x27;identificazione senza l&#x27;utilizzo di alcuna password. Per quanto riguarda la protezione dei dati, Microsoft Windows 10 Home include l&#x27;Enterprise Data Protection per la gestione dei dati attraverso diverse piattaforme.<\/p>\n<h3><strong>Il supporto informatico professionale di Windows 10 Home N<\/strong><\/h3>\n<p>In futuro non verranno pubblicate nuove versioni di Windows. Pertanto, Microsoft, oltre a ottimizzare questo ultimo sistema operativo e a risolvere eventuali \u201cbug\u201d, nei suoi servizi per Windows rilascer\u00e0 aggiornamenti che includeranno nuove funzionalit\u00e0 e caratteristiche. Windows 10 verr\u00e0 quindi costantemente ampliato e migliorato.<\/p>\n","protected":false},"excerpt":{"rendered":"<p>Windows 10 Home N il nuovo sistema operativo rivolto ad aziende e professionisti e compatibile, oltre che con i classici<\/p>\n","protected":false},"featured_media":17023,"comment_status":"open","ping_status":"open","template":"","meta":{"iawp_total_views":0},"pwb-brand":[100],"product_brand":[126],"product_cat":[101],"product_tag":[],"class_list":{"0":"post-17022","1":"product","2":"type-product","3":"status-publish","4":"has-post-thumbnail","6":"pwb-brand-microsoft","7":"product_brand-microsoft","8":"product_cat-operating-system","10":"first","11":"instock","12":"shipping-taxable","13":"purchasable","14":"product-type-simple"},"brands":[{"id":100,"name":"Microsoft","slug":"microsoft"}],"_links":{"self":[{"href":"https:\/\/keyease.net\/en_us\/wp-json\/wp\/v2\/product\/17022","targetHints":{"allow":["GET"]}}],"collection":[{"href":"https:\/\/keyease.net\/en_us\/wp-json\/wp\/v2\/product"}],"about":[{"href":"https:\/\/keyease.net\/en_us\/wp-json\/wp\/v2\/types\/product"}],"replies":[{"embeddable":true,"href":"https:\/\/keyease.net\/en_us\/wp-json\/wp\/v2\/comments?post=17022"}],"version-history":[{"count":2,"href":"https:\/\/keyease.net\/en_us\/wp-json\/wp\/v2\/product\/17022\/revisions"}],"predecessor-version":[{"id":17486,"href":"https:\/\/keyease.net\/en_us\/wp-json\/wp\/v2\/product\/17022\/revisions\/17486"}],"wp:featuredmedia":[{"embeddable":true,"href":"https:\/\/keyease.net\/en_us\/wp-json\/wp\/v2\/media\/17023"}],"wp:attachment":[{"href":"https:\/\/keyease.net\/en_us\/wp-json\/wp\/v2\/media?parent=17022"}],"wp:term":[{"taxonomy":"pwb-brand","embeddable":true,"href":"https:\/\/keyease.net\/en_us\/wp-json\/wp\/v2\/pwb-brand?post=17022"},{"taxonomy":"product_brand","embeddable":true,"href":"https:\/\/keyease.net\/en_us\/wp-json\/wp\/v2\/product_brand?post=17022"},{"taxonomy":"product_cat","embeddable":true,"href":"https:\/\/keyease.net\/en_us\/wp-json\/wp\/v2\/product_cat?post=17022"},{"taxonomy":"product_tag","embeddable":true,"href":"https:\/\/keyease.net\/en_us\/wp-json\/wp\/v2\/product_tag?post=17022"}],"curies":[{"name":"wp","href":"https:\/\/api.w.org\/{rel}","templated":true}]}}