{"id":16952,"date":"2023-11-30T00:00:00","date_gmt":"2023-11-30T00:00:00","guid":{"rendered":"https:\/\/keyease.net\/product\/office-2016-professional-plus-activation-key-licenza-a-vita-2\/"},"modified":"2026-04-17T09:17:23","modified_gmt":"2026-04-17T09:17:23","slug":"office-2016-professional-plus-activation-key-licenza-a-vita-2","status":"publish","type":"product","link":"https:\/\/keyease.net\/en_us\/product\/office-2016-professional-plus-activation-key-licenza-a-vita-2\/","title":{"rendered":"Office 2016 Professional Plus (Attivazione online)"},"content":{"rendered":"<div>\n<h2><strong><span style=\"vertical-align: inherit;\">Microsoft Office 2016 Professional Plus a 32 e 64 bit &#8211; Licenza a vita<\/span><\/strong><\/h2>\n<\/div>\n<p><b><span style=\"vertical-align: inherit;\">*IMPORTANTE: <\/span><\/b><span style=\"vertical-align: inherit;\"> questa versione di Office 2016 Professional non \u00e8 per MAC. Grazie a nuove funzionalit\u00e0 avanzate e migliorate,  <\/span><strong><span style=\"vertical-align: inherit;\">Microsoft Office 2016 Professional Plus<\/span><\/strong><span style=\"vertical-align: inherit;\"> \u00e8 una suite Office ad alte prestazioni che ti consente di lavorare in modo pi\u00f9 intelligente ed efficiente. Grazie alla sua versatilit\u00e0, \u00e8 adatto a tutti i tipi di utenti: liberi professionisti, aziende e privati. Lo spazio di archiviazione di OneDrive ti permette di accedere e modificare i file da qualsiasi dispositivo e luogo, semplificando notevolmente il lavoro ed eliminando la necessit\u00e0 di dispositivi esterni come chiavette USB, ecc&#8230; Un&#x27;altra funzionalit\u00e0 degna di nota \u00e8 la compatibilit\u00e0 integrata con i dispositivi touchscreen che consente di utilizzare le dita per interagire con lo schermo. Anche la grafica e il layout sono stati migliorati per un&#x27;esperienza pi\u00f9 intuitiva; ora \u00e8 pi\u00f9 facile trovare ci\u00f2 che cerchi, in pochi secondi, soprattutto con la casella di ricerca &quot;Raccontami&quot;. Per la sicurezza del tuo dispositivo consigliamo sempre l&#x27;installazione di un antivirus,<\/span><\/p>\n<h3><strong><span style=\"vertical-align: inherit;\">Office 2016 Professional Plus \u00e8 compatibile con Windows 10 e Windows 11<\/span><\/strong><\/h3>\n<p><span style=\"vertical-align: inherit;\">Office 2016 \u00e8 perfettamente compatibile con <\/span><strong title=\"Acquistare e scaricare i sistemi operativi Windows 10\"><span style=\"vertical-align: inherit;\">i sistemi operativi Windows 10<\/span><\/strong><span style=\"vertical-align: inherit;\"> e <\/span><strong><span style=\"vertical-align: inherit;\">Windows 11;<\/span><\/strong><span style=\"vertical-align: inherit;\"> infatti i programmi si integrano perfettamente grazie a un design e un&#x27;interfaccia coordinati. Sono ora implementate le funzionalit\u00e0 integrate per i dispositivi touchscreen; questo ti consente di lavorare sia con il mouse che con la tastiera, o direttamente con la punta delle dita sul tuo dispositivo preferito. Compatibile anche con:  <\/span><strong><span style=\"vertical-align: inherit;\">Windows 7 <\/span><\/strong><em><strong><span style=\"vertical-align: inherit;\"> \u2013  <\/span><\/strong><\/em><strong><span style=\"vertical-align: inherit;\">Windows 8\/8.1<\/span><br \/>\n<\/strong><span style=\"vertical-align: inherit;\">Altre versioni della <strong>suite Microsoft Office<\/strong>  sono disponibili nel nostro store: <strong>\u00a0Office 2021 \u2013 Office 2019 \u2013 Office 2016 \u2013 OFFICE 2019 HOME &amp; BUSINESS MAC \u2013  Office Home &amp; Business 2016 \u2013 VISIO PROFESSIONAL 2021 \u2013 PROJECT PROFESSIONAL 2021<\/strong><\/span><\/p>\n<h3><\/h3>\n<h3><strong><span style=\"vertical-align: inherit;\">Le applicazioni di Office 2016 Professional Plus sono elencate di seguito.<\/span><\/strong><\/h3>\n<p><strong><span style=\"vertical-align: inherit;\">\u2022  Word 2016:   <\/span><\/strong><span style=\"vertical-align: inherit;\">ora puoi fare molto di pi\u00f9 con Word 2016; i blocchi di testo ormai obsoleti sono stati aggiornati con la possibilit\u00e0 di inserire elementi non testuali, come grafica, foto e altro. Ci\u00f2 ti consente di rendere il tuo lavoro molto pi\u00f9 accattivante.<\/span><\/p>\n<p><strong><span style=\"vertical-align: inherit;\">\u2022 Excel 2016:<\/span><\/strong><span style=\"vertical-align: inherit;\">  migliora l&#x27;impatto visivo dei tuoi grafici e crea fogli di calcolo altamente professionali. Un programma che offre un&#x27;ampia gamma di caratteristiche e funzionalit\u00e0 professionali, dalla creazione di tabelle finanziarie, a database di prodotti e tabelle Excel di ogni tipo.<\/span><\/p>\n<p><strong><span style=\"vertical-align: inherit;\">\u2022 PowerPoint 2016:<\/span><\/strong><span style=\"vertical-align: inherit;\">  crea presentazioni professionali in pochi clic, incorporando nuove transizioni e grafica animata. \u00c8 stato migliorato per prestazioni migliori e un&#x27;esperienza di lavoro notevolmente semplificata.<\/span><\/p>\n<p><strong><span style=\"vertical-align: inherit;\">\u2022 Outlook 2016:<\/span><\/strong><span style=\"vertical-align: inherit;\">  rimani sempre al passo con i tempi grazie a una gestione veloce di email, contatti e appuntamenti. Tutto questo \u00e8 essenziale per una gestione competente delle tue relazioni lavorative e personali.<\/span><\/p>\n<p><strong><span style=\"vertical-align: inherit;\">\u2022 Publisher 2016:<\/span><\/strong><span style=\"vertical-align: inherit;\">  crea pubblicazioni che stupiranno partner e clienti nel modo pi\u00f9 semplice ed efficace. Publisher 2016 ti consente di gestire facilmente la pubblicazione di volantini, pubblicit\u00e0, riviste dall&#x27;aspetto professionale e molto altro.<\/span><\/p>\n<p><strong><span style=\"vertical-align: inherit;\">\u2022 OneNote 2016:<\/span><\/strong><span style=\"vertical-align: inherit;\">  inserisci immagini, file, video e collegamenti nelle tue note e condividili con i tuoi colleghi. OneNote 2016 offre un&#x27;esperienza pi\u00f9 semplice ed efficace.<\/span><\/p>\n<p><strong><span style=\"vertical-align: inherit;\">\u2022 Access 2016:<\/span><\/strong><span style=\"vertical-align: inherit;\">  crea e gestisci database avanzati basati su browser con questo strumento, sia che si tratti di piccoli o grandi volumi di dati.<\/span><\/p>\n<p><strong><span style=\"vertical-align: inherit;\">\u2022 Lync 2016:<\/span><\/strong><span style=\"vertical-align: inherit;\">  grazie alle funzionalit\u00e0 di videoconferenza e chiamata audio, potrai comunicare senza problemi su Internet con Lync.<\/span><\/p>\n<p><strong><span style=\"vertical-align: inherit;\">\u2022 InfoPath 2016:<\/span><\/strong><span style=\"vertical-align: inherit;\">  raccogli e archivia i dati con InfoPath per ottimizzare il tuo lavoro. Tutto questo e molto altro con Office 2016 Professional Plus<\/span><\/p>\n<h3><strong><span style=\"vertical-align: inherit;\">Cosa ricever\u00f2 se acquisto Office 2016 Professional Plus 32\/64 bit?<\/span><\/strong><\/h3>\n<p><span style=\"vertical-align: inherit;\">Il prodotto viene consegnato in pochi secondi <\/span><strong> <\/strong><span style=\"vertical-align: inherit;\">direttamente via email,  <\/span><strong><span style=\"vertical-align: inherit;\">evitando cos\u00ec l&#x27;impatto ambientale della spedizione di beni fisici<\/span><\/strong><span style=\"vertical-align: inherit;\"> .<\/span><\/p>\n<ul>\n<li><span style=\"vertical-align: inherit;\">\u00a0\u2013 1 codice di attivazione per Microsoft Office 2016 Professional Plus 32\/64 bit valido per l&#x27;utilizzo su 1 PC (codice prodotto)<\/span><\/li>\n<li><span style=\"vertical-align: inherit;\">\u00a0\u2013 Link per il download di Office 2016 a 32\/64 bit (file ISO)<\/span><\/li>\n<li><span style=\"vertical-align: inherit;\">\u00a0\u2013 Guida all&#x27;installazione semplice e veloce<\/span><\/li>\n<li><span style=\"vertical-align: inherit;\">\u00a0\u2013 Assistenza tecnica gratuita<\/span><\/li>\n<\/ul>\n<h3><\/h3>\n<p>\u00a0<\/p>\n","protected":false},"excerpt":{"rendered":"<p>Microsoft Office 2016 Professional Plus a 32 e 64 bit &#8211; Licenza a vita *IMPORTANTE: questa versione di Office 2016<\/p>\n","protected":false},"featured_media":16953,"comment_status":"open","ping_status":"open","template":"","meta":{"iawp_total_views":0},"pwb-brand":[100],"product_brand":[126],"product_cat":[99],"product_tag":[],"class_list":{"0":"post-16952","1":"product","2":"type-product","3":"status-publish","4":"has-post-thumbnail","6":"pwb-brand-microsoft","7":"product_brand-microsoft","8":"product_cat-microsoft-office","10":"first","11":"instock","12":"shipping-taxable","13":"purchasable","14":"product-type-simple"},"brands":[{"id":100,"name":"Microsoft","slug":"microsoft"}],"_links":{"self":[{"href":"https:\/\/keyease.net\/en_us\/wp-json\/wp\/v2\/product\/16952","targetHints":{"allow":["GET"]}}],"collection":[{"href":"https:\/\/keyease.net\/en_us\/wp-json\/wp\/v2\/product"}],"about":[{"href":"https:\/\/keyease.net\/en_us\/wp-json\/wp\/v2\/types\/product"}],"replies":[{"embeddable":true,"href":"https:\/\/keyease.net\/en_us\/wp-json\/wp\/v2\/comments?post=16952"}],"version-history":[{"count":2,"href":"https:\/\/keyease.net\/en_us\/wp-json\/wp\/v2\/product\/16952\/revisions"}],"predecessor-version":[{"id":17547,"href":"https:\/\/keyease.net\/en_us\/wp-json\/wp\/v2\/product\/16952\/revisions\/17547"}],"wp:featuredmedia":[{"embeddable":true,"href":"https:\/\/keyease.net\/en_us\/wp-json\/wp\/v2\/media\/16953"}],"wp:attachment":[{"href":"https:\/\/keyease.net\/en_us\/wp-json\/wp\/v2\/media?parent=16952"}],"wp:term":[{"taxonomy":"pwb-brand","embeddable":true,"href":"https:\/\/keyease.net\/en_us\/wp-json\/wp\/v2\/pwb-brand?post=16952"},{"taxonomy":"product_brand","embeddable":true,"href":"https:\/\/keyease.net\/en_us\/wp-json\/wp\/v2\/product_brand?post=16952"},{"taxonomy":"product_cat","embeddable":true,"href":"https:\/\/keyease.net\/en_us\/wp-json\/wp\/v2\/product_cat?post=16952"},{"taxonomy":"product_tag","embeddable":true,"href":"https:\/\/keyease.net\/en_us\/wp-json\/wp\/v2\/product_tag?post=16952"}],"curies":[{"name":"wp","href":"https:\/\/api.w.org\/{rel}","templated":true}]}}