{"id":16950,"date":"2023-11-30T00:00:00","date_gmt":"2023-11-30T00:00:00","guid":{"rendered":"https:\/\/keyease.net\/product\/project-2019-professional-activation-key-pc-licenza-a-vita-2\/"},"modified":"2026-04-17T09:17:23","modified_gmt":"2026-04-17T09:17:23","slug":"project-2019-professional-activation-key-pc-licenza-a-vita-2","status":"publish","type":"product","link":"https:\/\/keyease.net\/en_us\/product\/project-2019-professional-activation-key-pc-licenza-a-vita-2\/","title":{"rendered":"PROGETTO 2019 CHIAVE DI ATTIVAZIONE PROFESSIONALE \u2013 (PC) &#8211; Licenza a vita"},"content":{"rendered":"<h2>PROGETTO 2019 CHIAVE DI ATTIVAZIONE PROFESSIONALE<\/h2>\n<h2 class=\"c-heading-3\"><span style=\"vertical-align: inherit;\">Migliorare la selezione e la consegna dei progetti<\/span><\/h2>\n<p><span style=\"vertical-align: inherit;\">Puoi utilizzare il software di gestione dei progetti per pianificare i progetti, collaborare con gli altri e rimanere aggiornato sui progressi del progetto. <\/span><a href=\"https:\/\/www.microsoft.com\/fr-ww\/microsoft-365\/microsoft-office\"><span style=\"vertical-align: inherit;\">MS<\/span><\/a><span style=\"vertical-align: inherit;\">  Project Professional 2019 include strumenti all&#x27;avanguardia che aiuteranno tutto il tuo team a lavorare meglio insieme.<\/span><\/p>\n<p><span class=\"m_-6645966102292530557gmail-s1\"><span style=\"vertical-align: inherit;\">\u00c8 perfetto per le aziende e  <\/span><span class=\"il\"><span style=\"vertical-align: inherit;\">i project<\/span><\/span><span style=\"vertical-align: inherit;\">  manager che hanno bisogno di sfruttare al massimo tempo e risorse. Per i professionisti che hanno pi\u00f9 attivit\u00e0 di quante ne possano contare, Microsoft <\/span><span class=\"il\"><span style=\"vertical-align: inherit;\">Project<\/span><\/span><span style=\"vertical-align: inherit;\"> Professional \u00e8 come avere un assistente personale, ma migliore.\u00a0<\/span><\/span><span style=\"vertical-align: inherit;\"><span class=\"m_-6645966102292530557gmail-s1\">Consente una pianificazione e una gestione complete, ponendo al contempo l\u2019accento sull\u2019accessibilit\u00e0 e l\u2019usabilit\u00e0. Grazie all\u2019aggiornamento in tempo reale e agli strumenti e alle funzionalit\u00e0 appena aggiunti, <\/span><span class=\"m_-6645966102292530557gmail-s1\"><span class=\"il\">Project 2019<\/span><\/span><span class=\"m_-6645966102292530557gmail-s1\"> dimezza il lavoro e pi\u00f9 che raddoppia i progressi.<\/span><\/span><span class=\"m_-6645966102292530557gmail-s4\">\u00a0<\/span><span class=\"m_-6645966102292530557gmail-s1\">\u00a0<\/span><\/p>\n<h2><span style=\"vertical-align: inherit;\">Perch\u00e9 acquistare il nostro codice prodotto Microsoft Project Professional 2019<\/span><\/h2>\n<p><span style=\"vertical-align: inherit;\">Ti garantiamo lo sconto pi\u00f9 alto, il prezzo di mercato pi\u00f9 basso e, cosa pi\u00f9 importante, un prodotto originale al 100%. Una volta acquistato e attivato, sar\u00e0 tuo per sempre, il che significa che se dovessi reinstallare il sistema operativo o il pacchetto software, potrai utilizzare la stessa chiave per attivarlo nuovamente! Supporto per gli aggiornamenti online, supporta la versione in tutte le lingue. Questo prodotto sar\u00e0 in grado di attivare entrambe le versioni a 32 bit e 64 bit del software. Ti invieremo la chiave di attivazione di MS Project Professional 2019 via e-mail entro 1-2 ore dal completamento del pagamento.<\/span><\/p>\n<p><strong><span style=\"vertical-align: inherit;\">Nota:<\/span><\/strong><\/p>\n<ul>\n<li class=\"item\"><span style=\"vertical-align: inherit;\">Windows XP e Vista NON sono supportati. Questo prodotto richiede Windows 7 o sistemi operativi pi\u00f9 recenti.<\/span><\/li>\n<li><span style=\"vertical-align: inherit;\">Supporta entrambe le versioni di Office a 32-64 bit.<\/span><\/li>\n<li><span style=\"vertical-align: inherit;\">Licenza globale, disponibile in tutto il mondo, nessuna restrizione regionale. Puoi utilizzarla per attivare Microsoft Project Professional 2019 in qualsiasi regione<\/span><\/li>\n<\/ul>\n<p>\u00a0<\/p>\n","protected":false},"excerpt":{"rendered":"<p>PROGETTO 2019 CHIAVE DI ATTIVAZIONE PROFESSIONALE Migliorare la selezione e la consegna dei progetti Puoi utilizzare il software di gestione<\/p>\n","protected":false},"featured_media":16951,"comment_status":"open","ping_status":"open","template":"","meta":{"iawp_total_views":0},"pwb-brand":[100],"product_brand":[126],"product_cat":[99],"product_tag":[],"class_list":{"0":"post-16950","1":"product","2":"type-product","3":"status-publish","4":"has-post-thumbnail","6":"pwb-brand-microsoft","7":"product_brand-microsoft","8":"product_cat-microsoft-office","10":"first","11":"instock","12":"shipping-taxable","13":"purchasable","14":"product-type-simple"},"brands":[{"id":100,"name":"Microsoft","slug":"microsoft"}],"_links":{"self":[{"href":"https:\/\/keyease.net\/en_us\/wp-json\/wp\/v2\/product\/16950","targetHints":{"allow":["GET"]}}],"collection":[{"href":"https:\/\/keyease.net\/en_us\/wp-json\/wp\/v2\/product"}],"about":[{"href":"https:\/\/keyease.net\/en_us\/wp-json\/wp\/v2\/types\/product"}],"replies":[{"embeddable":true,"href":"https:\/\/keyease.net\/en_us\/wp-json\/wp\/v2\/comments?post=16950"}],"version-history":[{"count":2,"href":"https:\/\/keyease.net\/en_us\/wp-json\/wp\/v2\/product\/16950\/revisions"}],"predecessor-version":[{"id":17559,"href":"https:\/\/keyease.net\/en_us\/wp-json\/wp\/v2\/product\/16950\/revisions\/17559"}],"wp:featuredmedia":[{"embeddable":true,"href":"https:\/\/keyease.net\/en_us\/wp-json\/wp\/v2\/media\/16951"}],"wp:attachment":[{"href":"https:\/\/keyease.net\/en_us\/wp-json\/wp\/v2\/media?parent=16950"}],"wp:term":[{"taxonomy":"pwb-brand","embeddable":true,"href":"https:\/\/keyease.net\/en_us\/wp-json\/wp\/v2\/pwb-brand?post=16950"},{"taxonomy":"product_brand","embeddable":true,"href":"https:\/\/keyease.net\/en_us\/wp-json\/wp\/v2\/product_brand?post=16950"},{"taxonomy":"product_cat","embeddable":true,"href":"https:\/\/keyease.net\/en_us\/wp-json\/wp\/v2\/product_cat?post=16950"},{"taxonomy":"product_tag","embeddable":true,"href":"https:\/\/keyease.net\/en_us\/wp-json\/wp\/v2\/product_tag?post=16950"}],"curies":[{"name":"wp","href":"https:\/\/api.w.org\/{rel}","templated":true}]}}