{"id":16942,"date":"2023-11-30T00:00:00","date_gmt":"2023-11-30T00:00:00","guid":{"rendered":"https:\/\/keyease.net\/product\/visual-studio-2019-enterprise-activation-key-pc-licenza-a-vita-2\/"},"modified":"2026-04-17T09:17:23","modified_gmt":"2026-04-17T09:17:23","slug":"visual-studio-2019-enterprise-activation-key-pc-licenza-a-vita-2","status":"publish","type":"product","link":"https:\/\/keyease.net\/en_us\/product\/visual-studio-2019-enterprise-activation-key-pc-licenza-a-vita-2\/","title":{"rendered":"CODICE DI ATTIVAZIONE DI VISUAL STUDIO 2019 ENTERPRISE \u2013 (PC) &#8211; Licenza a vita"},"content":{"rendered":"<h2>VISUAL STUDIO 2019 ENTERPRISE CHIAVE DI ATTIVAZIONE \u2013 (PC) &#8211; Licenza a vita<\/h2>\n<p><span style=\"vertical-align: inherit;\">Con l&#x27;ambiente di sviluppo \u00e8 possibile rendere disponibili applicazioni aziendali complesse. La versione Enterprise della soluzione end-to-end \u00e8 particolarmente adatta per le aziende pi\u00f9 grandi e per i team di programmazione. Ti conquister\u00e0 con la sua vasta scelta di strumenti per progettare e testare programmi. Visual Studio pu\u00f2 inoltre essere abbinato a diversi servizi e abbonamenti, in modo che ogni azienda possa creare l&#x27;ambiente di sviluppo di cui ha bisogno. Acquistare Visual Studio 2019 Enterprise significa scegliere una soluzione integrata in grado di soddisfare elevate aspettative in termini di qualit\u00e0 e scalabilit\u00e0.<\/span><\/p>\n<h3><span style=\"vertical-align: inherit;\">SVILUPPA E TESTA APP ADATTE A TUTTI I DISPOSITIVI<\/span><\/h3>\n<p><span style=\"vertical-align: inherit;\">Acquistare Visual Studio 2019 Enterprise significa ricevere anche Visual Studio per Mac, che ti consente di creare app Web e software per dispositivi mobili in modo rapido e semplice. Un ambiente di sviluppo come Visual Studio 2019 Enterprise aiuta gli sviluppatori a dedicare pi\u00f9 tempo alla codifica e meno al debug. Il programma contiene una serie di test dei componenti per il codice e consente l&#x27;esecuzione automatica dei test mentre si scrive il codice. I risultati dei test possono essere visualizzati in tempo reale. In questo modo \u00e8 possibile garantire che il codice sia compatibile con le regole di dipendenza architettonica. Visual Studio Enterprise pu\u00f2, se necessario, offrire anche una catena completa di strumenti DevOps, che pu\u00f2 includere, ad esempio, pipeline CI\/CD automatizzate. Grazie alla pianificazione intelligente dei test del software \u00e8 possibile comprendere in modo rapido e semplice la causa principale dei problemi e risolvere cos\u00ec gli errori pi\u00f9 rapidamente. A tal fine si possono effettuare test manuali ed esplorativi in modo mirato. Utile \u00e8 anche la facile integrazione dei test di capacit\u00e0 nel processo di sviluppo, che consente la comparsa di un numero illimitato di utenti virtuali. Gli strumenti avanzati di debug e diagnostica consentono l&#x27;identificazione degli errori nelle app desktop, web, cloud e mobili in fase di sviluppo. Una caratteristica particolare \u00e8 IntelliTrace, uno strumento per il debug storico, che supporta i team in caso di problemi che altrimenti sarebbero difficili da riprodurre. Code Map consente inoltre il debug visivo delle applicazioni, con il quale possono diventare comprensibili anche le dipendenze per codebase molto grandi.<\/span><\/p>\n<h3><span style=\"vertical-align: inherit;\">PROGRAMMAZIONE ALTAMENTE PRODUTTIVA CON SOFTWARE MODERNO<\/span><\/h3>\n<p><span style=\"vertical-align: inherit;\">Nello sviluppo di Visual Studio 2019, l&#x27;azienda statunitense produttrice ha dato importanza alla creazione di un prodotto veloce, affidabile e di facile utilizzo. Per questo motivo sono state adottate molte funzioni apprezzate e collaudate di Visual Studio 2017. Tuttavia, gli utenti possono aspettarsi pi\u00f9 possibilit\u00e0 e funzionalit\u00e0 ancora pi\u00f9 stabili. Ad esempio, il refactoring e la navigazione sono stati migliorati. Anche il debugger \u00e8 stato aggiornato. Visual Studio 2019 \u00e8 sinonimo di caricamenti e build rapidi delle soluzioni. Inoltre, gli utenti del software di sviluppo beneficeranno di maggiori possibilit\u00e0 di collaborazione in team. La funzione Live Share, ad esempio, semplifica la cooperazione in tempo reale tra pi\u00f9 programmatori. Inoltre, sono disponibili assistenti digitali per singoli sviluppatori e team. Una parte importante di questa funzione \u00e8 IntelliCode. Ci\u00f2 fornisce suggerimenti indipendenti e produttivi per il miglioramento del codice scritto.<\/span><\/p>\n<h3><span style=\"vertical-align: inherit;\">ACQUISTA VISUAL STUDIO 2019 ENTERPRISE PER IL DOWNLOAD<\/span><\/h3>\n<p><span style=\"vertical-align: inherit;\">Con All Good Keys le aziende possono acquistare software originale in modo semplice e sicuro. Tramite la nostra connessione sicura i programmi possono essere scaricati direttamente. Naturalmente sono inclusi la chiave di licenza necessaria e una consulenza competente. Inoltre, Visual Studio 2019 include aggiornamenti sempre pi\u00f9 piccoli. L&#x27;acquisto della <\/span><a href=\"https:\/\/www.google.com\/url?sa=t&amp;rct=j&amp;q=&amp;esrc=s&amp;source=web&amp;cd=&amp;cad=rja&amp;uact=8&amp;ved=2ahUKEwi14YWS8dD5AhXBxoUKHRsTACcQFnoECAQQAQ&amp;url=https:\/\/visualstudio.microsoft.com\/&amp;usg=AOvVaw1Y_jLQlZaBsA1JccnrrD1_\" target=\"_blank\" rel=\"noopener\"><span style=\"vertical-align: inherit;\">versione completa<\/span><\/a><span style=\"vertical-align: inherit;\"> d\u00e0 naturalmente diritto all&#x27;utente di ricevere tutti gli aggiornamenti di servizi e funzionalit\u00e0. In questo contesto il produttore di software pone sempre pi\u00f9 l\u2019accento sulla considerazione del feedback degli utenti. I clienti ricevono cos\u00ec un ambiente di sviluppo fortemente orientato alle reali esigenze dei programmatori. Prima di decidere di acquistare, i clienti devono inoltre essere consapevoli del fatto che Visual Studio Professional \u00e8 rivolto alle piccole imprese e ai lavoratori autonomi. La versione Enterprise, invece, soddisfer\u00e0 le esigenze di aziende di ogni dimensione e vi conquister\u00e0 con una sofisticata gamma di funzioni. Se hai ancora domande su Visual Studio 2019 Enterprise, puoi contattare il team di All Good Keys in vari modi.<\/span><\/p>\n<p>\u00a0<\/p>\n","protected":false},"excerpt":{"rendered":"<p>VISUAL STUDIO 2019 ENTERPRISE CHIAVE DI ATTIVAZIONE \u2013 (PC) &#8211; Licenza a vita Con l&#x27;ambiente di sviluppo \u00e8 possibile rendere<\/p>\n","protected":false},"featured_media":16943,"comment_status":"open","ping_status":"open","template":"","meta":{"iawp_total_views":0},"pwb-brand":[100],"product_brand":[126],"product_cat":[99],"product_tag":[],"class_list":{"0":"post-16942","1":"product","2":"type-product","3":"status-publish","4":"has-post-thumbnail","6":"pwb-brand-microsoft","7":"product_brand-microsoft","8":"product_cat-microsoft-office","10":"first","11":"instock","12":"shipping-taxable","13":"purchasable","14":"product-type-simple"},"brands":[{"id":100,"name":"Microsoft","slug":"microsoft"}],"_links":{"self":[{"href":"https:\/\/keyease.net\/en_us\/wp-json\/wp\/v2\/product\/16942","targetHints":{"allow":["GET"]}}],"collection":[{"href":"https:\/\/keyease.net\/en_us\/wp-json\/wp\/v2\/product"}],"about":[{"href":"https:\/\/keyease.net\/en_us\/wp-json\/wp\/v2\/types\/product"}],"replies":[{"embeddable":true,"href":"https:\/\/keyease.net\/en_us\/wp-json\/wp\/v2\/comments?post=16942"}],"version-history":[{"count":2,"href":"https:\/\/keyease.net\/en_us\/wp-json\/wp\/v2\/product\/16942\/revisions"}],"predecessor-version":[{"id":17537,"href":"https:\/\/keyease.net\/en_us\/wp-json\/wp\/v2\/product\/16942\/revisions\/17537"}],"wp:featuredmedia":[{"embeddable":true,"href":"https:\/\/keyease.net\/en_us\/wp-json\/wp\/v2\/media\/16943"}],"wp:attachment":[{"href":"https:\/\/keyease.net\/en_us\/wp-json\/wp\/v2\/media?parent=16942"}],"wp:term":[{"taxonomy":"pwb-brand","embeddable":true,"href":"https:\/\/keyease.net\/en_us\/wp-json\/wp\/v2\/pwb-brand?post=16942"},{"taxonomy":"product_brand","embeddable":true,"href":"https:\/\/keyease.net\/en_us\/wp-json\/wp\/v2\/product_brand?post=16942"},{"taxonomy":"product_cat","embeddable":true,"href":"https:\/\/keyease.net\/en_us\/wp-json\/wp\/v2\/product_cat?post=16942"},{"taxonomy":"product_tag","embeddable":true,"href":"https:\/\/keyease.net\/en_us\/wp-json\/wp\/v2\/product_tag?post=16942"}],"curies":[{"name":"wp","href":"https:\/\/api.w.org\/{rel}","templated":true}]}}