{"id":16940,"date":"2023-11-30T00:00:00","date_gmt":"2023-11-30T00:00:00","guid":{"rendered":"https:\/\/keyease.net\/product\/visual-studio-2019-professional-activation-key-pc-licenza-a-vita-2\/"},"modified":"2026-04-17T09:17:23","modified_gmt":"2026-04-17T09:17:23","slug":"visual-studio-2019-professional-activation-key-pc-licenza-a-vita-2","status":"publish","type":"product","link":"https:\/\/keyease.net\/en_us\/product\/visual-studio-2019-professional-activation-key-pc-licenza-a-vita-2\/","title":{"rendered":"CODICE DI ATTIVAZIONE DI VISUAL STUDIO 2019 PROFESSIONAL \u2013 (PC) &#8211; Licenza a vita"},"content":{"rendered":"<h2>VISUAL STUDIO 2019 PROFESSIONAL CHIAVE DI ATTIVAZIONE \u2013 (PC) &#8211; Licenza a vita<\/h2>\n<p><span style=\"vertical-align: inherit;\">\u00e8 uno strumento intelligente per lo sviluppo di software. La suite combina le funzionalit\u00e0 del popolare Visual Studio 2017 con nuove pratiche funzioni. Ci\u00f2 consente all&#x27;utente di scrivere codice in modo efficiente e di identificare eventuali errori. A questo scopo \u00e8 possibile utilizzare un gran numero di linguaggi. L&#x27;acquisto di Visual Studio 2019 Professional fornisce agli sviluppatori e alle aziende un ambiente di sviluppo integrato rivolto a diverse piattaforme.<\/span><\/p>\n<h3><span style=\"vertical-align: inherit;\">COLLABORAZIONE SEMPLIFICATA E FUNZIONI AI<\/span><\/h3>\n<p><span style=\"vertical-align: inherit;\">L&#x27;attuale versione di Visual Studio \u00e8 semplice da navigare, con ausili speciali per gli sviluppatori con problemi di vista. Il software presenta un refactoring migliorato rispetto alle versioni precedenti. La soluzione Loads and Builds \u00e8 stata rielaborata nell&#x27;ambito dello sviluppo continuo del programma. Lo strumento debugger, cos\u00ec importante per una programmazione efficace, dispone ora di una gamma pi\u00f9 ampia di opzioni. Live Share rende il lavoro di squadra in tempo reale ancora pi\u00f9 semplice e produttivo: le precedenti funzioni relative alla gestione del codice di programma condiviso sono state ampliate e migliorate. La funzionalit\u00e0 IntelliCode \u00e8 inclusa in Visual Studio 2019 Professional per aumentare i livelli di produttivit\u00e0 dei team e dei singoli sviluppatori. L&#x27;intelligenza artificiale interviene per assistere lo sviluppatore. Ad esempio, propone miglioramenti alla qualit\u00e0 del codice. Affinch\u00e9 l&#x27;utente possa applicare il linguaggio corretto a ciascun progetto, l&#x27;ambiente di sviluppo continua a supportare linguaggi pi\u00f9 datati come C o C++ e linguaggi pi\u00f9 recenti come C#.<\/span><\/p>\n<h3><span style=\"vertical-align: inherit;\">SVILUPPO PER DIVERSE PIATTAFORME<\/span><\/h3>\n<p><span style=\"vertical-align: inherit;\">L&#x27;acquisto di Visual Studio 2019 Professional consente lo sviluppo di soluzioni per diverse piattaforme. Il software fornisce una gamma impressionante di ambienti per varie applicazioni. Le soluzioni mobili possono essere sviluppate facilmente, lavorando da soli o in squadra. L&#x27;IDE Visual Studio include diversi strumenti per migliorare il codice delle app. Non ci sono restrizioni allo sviluppo di app native per iOS, Android e Windows. Il lavoro di codifica e debug pu\u00f2 essere condiviso tra i membri del team. Le applicazioni programmate per PC, dispositivi mobili o Web possono basarsi su applicazioni esistenti. L&#x27;integrazione del codice gi\u00e0 scritto in Visual Studio pu\u00f2 essere eseguita senza problemi.<\/span><\/p>\n<h3><span style=\"vertical-align: inherit;\">STRUMENTI DI SVILUPPO PROFESSIONALE PER PICCOLE E MEDIE IMPRESE<\/span><\/h3>\n<p><span style=\"vertical-align: inherit;\">Le aziende che scelgono di acquistare Visual Studio 2019 Professional aumentano, tra gli altri vantaggi, la produttivit\u00e0 del team. Potenti funzioni nell&#x27;ambiente di sviluppo consentono ai dipendenti di visualizzare grandi volumi di dati direttamente in modalit\u00e0 codice. Eventuali modifiche apportate vengono visualizzate in modo chiaro e strutturate in base alle singole persone. I riferimenti ai codici e i test superati possono essere trovati rapidamente. Visual Studio ha molte altre funzioni utili, come strumenti di pianificazione per progetti Agile e diagrammi visualizzati in modo chiaro. Acquistando una licenza di Visual Studio, hai automaticamente accesso ai prossimi aggiornamenti e alle correzioni di bug, rendendo il software un investimento prezioso a lungo termine.<\/span><\/p>\n<h3><span style=\"vertical-align: inherit;\">ACQUISTA VISUAL STUDIO 2019 PROFESSIONAL<\/span><\/h3>\n<p><span style=\"vertical-align: inherit;\">Le piccole imprese e i liberi professionisti traggono enormi vantaggi dagli strumenti di programmazione come Visual Studio. \u00c8 possibile scaricare facilmente il software da lizengo. Approfitta di tutti i vantaggi che ti offre una licenza originale. Questi includono ampi servizi di supporto. Puoi contattare il team di Lizengo se hai domande prima dell&#x27;acquisto, ad esempio se non sei sicuro della scelta del software. Dopo aver scaricato il programma e inserito la chiave di licenza fornita con l&#x27;acquisto, lo staff esperto di Lizengo \u00e8 pronto ad aiutarti con il processo di installazione di Visual Studio 2019 Professional.<\/span><\/p>\n<p>\u00a0<\/p>\n","protected":false},"excerpt":{"rendered":"<p>VISUAL STUDIO 2019 PROFESSIONAL CHIAVE DI ATTIVAZIONE \u2013 (PC) &#8211; Licenza a vita \u00e8 uno strumento intelligente per lo sviluppo<\/p>\n","protected":false},"featured_media":16941,"comment_status":"open","ping_status":"open","template":"","meta":{"iawp_total_views":0},"pwb-brand":[100],"product_brand":[126],"product_cat":[99],"product_tag":[],"class_list":{"0":"post-16940","1":"product","2":"type-product","3":"status-publish","4":"has-post-thumbnail","6":"pwb-brand-microsoft","7":"product_brand-microsoft","8":"product_cat-microsoft-office","10":"first","11":"instock","12":"shipping-taxable","13":"purchasable","14":"product-type-simple"},"brands":[{"id":100,"name":"Microsoft","slug":"microsoft"}],"_links":{"self":[{"href":"https:\/\/keyease.net\/en_us\/wp-json\/wp\/v2\/product\/16940","targetHints":{"allow":["GET"]}}],"collection":[{"href":"https:\/\/keyease.net\/en_us\/wp-json\/wp\/v2\/product"}],"about":[{"href":"https:\/\/keyease.net\/en_us\/wp-json\/wp\/v2\/types\/product"}],"replies":[{"embeddable":true,"href":"https:\/\/keyease.net\/en_us\/wp-json\/wp\/v2\/comments?post=16940"}],"version-history":[{"count":2,"href":"https:\/\/keyease.net\/en_us\/wp-json\/wp\/v2\/product\/16940\/revisions"}],"predecessor-version":[{"id":17539,"href":"https:\/\/keyease.net\/en_us\/wp-json\/wp\/v2\/product\/16940\/revisions\/17539"}],"wp:featuredmedia":[{"embeddable":true,"href":"https:\/\/keyease.net\/en_us\/wp-json\/wp\/v2\/media\/16941"}],"wp:attachment":[{"href":"https:\/\/keyease.net\/en_us\/wp-json\/wp\/v2\/media?parent=16940"}],"wp:term":[{"taxonomy":"pwb-brand","embeddable":true,"href":"https:\/\/keyease.net\/en_us\/wp-json\/wp\/v2\/pwb-brand?post=16940"},{"taxonomy":"product_brand","embeddable":true,"href":"https:\/\/keyease.net\/en_us\/wp-json\/wp\/v2\/product_brand?post=16940"},{"taxonomy":"product_cat","embeddable":true,"href":"https:\/\/keyease.net\/en_us\/wp-json\/wp\/v2\/product_cat?post=16940"},{"taxonomy":"product_tag","embeddable":true,"href":"https:\/\/keyease.net\/en_us\/wp-json\/wp\/v2\/product_tag?post=16940"}],"curies":[{"name":"wp","href":"https:\/\/api.w.org\/{rel}","templated":true}]}}