{"id":16936,"date":"2023-11-30T00:00:00","date_gmt":"2023-11-30T00:00:00","guid":{"rendered":"https:\/\/keyease.net\/product\/visual-studio-2022-professional-activation-key-pc-licenza-a-vita-2\/"},"modified":"2026-04-17T09:17:23","modified_gmt":"2026-04-17T09:17:23","slug":"visual-studio-2022-professional-activation-key-pc-licenza-a-vita-2","status":"publish","type":"product","link":"https:\/\/keyease.net\/en_us\/product\/visual-studio-2022-professional-activation-key-pc-licenza-a-vita-2\/","title":{"rendered":"CODICE DI ATTIVAZIONE DI VISUAL STUDIO 2022 PROFESSIONAL \u2013 (PC) &#8211; Licenza a vita"},"content":{"rendered":"<h3><span style=\"vertical-align: inherit;\">Con Visual Studio 2022 Professional riceverai una licenza originale <\/span><a href=\"https:\/\/www.microsoft.com\/\" target=\"_blank\" rel=\"noopener\"><span style=\"vertical-align: inherit;\">Microsoft<\/span><\/a><span style=\"vertical-align: inherit;\"> attivabile direttamente sul sito ufficiale di Microsoft. I nostri metodi di pagamento sicuri ti offrono una garanzia totale e riceverai il software via e-mail pochi minuti dopo l&#x27;acquisto.<\/span><\/h3>\n<h2><strong><span data-preserver-spaces=\"true\"><span style=\"vertical-align: inherit;\">Visual Studio 2022 Pro\u00a0<\/span><\/span><\/strong><span data-preserver-spaces=\"true\"><span style=\"vertical-align: inherit;\"> \u00a0<\/span><\/span><\/h2>\n<p><span data-preserver-spaces=\"true\"><span style=\"vertical-align: inherit;\">viene utilizzato per creare app per computer e siti Web, programmi Web, servizi Web e programmi mobili. Visual Studio utilizza piattaforme di sviluppo software Microsoft come API di Windows, Windows Forms, Windows Presentation Foundation, Windows Store e Microsoft Silverlight. Di conseguenza, pu\u00f2 produrre sia codici nativi che codici di gestione.<\/span><\/span><\/p>\n<p><span style=\"vertical-align: inherit;\">Strumenti, servizi e vantaggi dell&#x27;abbonamento professionale per sviluppatori per piccoli team. Si adatta a qualsiasi progetto. Visual Studio 2022 <\/span><span class=\"name__value\"><span style=\"vertical-align: inherit;\">Pro<\/span><\/span><span style=\"vertical-align: inherit;\">\u00e8 il miglior Visual Studio di sempre. Il nostro primo IDE a 64 bit semplifica il lavoro con progetti ancora pi\u00f9 grandi e carichi di lavoro pi\u00f9 complessi. Le attivit\u00e0 quotidiane, come digitare il codice e cambiare ramo, risultano pi\u00f9 fluide e reattive. E gli errori di memoria insufficiente? Stanno per diventare un lontano ricordo.<\/span><\/p>\n<h3><span style=\"vertical-align: inherit;\">Caratteristiche:<\/span><\/h3>\n<ul>\n<li>\n<ul>\n<li><strong><span style=\"vertical-align: inherit;\">Produttivo<\/span><\/strong><span style=\"vertical-align: inherit;\">  : scalabile per lavorare su progetti di qualsiasi dimensione e complessit\u00e0 con un IDE a 64 bit. Scrivi codice con un nuovo editor Razor in grado di eseguire il refactoring tra file. Diagnostica i problemi con visualizzazioni per operazioni asincrone e analizzatori automatici.<\/span><\/li>\n<li><strong><span style=\"vertical-align: inherit;\">Moderno<\/span><\/strong><span style=\"vertical-align: inherit;\">  : sviluppa app mobili e desktop multipiattaforma con .NET MAUI. Crea interfacce utente Web reattive in C# con Blazor. Crea, esegui il debug e testa app .NET e C++ in ambienti Linux. Usa le funzionalit\u00e0 di ricaricamento a caldo nelle app .NET e C++. Modifica le pagine ASP.NET in esecuzione nella visualizzazione Web Designer.<\/span><\/li>\n<li><strong><span style=\"vertical-align: inherit;\">Innovativo<\/span><\/strong><span style=\"vertical-align: inherit;\">: completamenti del codice basati sull&#x27;intelligenza artificiale. Collabora in tempo reale con sessioni di codifica condivise. Clona repository, esplora elementi di lavoro e organizza singole righe per i commit. Configura automaticamente flussi di lavoro CI\/CD che possono essere distribuiti in Azure.<\/span><\/li>\n<\/ul>\n<\/li>\n<\/ul>\n<p>\u00a0<\/p>\n","protected":false},"excerpt":{"rendered":"<p>Con Visual Studio 2022 Professional riceverai una licenza originale Microsoft attivabile direttamente sul sito ufficiale di Microsoft. I nostri metodi<\/p>\n","protected":false},"featured_media":16937,"comment_status":"open","ping_status":"open","template":"","meta":{"iawp_total_views":1},"pwb-brand":[100],"product_brand":[126],"product_cat":[99],"product_tag":[],"class_list":{"0":"post-16936","1":"product","2":"type-product","3":"status-publish","4":"has-post-thumbnail","6":"pwb-brand-microsoft","7":"product_brand-microsoft","8":"product_cat-microsoft-office","10":"first","11":"instock","12":"shipping-taxable","13":"purchasable","14":"product-type-simple"},"brands":[{"id":100,"name":"Microsoft","slug":"microsoft"}],"_links":{"self":[{"href":"https:\/\/keyease.net\/en_us\/wp-json\/wp\/v2\/product\/16936","targetHints":{"allow":["GET"]}}],"collection":[{"href":"https:\/\/keyease.net\/en_us\/wp-json\/wp\/v2\/product"}],"about":[{"href":"https:\/\/keyease.net\/en_us\/wp-json\/wp\/v2\/types\/product"}],"replies":[{"embeddable":true,"href":"https:\/\/keyease.net\/en_us\/wp-json\/wp\/v2\/comments?post=16936"}],"version-history":[{"count":2,"href":"https:\/\/keyease.net\/en_us\/wp-json\/wp\/v2\/product\/16936\/revisions"}],"predecessor-version":[{"id":17543,"href":"https:\/\/keyease.net\/en_us\/wp-json\/wp\/v2\/product\/16936\/revisions\/17543"}],"wp:featuredmedia":[{"embeddable":true,"href":"https:\/\/keyease.net\/en_us\/wp-json\/wp\/v2\/media\/16937"}],"wp:attachment":[{"href":"https:\/\/keyease.net\/en_us\/wp-json\/wp\/v2\/media?parent=16936"}],"wp:term":[{"taxonomy":"pwb-brand","embeddable":true,"href":"https:\/\/keyease.net\/en_us\/wp-json\/wp\/v2\/pwb-brand?post=16936"},{"taxonomy":"product_brand","embeddable":true,"href":"https:\/\/keyease.net\/en_us\/wp-json\/wp\/v2\/product_brand?post=16936"},{"taxonomy":"product_cat","embeddable":true,"href":"https:\/\/keyease.net\/en_us\/wp-json\/wp\/v2\/product_cat?post=16936"},{"taxonomy":"product_tag","embeddable":true,"href":"https:\/\/keyease.net\/en_us\/wp-json\/wp\/v2\/product_tag?post=16936"}],"curies":[{"name":"wp","href":"https:\/\/api.w.org\/{rel}","templated":true}]}}