{"id":16930,"date":"2023-11-28T00:00:00","date_gmt":"2023-11-28T00:00:00","guid":{"rendered":"https:\/\/keyease.net\/product\/windows-10-professional-licenza-a-vita-2\/"},"modified":"2026-04-17T09:17:23","modified_gmt":"2026-04-17T09:17:23","slug":"windows-10-professional-licenza-a-vita-2","status":"publish","type":"product","link":"https:\/\/keyease.net\/en_us\/product\/windows-10-professional-licenza-a-vita-2\/","title":{"rendered":"Windows 10 Professional &#8211; Licenza a vita"},"content":{"rendered":"<h2><strong><span style=\"vertical-align: inherit;\">La chiave di Windows 10 Professional (32\/64 bit) funziona solo su <\/span><\/strong><strong><a href=\"https:\/\/www.microsoft.com\/en-us\/windows\/\"><span style=\"vertical-align: inherit;\">Windows,<\/span><\/a><\/strong><strong><span style=\"vertical-align: inherit;\"> non su Mac!<\/span><\/strong><\/h2>\n<p>\u00a0<\/p>\n<div><b><span style=\"vertical-align: inherit;\">Windows 10 Professional<\/span><\/b><span style=\"vertical-align: inherit;\"> \u00e8 disponibile sia nella versione a 32 bit che a 64 bit ed \u00e8 supportato da tutti i produttori di software. Oggi \u00e8 la versione di punta tra i sistemi operativi Microsoft e senza dubbio la pi\u00f9 avanzata fino ad oggi grazie a nuove funzionalit\u00e0 aggiuntive, come la modalit\u00e0 gioco o Cortana: i comandi vocali. Tutte le funzionalit\u00e0 di Windows 8 e Windows 8.1 sono state potenziate e integrate in Windows 10. Con DigitalMsDeals avrai il <\/span><a href=\"https:\/\/www.microsoft.com\/it-it\/software-download\/windows10\"><strong><span style=\"vertical-align: inherit;\">download immediato di Windows 10 Professional<\/span><\/strong><\/a><span style=\"vertical-align: inherit;\"> grazie al link che riceverai in pochi secondi via email subito dopo l&#x27;acquisto, insieme alla licenza di attivazione e a tutte le istruzioni per un&#x27;installazione semplice e veloce. Per qualsiasi esigenza, il nostro servizio clienti sar\u00e0 sempre a tua completa disposizione. Acquistando e installando Windows 10 Professional potrai associarlo all&#x27;ultima e aggiornata  <\/span><em><strong><span style=\"vertical-align: inherit;\">Suite Microsoft Office 2021<\/span><\/strong><\/em><span style=\"vertical-align: inherit;\"> .<\/span><\/div>\n<div><\/div>\n<div><\/div>\n<h3><strong><span style=\"vertical-align: inherit;\">Sistema operativo Windows 10 Professional per privati e aziende<\/span><\/strong><\/h3>\n<div><span style=\"vertical-align: inherit;\">Acquistare e scaricare il sistema operativo Windows 10 Professional \u00e8 senza dubbio la soluzione ideale sia per i privati \u200b\u200bche per le aziende. Infatti, il livello di sicurezza \u00e8 stato potenziato con funzionalit\u00e0 come la crittografia del disco rigido Bit-locker, la gestione professionale dei domini o la modalit\u00e0 Enterprise protetta di Internet Explorer. Pertanto, in termini di sicurezza e connessione in rete di pi\u00f9 dispositivi tramite un dominio, Windows 10 Professional rimane la soluzione perfetta. I vantaggi di Windows 10 Pro non finiscono qui: puoi anche utilizzare Microsoft Azure per collegare Windows 10 Pro a un account aziendale e accedere ai tuoi dati da qualsiasi computer con Windows 10 Pro. Una delle funzionalit\u00e0 pi\u00f9 innovative \u00e8 sicuramente l&#x27;introduzione di Cortana.<\/span><\/div>\n<div><\/div>\n<h3><strong><span style=\"vertical-align: inherit;\">Cortana per Windows 10 Professional<\/span><\/strong><\/h3>\n<div><strong><span style=\"vertical-align: inherit;\">Cortana<\/span><\/strong><span style=\"vertical-align: inherit;\"> \u00e8 un servizio innovativo e un software di riconoscimento vocale sviluppato da Microsoft. Trae ispirazione da servizi come Apple Siri, Google Voice o Alexa. Questo servizio \u00e8 disponibile su Windows Phone, Windows 10 Mobile, Windows 10, sistemi operativi Android (solo negli Stati Uniti) e sul sistema operativo della console Xbox One. Ci\u00f2 consente agli utenti di interagire e comunicare con i propri dispositivi attraverso le sue molteplici funzionalit\u00e0. Scaricando e installando Windows 10 Professional avrai a disposizione anche queste opzioni.<\/span><\/div>\n<div>\n<p>\u00a0<\/p>\n<h3><strong><span style=\"vertical-align: inherit;\">Windows 10 Professional \u00e8 compatibile con Office 2021<\/span><\/strong><\/h3>\n<p><strong><span style=\"vertical-align: inherit;\">Windows 10 Professional<\/span><\/strong><span style=\"vertical-align: inherit;\">supporta l&#x27;installazione e la compatibilit\u00e0 di Office 2021. Scopri di pi\u00f9 su <\/span><strong><span style=\"vertical-align: inherit;\">Office 2021<\/span><\/strong><a title=\"Acquista e installa Office 2021 originale\" href=\"https:\/\/mrkeyshop.com\/en\/30-microsoft-office-2021\"><em><span style=\"vertical-align: inherit;\">.<\/span><br \/>\n<\/em><\/a><span style=\"vertical-align: inherit;\">Compatibile con<\/span><strong><span style=\"vertical-align: inherit;\">: Office 2019 \u2013 Office 2016 \u2013 Office 2013 \u2013 Office 2010; <\/span><\/strong><span style=\"vertical-align: inherit;\">\u00e8 disponibile anche <\/span><strong><span style=\"vertical-align: inherit;\">Microsoft Office per MAC.<\/span><\/strong><br \/>\n<span style=\"vertical-align: inherit;\">Altri sistemi operativi disponibili: <\/span><strong><span style=\"vertical-align: inherit;\">Windows 11<\/span><\/strong><\/p>\n<p>\u00a0<\/p>\n<\/div>\n<h3><strong><span style=\"vertical-align: inherit;\">Cosa ricever\u00f2 se acquisto Windows 10 Professional 32\/64 bit?<\/span><\/strong><\/h3>\n<p><span style=\"vertical-align: inherit;\">Il prodotto viene consegnato in pochi secondi <\/span><strong> <\/strong><span style=\"vertical-align: inherit;\">direttamente via e-mail,  <\/span><strong><span style=\"vertical-align: inherit;\">evitando cos\u00ec l&#x27;impatto ambientale della spedizione di beni fisici<\/span><\/strong><span style=\"vertical-align: inherit;\"> .<\/span><\/p>\n<ul>\n<li><span style=\"vertical-align: inherit;\">\u00a0\u2013 1 codice di attivazione Microsoft originale per Windows 10 Professional valido per l&#x27;utilizzo su 1 PC (codice prodotto)<\/span><\/li>\n<li><span style=\"vertical-align: inherit;\">\u00a0\u2013 Link per il download di Windows 10 Professional 32\/64 bit (file ISO)<\/span><\/li>\n<li><span style=\"vertical-align: inherit;\">\u00a0\u2013 Guida all&#x27;installazione semplice e veloce<\/span><\/li>\n<li><span style=\"vertical-align: inherit;\">\u00a0\u2013 Assistenza tecnica gratuita<\/span><\/li>\n<\/ul>\n","protected":false},"excerpt":{"rendered":"<p>La chiave di Windows 10 Professional (32\/64 bit) funziona solo su Windows, non su Mac! \u00a0 Windows 10 Professional \u00e8<\/p>\n","protected":false},"featured_media":16931,"comment_status":"open","ping_status":"open","template":"","meta":{"iawp_total_views":1},"pwb-brand":[100],"product_brand":[126],"product_cat":[101],"product_tag":[],"class_list":{"0":"post-16930","1":"product","2":"type-product","3":"status-publish","4":"has-post-thumbnail","6":"pwb-brand-microsoft","7":"product_brand-microsoft","8":"product_cat-operating-system","10":"first","11":"instock","12":"featured","13":"shipping-taxable","14":"purchasable","15":"product-type-simple"},"brands":[{"id":100,"name":"Microsoft","slug":"microsoft"}],"_links":{"self":[{"href":"https:\/\/keyease.net\/en_us\/wp-json\/wp\/v2\/product\/16930","targetHints":{"allow":["GET"]}}],"collection":[{"href":"https:\/\/keyease.net\/en_us\/wp-json\/wp\/v2\/product"}],"about":[{"href":"https:\/\/keyease.net\/en_us\/wp-json\/wp\/v2\/types\/product"}],"replies":[{"embeddable":true,"href":"https:\/\/keyease.net\/en_us\/wp-json\/wp\/v2\/comments?post=16930"}],"version-history":[{"count":2,"href":"https:\/\/keyease.net\/en_us\/wp-json\/wp\/v2\/product\/16930\/revisions"}],"predecessor-version":[{"id":17579,"href":"https:\/\/keyease.net\/en_us\/wp-json\/wp\/v2\/product\/16930\/revisions\/17579"}],"wp:featuredmedia":[{"embeddable":true,"href":"https:\/\/keyease.net\/en_us\/wp-json\/wp\/v2\/media\/16931"}],"wp:attachment":[{"href":"https:\/\/keyease.net\/en_us\/wp-json\/wp\/v2\/media?parent=16930"}],"wp:term":[{"taxonomy":"pwb-brand","embeddable":true,"href":"https:\/\/keyease.net\/en_us\/wp-json\/wp\/v2\/pwb-brand?post=16930"},{"taxonomy":"product_brand","embeddable":true,"href":"https:\/\/keyease.net\/en_us\/wp-json\/wp\/v2\/product_brand?post=16930"},{"taxonomy":"product_cat","embeddable":true,"href":"https:\/\/keyease.net\/en_us\/wp-json\/wp\/v2\/product_cat?post=16930"},{"taxonomy":"product_tag","embeddable":true,"href":"https:\/\/keyease.net\/en_us\/wp-json\/wp\/v2\/product_tag?post=16930"}],"curies":[{"name":"wp","href":"https:\/\/api.w.org\/{rel}","templated":true}]}}