{"id":16928,"date":"2023-11-28T00:00:00","date_gmt":"2023-11-28T00:00:00","guid":{"rendered":"https:\/\/keyease.net\/product\/windows-10-home-licenza-a-vita-2\/"},"modified":"2026-04-17T09:17:23","modified_gmt":"2026-04-17T09:17:23","slug":"windows-10-home-licenza-a-vita-2","status":"publish","type":"product","link":"https:\/\/keyease.net\/en_us\/product\/windows-10-home-licenza-a-vita-2\/","title":{"rendered":"WINDOWS 10 HOME &#8211; Licenza a vita (OEM)"},"content":{"rendered":"<blockquote><p><span style=\"vertical-align: inherit;\"><strong>Attenzione<\/strong>! Questo prodotto non pu\u00f2 essere utilizzato per aggiornare il tuo sistema da un&#x27;altra versione! Se riscontri problemi durante l&#x27;attivazione, contattaci.<\/span><\/p><\/blockquote>\n<p>\u00a0<\/p>\n<h2><b><span style=\"vertical-align: inherit;\">Acquista e scarica Windows 10 Home &#8211; Licenza a vita<\/span><\/b><\/h2>\n<p><span style=\"vertical-align: inherit;\"><strong>Il sistema operativo Windows 10 <\/strong><\/span><span style=\"vertical-align: inherit;\">\u00e8 stato progettato sia per i privati che per gli utenti pi\u00f9 esperti. Molte funzionalit\u00e0 sono state aggiornate e l&#x27;interfaccia \u00e8 stata rinnovata con un design molto pi\u00f9 pulito e intuitivo. Sono stati implementati miglioramenti specifici incentrati sull&#x27;aumento della velocit\u00e0 e della sicurezza. Un&#x27;altra caratteristica importante da non trascurare \u00e8 la possibilit\u00e0 di condividere e modificare file sia da desktop che da tablet tramite la funzionalit\u00e0 di sincronizzazione cloud, garantendo che i contenuti vengano aggiornati in tempo reale. Il download sar\u00e0 semplicissimo e <\/span><strong><span style=\"vertical-align: inherit;\">riceverai<\/span><\/strong><span style=\"vertical-align: inherit;\"> via email tutto il necessario per l&#x27;installazione entro pochi secondi dall&#x27;acquisto. Con l&#x27;acquisto e l&#x27;installazione di Windows 10 Home, potrai installare la pi\u00f9 recente e aggiornata  <\/span><em><strong><span style=\"vertical-align: inherit;\">Suite Microsoft Office 2021 .<\/span><\/strong><\/em><\/p>\n<h3><strong><span style=\"vertical-align: inherit;\">Funzionalit\u00e0 di sicurezza del sistema operativo Windows 10 Home<\/span><\/strong><\/h3>\n<p><span style=\"vertical-align: inherit;\">Oggi pi\u00f9 che mai la sicurezza informatica gioca un ruolo fondamentale nell\u2019utilizzo dei software e di Internet. Per questo motivo il sistema operativo <\/span><strong><span style=\"vertical-align: inherit;\">Windows 10 Home<\/span><\/strong><span style=\"vertical-align: inherit;\">  \u00e8 stato potenziato e migliorato per fornire un&#x27;ampia protezione da possibili attacchi, virus o malware. <strong>\u00a0<\/strong>Certificato <strong>anche<\/strong> FIDO 2.0. La FIDO (<strong>Fast IDentity Online<\/strong>) <strong>Alliance<\/strong> \u00e8 un consorzio industriale nato con l&#x27;obiettivo di rendere l&#x27;autenticazione online pi\u00f9 sicura e allo stesso tempo pi\u00f9 semplice.<\/span><\/p>\n<h3><strong><span style=\"vertical-align: inherit;\">Miglioramento delle prestazioni di gioco<\/span><\/strong><\/h3>\n<p><strong><span style=\"vertical-align: inherit;\">Il sistema operativo Windows 10 Home<\/span><\/strong><span style=\"vertical-align: inherit;\"> \u00e8 stato migliorato per offrire le massime prestazioni con <\/span><strong><span style=\"vertical-align: inherit;\">il supporto della risoluzione 4K<\/span><\/strong><span style=\"vertical-align: inherit;\">; i giochi vengono ora visualizzati alla massima risoluzione. E con DirectX 12, la grafica \u00e8 stata notevolmente migliorata. Per questo motivo consigliamo di scaricarlo e installarlo anche ai videogiocatori che desiderano il massimo delle prestazioni dal proprio PC e dispositivo.<\/span><\/p>\n<h3><strong><span style=\"vertical-align: inherit;\">Compatibile con Office 2021<\/span><\/strong><\/h3>\n<p><strong><span style=\"vertical-align: inherit;\">Windows 10 Home <\/span><\/strong><span style=\"vertical-align: inherit;\"> supporta l&#x27;installazione e la compatibilit\u00e0 di Office 2021. Scopri di pi\u00f9 su  <\/span><strong><span style=\"vertical-align: inherit;\">Office 2021<\/span><\/strong><em><span style=\"vertical-align: inherit;\"> .<\/span><br \/>\n<\/em><span style=\"vertical-align: inherit;\">Compatibile con: <strong>Office 2019  \u2013  Office 2016  \u2013 Office 2013 \u2013 Office 2010<\/strong>   \u00c8 disponibile anche <strong>Microsoft Office per MAC .<\/strong><\/span><\/p>\n<p>\u00a0<\/p>\n<h3><strong><span style=\"vertical-align: inherit;\">Cosa ricever\u00f2 se acquisto Windows 10 Home 32\/64 bit?<\/span><\/strong><\/h3>\n<p><span style=\"vertical-align: inherit;\">Il prodotto viene consegnato in pochi secondi direttamente via e-mail,  <\/span><strong><span style=\"vertical-align: inherit;\">evitando cos\u00ec l&#x27;impatto ambientale della spedizione di beni fisici<\/span><\/strong><span style=\"vertical-align: inherit;\"> .<\/span><\/p>\n<ul>\n<li>\n<ul>\n<li><span class=\"items\"><span class=\"js-items\"><span class=\"item\"><span style=\"vertical-align: inherit;\">\u2013 1 Licenza digitale originale<\/span><\/span><\/span><\/span><span style=\"vertical-align: inherit;\">  per Windows 10 Home valida per l&#x27;utilizzo su 1 PC (Codice prodotto)<\/span><\/li>\n<li><span style=\"vertical-align: inherit;\">\u00a0\u2013 Link per il download per 32\/64 bit (file ISO)<\/span><\/li>\n<li><span style=\"vertical-align: inherit;\">\u00a0\u2013 Guida all&#x27;installazione semplice e veloce<\/span><\/li>\n<li><span style=\"vertical-align: inherit;\">\u00a0\u2013 Assistenza tecnica gratuita<\/span><\/li>\n<\/ul>\n<\/li>\n<\/ul>\n<h3><strong><span style=\"vertical-align: inherit;\">Nota bene:<\/span><\/strong><\/h3>\n<div>\n<p><strong><span style=\"vertical-align: inherit;\">Windows 7 Professional\/Ultimate e Windows 8.1 Professional (incluso WMC) NON POSSONO essere aggiornati direttamente a  Windows  10 Home modificando il codice Product Key sul sistema Windows. Se disponi di queste edizioni sul tuo computer, puoi: \u2013 Acquistare questa edizione di Windows 10 Home ed eseguire un&#x27;installazione pulita.<\/span><\/strong><\/p>\n<\/div>\n<div><strong><span style=\"vertical-align: inherit;\">Maggiori informazioni sull&#x27;installazione sono disponibili nell&#x27;e-mail di consegna.<\/span><\/strong><\/div>\n","protected":false},"excerpt":{"rendered":"<p>Attenzione! Questo prodotto non pu\u00f2 essere utilizzato per aggiornare il tuo sistema da un&#x27;altra versione! Se riscontri problemi durante l&#x27;attivazione,<\/p>\n","protected":false},"featured_media":16929,"comment_status":"open","ping_status":"open","template":"","meta":{"iawp_total_views":1},"pwb-brand":[100],"product_brand":[126],"product_cat":[101],"product_tag":[],"class_list":{"0":"post-16928","1":"product","2":"type-product","3":"status-publish","4":"has-post-thumbnail","6":"pwb-brand-microsoft","7":"product_brand-microsoft","8":"product_cat-operating-system","10":"first","11":"instock","12":"shipping-taxable","13":"purchasable","14":"product-type-simple"},"brands":[{"id":100,"name":"Microsoft","slug":"microsoft"}],"_links":{"self":[{"href":"https:\/\/keyease.net\/en_us\/wp-json\/wp\/v2\/product\/16928","targetHints":{"allow":["GET"]}}],"collection":[{"href":"https:\/\/keyease.net\/en_us\/wp-json\/wp\/v2\/product"}],"about":[{"href":"https:\/\/keyease.net\/en_us\/wp-json\/wp\/v2\/types\/product"}],"replies":[{"embeddable":true,"href":"https:\/\/keyease.net\/en_us\/wp-json\/wp\/v2\/comments?post=16928"}],"version-history":[{"count":2,"href":"https:\/\/keyease.net\/en_us\/wp-json\/wp\/v2\/product\/16928\/revisions"}],"predecessor-version":[{"id":17573,"href":"https:\/\/keyease.net\/en_us\/wp-json\/wp\/v2\/product\/16928\/revisions\/17573"}],"wp:featuredmedia":[{"embeddable":true,"href":"https:\/\/keyease.net\/en_us\/wp-json\/wp\/v2\/media\/16929"}],"wp:attachment":[{"href":"https:\/\/keyease.net\/en_us\/wp-json\/wp\/v2\/media?parent=16928"}],"wp:term":[{"taxonomy":"pwb-brand","embeddable":true,"href":"https:\/\/keyease.net\/en_us\/wp-json\/wp\/v2\/pwb-brand?post=16928"},{"taxonomy":"product_brand","embeddable":true,"href":"https:\/\/keyease.net\/en_us\/wp-json\/wp\/v2\/product_brand?post=16928"},{"taxonomy":"product_cat","embeddable":true,"href":"https:\/\/keyease.net\/en_us\/wp-json\/wp\/v2\/product_cat?post=16928"},{"taxonomy":"product_tag","embeddable":true,"href":"https:\/\/keyease.net\/en_us\/wp-json\/wp\/v2\/product_tag?post=16928"}],"curies":[{"name":"wp","href":"https:\/\/api.w.org\/{rel}","templated":true}]}}