{"id":16916,"date":"2023-11-27T00:00:00","date_gmt":"2023-11-27T00:00:00","guid":{"rendered":"https:\/\/keyease.net\/product\/windows-server-2019-datacenter-licenza-a-vita-2\/"},"modified":"2026-04-17T09:17:22","modified_gmt":"2026-04-17T09:17:22","slug":"windows-server-2019-datacenter-licenza-a-vita-2","status":"publish","type":"product","link":"https:\/\/keyease.net\/en_us\/product\/windows-server-2019-datacenter-licenza-a-vita-2\/","title":{"rendered":"WINDOWS SERVER 2019 DATACENTER &#8211; Licenza a vita"},"content":{"rendered":"<h2><strong><span style=\"vertical-align: inherit;\">Windows Server 2019 Datacenter funziona solo su Windows, non su Mac!<\/span><\/strong><\/h2>\n<p><strong><span style=\"vertical-align: inherit;\">La chiave verr\u00e0 inviata via e-mail. Controlla anche la cartella spam o posta indesiderata.<\/span><\/strong><\/p>\n<div>\n<h3><span style=\"vertical-align: inherit;\">Descrizione del prodotto:<\/span><\/h3>\n<p><span style=\"vertical-align: inherit;\">Windows Server 2019 Datacenter \u00e8 la versione pi\u00f9 recente del software altamente virtualizzato creato per ambienti cloud privati e ibridi. Questo software innovativo punta a fornire il massimo livello di flessibilit\u00e0 e controllo alle aziende che necessitano di una soluzione centralizzata per gestire con maggiore facilit\u00e0 i carichi di lavoro pronti per il cloud.<\/span><\/p>\n<h3><span style=\"vertical-align: inherit;\">Caratteristiche principali:<\/span><\/h3>\n<\/div>\n<p><span style=\"vertical-align: inherit;\">Tutto in uno Essendo la versione pi\u00f9 potente e completa della linea, Windows Server 2019 Datacenter offre naturalmente tutte le funzionalit\u00e0 preesistenti apprezzate dagli utenti Standard, insieme a molti altri tocchi finali. La differenza fondamentale risiede nel numero di container consentiti nel sistema. Mentre la versione Standard offre solo 2 container, non c&#x27;\u00e8 alcun limite per la versione Datacenter, quindi in teoria puoi utilizzare tutti i container che desideri, purch\u00e9 l&#x27;hardware sia in grado di supportarli. Maggiore sicurezza La sicurezza \u00e8 uno degli aspetti pi\u00f9 brillanti di Windows Server 2019, ma Datacenter fa un passo avanti con la funzionalit\u00e0 Macchine virtuali schermate. Questo protocollo di sicurezza protegger\u00e0 tutte le macchine virtuali Hyper-V da accessi non autorizzati o manomissioni da fonti esterne, aggiungendo un solido muro virtuale al tuo server. Nessun limite di archiviazione Se il limite delle funzionalit\u00e0 di archiviazione nella versione Standard ti d\u00e0 sui nervi, Datacenter dissiper\u00e0 sicuramente quel fastidio. Non esiste alcun limite di archiviazione per funzionalit\u00e0 come Storage Spaces Direct o Storage Replica, consentendoti di ottimizzare al massimo il sistema. Infine, Datacenter offre la possibilit\u00e0 di impilare le reti, una caratteristica che sicuramente gli conferisce un vantaggio rispetto alla versione Standard. Per riassumere, Datacenter \u00e8 un&#x27;ottima versione per una grande azienda focalizzata sui sistemi di archiviazione nativi del cloud. Le funzionalit\u00e0 fornite con il software renderanno utile il tuo investimento. Per ulteriori dettagli, consulta il  <\/span><a href=\"https:\/\/www.microsoft.com\/en-us\/evalcenter\/evaluate-windows-server-2019?filetype=ISO\"><span style=\"vertical-align: inherit;\">sito Web<\/span><\/a><span style=\"vertical-align: inherit;\"> di Windows Server .<\/span><\/p>\n<div>\n<blockquote>\n<h4><\/h4>\n<\/blockquote>\n<\/div>\n","protected":false},"excerpt":{"rendered":"<p>Windows Server 2019 Datacenter funziona solo su Windows, non su Mac! La chiave verr\u00e0 inviata via e-mail. Controlla anche la<\/p>\n","protected":false},"featured_media":16917,"comment_status":"open","ping_status":"open","template":"","meta":{"iawp_total_views":1},"pwb-brand":[100],"product_brand":[126],"product_cat":[102],"product_tag":[],"class_list":{"0":"post-16916","1":"product","2":"type-product","3":"status-publish","4":"has-post-thumbnail","6":"pwb-brand-microsoft","7":"product_brand-microsoft","8":"product_cat-windows-servers","10":"first","11":"instock","12":"shipping-taxable","13":"purchasable","14":"product-type-simple"},"brands":[{"id":100,"name":"Microsoft","slug":"microsoft"}],"_links":{"self":[{"href":"https:\/\/keyease.net\/en_us\/wp-json\/wp\/v2\/product\/16916","targetHints":{"allow":["GET"]}}],"collection":[{"href":"https:\/\/keyease.net\/en_us\/wp-json\/wp\/v2\/product"}],"about":[{"href":"https:\/\/keyease.net\/en_us\/wp-json\/wp\/v2\/types\/product"}],"replies":[{"embeddable":true,"href":"https:\/\/keyease.net\/en_us\/wp-json\/wp\/v2\/comments?post=16916"}],"version-history":[{"count":2,"href":"https:\/\/keyease.net\/en_us\/wp-json\/wp\/v2\/product\/16916\/revisions"}],"predecessor-version":[{"id":17593,"href":"https:\/\/keyease.net\/en_us\/wp-json\/wp\/v2\/product\/16916\/revisions\/17593"}],"wp:featuredmedia":[{"embeddable":true,"href":"https:\/\/keyease.net\/en_us\/wp-json\/wp\/v2\/media\/16917"}],"wp:attachment":[{"href":"https:\/\/keyease.net\/en_us\/wp-json\/wp\/v2\/media?parent=16916"}],"wp:term":[{"taxonomy":"pwb-brand","embeddable":true,"href":"https:\/\/keyease.net\/en_us\/wp-json\/wp\/v2\/pwb-brand?post=16916"},{"taxonomy":"product_brand","embeddable":true,"href":"https:\/\/keyease.net\/en_us\/wp-json\/wp\/v2\/product_brand?post=16916"},{"taxonomy":"product_cat","embeddable":true,"href":"https:\/\/keyease.net\/en_us\/wp-json\/wp\/v2\/product_cat?post=16916"},{"taxonomy":"product_tag","embeddable":true,"href":"https:\/\/keyease.net\/en_us\/wp-json\/wp\/v2\/product_tag?post=16916"}],"curies":[{"name":"wp","href":"https:\/\/api.w.org\/{rel}","templated":true}]}}