{"id":16914,"date":"2023-11-27T00:00:00","date_gmt":"2023-11-27T00:00:00","guid":{"rendered":"https:\/\/keyease.net\/product\/windows-8-1-professional-licenza-a-vita-2\/"},"modified":"2026-04-17T09:17:22","modified_gmt":"2026-04-17T09:17:22","slug":"windows-8-1-professional-licenza-a-vita-2","status":"publish","type":"product","link":"https:\/\/keyease.net\/en_us\/product\/windows-8-1-professional-licenza-a-vita-2\/","title":{"rendered":"WINDOWS 8.1 PROFESSIONAL &#8211; Licenza A Vita"},"content":{"rendered":"<blockquote><p><b><span style=\"vertical-align: inherit;\">Avvertimento!\u00a0<\/span><\/b><span style=\"vertical-align: inherit;\">Questo prodotto non pu\u00f2 essere utilizzato per aggiornare il tuo sistema da un&#8217;altra versione!<\/span><\/p>\n<p><span style=\"vertical-align: inherit;\">Se riscontri problemi durante l&#8217;attivazione, contattaci.<\/span><\/p><\/blockquote>\n<h5><strong><span style=\"vertical-align: inherit;\">*Ottieni la tua licenza originale al giusto prezzo<\/span><\/strong><\/h5>\n<h3><strong><span style=\"vertical-align: inherit;\">Windows 8.1 Professional per professionisti e aziende<\/span><\/strong><\/h3>\n<p><span style=\"vertical-align: inherit;\">Windows 8.1 Professional \u00e8 <\/span><strong><span style=\"vertical-align: inherit;\">\u00a0disponibile nelle versioni a 32 e 64 bit<\/span><\/strong><span style=\"vertical-align: inherit;\"> \u00a0e offre prestazioni elevate\u00a0 <\/span><strong><span style=\"vertical-align: inherit;\">sia per gli utenti aziendali che per quelli professionali<\/span><\/strong><span style=\"vertical-align: inherit;\"> . \u00c8 la versione aggiornata del sistema operativo Windows 8 ed \u00e8 stata migliorata sotto molti aspetti con nuove funzionalit\u00e0 implementate. Permette all&#8217;utente di lavorare comodamente con molte applicazioni aperte senza alcun calo di prestazioni. Anche l&#8217;interfaccia \u00e8 stata rielaborata e semplificata, ora \u00e8 facile da usare e progettata per l&#8217;utilizzo tramite touch screen. Anche la sicurezza e l&#8217;affidabilit\u00e0 sono state migliorate. Consigliamo sempre di proteggere i vostri dispositivi installando anche un valido ed efficace\u00a0 <\/span><strong><span style=\"vertical-align: inherit;\">Antivirus<\/span><\/strong><span style=\"vertical-align: inherit;\"> \u00a0contro gli attacchi informatici.<\/span><\/p>\n<h3><strong><span style=\"vertical-align: inherit;\">Quali nuove funzionalit\u00e0 sono state sviluppate in Windows 8.1 Professional?<\/span><\/strong><\/h3>\n<p><strong><span style=\"vertical-align: inherit;\">Windows 8.1 Professional \u00e8 stato migliorato e rinnovato<\/span><\/strong><span style=\"vertical-align: inherit;\"> \u00a0con programmi professionali che rendono molto pi\u00f9 semplice per i professionisti e le aziende svolgere il proprio lavoro. Rispetto alla versione precedente sono stati apportati miglioramenti che hanno portato ad un&#8217;interfaccia moderna adatta all&#8217;uso sia su dispositivi portatili che su computer.<\/span><\/p>\n<ul>\n<li><span style=\"vertical-align: inherit;\">\u2013 Miglioramenti progettuali, tecnici e di sistema.<\/span><\/li>\n<li><span style=\"vertical-align: inherit;\">\u2013 Interfaccia utente moderna: layout \u201cTile\u201d stile Metro per dispositivi touchscreen<\/span><\/li>\n<li><span style=\"vertical-align: inherit;\">\u2013 Miglioramenti progettuali, tecnici e di sistema.<\/span><\/li>\n<li><span style=\"vertical-align: inherit;\">\u2013 Interfaccia utente moderna: layout \u201cTile\u201d stile Metro per dispositivi touchscreen<\/span><\/li>\n<li><span style=\"vertical-align: inherit;\">\u2013 Internet Explorer 11: nuovo browser Web Windows<\/span><\/li>\n<li><span style=\"vertical-align: inherit;\">\u2013 Gestione ottimizzata del trasferimento dati: le attivit\u00e0 di copia possono essere messe in pausa e riprese<\/span><\/li>\n<li><span style=\"vertical-align: inherit;\">\u2013 Nuovo Task Manager: i processi sono gestiti per migliorare le prestazioni<\/span><\/li>\n<li><span style=\"vertical-align: inherit;\">\u2013 Windows Store: gli utenti possono ora acquistare applicazioni nuove ed esclusive<\/span><\/li>\n<li><span style=\"vertical-align: inherit;\">\u2013 Windows Defender: antispyware<\/span><\/li>\n<\/ul>\n<h3><strong><span style=\"vertical-align: inherit;\">Con quale Microsoft Office \u00e8 compatibile Windows 8.1?<\/span><\/strong><\/h3>\n<p><span style=\"vertical-align: inherit;\">Windows 8.1 Professional permette la compatibilit\u00e0 con molti software, infatti \u00e8 possibile installare Microsoft Office Suite spaziando dalle versioni precedenti come\u00a0 <\/span><strong><span style=\"vertical-align: inherit;\">Office 2010<\/span><\/strong><span style=\"vertical-align: inherit;\"> \u00a0o\u00a0 <\/span><strong><span style=\"vertical-align: inherit;\">Office 2013,<\/span><\/strong><span style=\"vertical-align: inherit;\"> \u00a0fino alla penultima di Microsoft come\u00a0 <\/span><strong><span style=\"vertical-align: inherit;\">Office 2016 <\/span><em><span style=\"vertical-align: inherit;\">,<\/span><\/em><\/strong><span style=\"vertical-align: inherit;\"> \u00a0\u00e8 disponibile anche\u00a0 <\/span><strong><span style=\"vertical-align: inherit;\">Microsoft Office per MAC<\/span><\/strong><span style=\"vertical-align: inherit;\"> . <\/span><br \/>\n<span style=\"vertical-align: inherit;\">*Importante, Windows 8 non \u00e8 compatibile con\u00a0 <\/span><strong><span style=\"vertical-align: inherit;\">Microsoft Office 2021 Suite<\/span><\/strong><span style=\"vertical-align: inherit;\"> \u00a0e\u00a0 <\/span><strong><span style=\"vertical-align: inherit;\">Microsoft Office 2019 Suite<\/span><\/strong><\/p>\n<h3><b><strong><span style=\"vertical-align: inherit;\">Cosa succede se formatti il \u200b\u200btuo PC o migri a uno nuovo? (licenza a vita)<\/span><\/strong><\/b><\/h3>\n<p><b><strong><span style=\"vertical-align: inherit;\">Questa licenza Microsoft \u00e8 una licenza a vita. <\/span><\/strong><\/b><span style=\"vertical-align: inherit;\">\u00a0Non \u00e8 un servizio in abbonamento e quindi non necessita di rinnovi periodici a pagamento. Acquistando Windows 8.1 Professional, sarai proprietario permanente del software senza alcuna spesa futura aggiuntiva e godrai di tutti i vantaggi di possedere una\u00a0<\/span><span style=\"vertical-align: inherit;\"> licenza Microsoft<\/span><span style=\"vertical-align: inherit;\"> originale \u00a0che puoi utilizzare sul tuo computer o dispositivo, anche se formatti il \u200b\u200btuo dispositivo attuale o cambi a uno nuovo. Puoi riutilizzarlo per sempre, tenendo presente che \u00e8 valido per un solo dispositivo e va quindi disattivato su eventuali dispositivi precedenti prima di riattivarsi su un nuovo dispositivo.<\/span><\/p>\n<h3><strong><span style=\"vertical-align: inherit;\">Cosa ricever\u00f2 se acquisto Windows 8.1 Professional?<\/span><\/strong><\/h3>\n<p><span style=\"vertical-align: inherit;\">Il prodotto viene consegnato in pochi secondi <\/span><span style=\"vertical-align: inherit;\">direttamente via email,\u00a0 <\/span><strong><span style=\"vertical-align: inherit;\">evitando cos\u00ec l&#8217;impatto ambientale della spedizione di beni fisici<\/span><\/strong><span style=\"vertical-align: inherit;\"> .<\/span><\/p>\n<ul>\n<li><span style=\"vertical-align: inherit;\">\u00a0\u2013 1 Codice di attivazione Microsoft originale per Windows 8.1 Professional valido per l&#8217;utilizzo in 1 PC (Codice prodotto)<\/span><\/li>\n<li><span style=\"vertical-align: inherit;\">\u00a0\u2013 Collegamento per il download per Windows 8.1 Professional 32\/64 bit<\/span><\/li>\n<li><span style=\"vertical-align: inherit;\">\u00a0\u2013 Guida all&#8217;installazione semplice e veloce<\/span><\/li>\n<li><span style=\"vertical-align: inherit;\">\u00a0\u2013 Supporto tecnico gratuito<\/span><\/li>\n<\/ul>\n","protected":false},"excerpt":{"rendered":"<p>Avvertimento!\u00a0Questo prodotto non pu\u00f2 essere utilizzato per aggiornare il tuo sistema da un&#8217;altra versione! Se riscontri problemi durante l&#8217;attivazione, contattaci.<\/p>\n","protected":false},"featured_media":16915,"comment_status":"open","ping_status":"open","template":"","meta":{"iawp_total_views":1},"pwb-brand":[100],"product_brand":[126],"product_cat":[101],"product_tag":[],"class_list":{"0":"post-16914","1":"product","2":"type-product","3":"status-publish","4":"has-post-thumbnail","6":"pwb-brand-microsoft","7":"product_brand-microsoft","8":"product_cat-operating-system","10":"first","11":"instock","12":"shipping-taxable","13":"purchasable","14":"product-type-simple"},"brands":[{"id":100,"name":"Microsoft","slug":"microsoft"}],"_links":{"self":[{"href":"https:\/\/keyease.net\/en_us\/wp-json\/wp\/v2\/product\/16914","targetHints":{"allow":["GET"]}}],"collection":[{"href":"https:\/\/keyease.net\/en_us\/wp-json\/wp\/v2\/product"}],"about":[{"href":"https:\/\/keyease.net\/en_us\/wp-json\/wp\/v2\/types\/product"}],"replies":[{"embeddable":true,"href":"https:\/\/keyease.net\/en_us\/wp-json\/wp\/v2\/comments?post=16914"}],"version-history":[{"count":0,"href":"https:\/\/keyease.net\/en_us\/wp-json\/wp\/v2\/product\/16914\/revisions"}],"wp:featuredmedia":[{"embeddable":true,"href":"https:\/\/keyease.net\/en_us\/wp-json\/wp\/v2\/media\/16915"}],"wp:attachment":[{"href":"https:\/\/keyease.net\/en_us\/wp-json\/wp\/v2\/media?parent=16914"}],"wp:term":[{"taxonomy":"pwb-brand","embeddable":true,"href":"https:\/\/keyease.net\/en_us\/wp-json\/wp\/v2\/pwb-brand?post=16914"},{"taxonomy":"product_brand","embeddable":true,"href":"https:\/\/keyease.net\/en_us\/wp-json\/wp\/v2\/product_brand?post=16914"},{"taxonomy":"product_cat","embeddable":true,"href":"https:\/\/keyease.net\/en_us\/wp-json\/wp\/v2\/product_cat?post=16914"},{"taxonomy":"product_tag","embeddable":true,"href":"https:\/\/keyease.net\/en_us\/wp-json\/wp\/v2\/product_tag?post=16914"}],"curies":[{"name":"wp","href":"https:\/\/api.w.org\/{rel}","templated":true}]}}