{"id":10688,"date":"2023-12-15T01:50:07","date_gmt":"2023-12-15T01:50:07","guid":{"rendered":"https:\/\/keyease.net\/?post_type=product&#038;p=10688"},"modified":"2026-04-17T09:17:21","modified_gmt":"2026-04-17T09:17:21","slug":"microsoft-office-2019-standard-windows-licenza-a-vita","status":"publish","type":"product","link":"https:\/\/keyease.net\/en_us\/product\/microsoft-office-2019-standard-windows-licenza-a-vita\/","title":{"rendered":"MICROSOFT OFFICE 2019 STANDARD (WINDOWS) &#8211; Licenza a vita"},"content":{"rendered":"<h2>OFFICE 2019 STANDARD: PER LAVORARE A CASA E NEI PICCOLI UFFICI IN TUTTA COMODIT\u00c0<\/h2>\n<h3>MICROSOFT OFFICE 2019 STANDARD (WINDOWS) &#8211; Licenza a vita<\/h3>\n<p>Con Office 2019 Standard, ottieni una soluzione per l&#x27;ufficio moderna da Microsoft. La versione classica delle migliori applicazioni per l&#x27;ufficio al mondo copre tutte le tue esigenze quotidiane. Le versioni Web di Word, OneNote, Excel e PowerPoint consentono un facile accesso da qualsiasi luogo.<\/p>\n<p><strong>Tutto ci\u00f2 di cui hai bisogno a colpo d\u2019occhio:<\/strong><\/p>\n<ul>\n<li><strong>Word 2019<\/strong>: Per creare e modificare i tuoi testi e documenti<\/li>\n<li><strong>Excel 2019<\/strong>: per modificare i dati in formato tabellare<\/li>\n<li><strong>PowerPoint 2019<\/strong>: per creare presentazioni accattivanti<\/li>\n<li><strong>Outlook 2019<\/strong>: per gestire e-mail, contatti, appuntamenti e attivit\u00e0<\/li>\n<li><strong>Publisher 2019<\/strong>: per creare facilmente pubblicazioni dall\u2019aspetto professionale<\/li>\n<\/ul>\n<p>OneNote non fa pi\u00f9 parte della suite Office, ma \u00e8 disponibile come app standard in Windows 10, che \u00e8 un prerequisito per l\u2019uso di Office 2019. <strong>Le versioni precedenti di Windows non sono supportate.<\/strong><\/p>\n<p><strong>Usa il tempo in modo pi\u00f9 efficace con un programma di posta elettronica intelligente<\/strong><\/p>\n<p>La posta in arrivo si riempie rapidamente di e-mail e spam non importanti. Ci\u00f2 significa che tu o i tuoi dipendenti non potete lavorare in modo efficiente e il tempo viene sprecato. Microsoft Outlook 2019 \u00e8 stato ulteriormente sviluppato ed \u00e8 stata aggiunta una funzionalit\u00e0 che consente al programma di riconoscere anche le e-mail irrilevanti e classificarle immediatamente. Ci\u00f2 significa che la tua casella di posta \u00e8 pi\u00f9 ordinata e puoi occuparti delle attivit\u00e0 davvero importanti.<\/p>\n<p><strong>Maggiore sicurezza per il tuo ufficio digitale<\/strong><\/p>\n<p>Un&#x27;altra innovazione \u00e8 la maggiore sicurezza garantita dalla &quot;Prevenzione della perdita di dati&quot;. Ora \u00e8 pi\u00f9 facile controllare all&#x27;interno dei programmi quali informazioni possono essere incorporate nei documenti e trasmesse. Gli amministratori hanno anche la possibilit\u00e0 di bloccare o limitare l\u2019accesso a determinati dati. Inoltre, gli utenti vengono informati del rischio di perdita di dati tramite notifiche di potenziali rischi. Grazie a servizi cloud come OneDrive, i tuoi dati non vanno persi anche se un server o un dispositivo si guasta. Puoi accedere e modificare facilmente i file da qualsiasi parte del mondo.<\/p>\n<p><strong>Requisiti di sistema:<\/strong><\/p>\n<ul>\n<li><strong>Sistema operativo:<\/strong><a href=\"https:\/\/digitalmsdeals.com\/product\/windows-10-professional-licenza-a-vita\/\"> Windows 10<\/a>, Windows 10S e <a href=\"https:\/\/digitalmsdeals.com\/product\/windows-11-professional-licenza-a-vita\/\">Windows 11<\/a><\/li>\n<li><strong>Memoria interna:<\/strong> almeno 2 GB di RAM<\/li>\n<li><strong>Disco rigido:<\/strong> almeno 3 GB di spazio disponibile<\/li>\n<li><strong>Schermo:<\/strong> risoluzione minima 1.024 x 768 pixel<\/li>\n<li><strong>Scheda grafica:<\/strong> supporto DirectX 10 necessario per l&#x27;interfaccia accelerata da GPU<\/li>\n<li><strong>Browser:<\/strong> versione attuale di Internet Explorer, Chrome, Firefox, Microsoft Edge o Safari<\/li>\n<li><strong>Versione .NET:<\/strong> almeno .NET versione 3.5<\/li>\n<\/ul>\n","protected":false},"excerpt":{"rendered":"<p>OFFICE 2019 STANDARD: PER LAVORARE A CASA E NEI PICCOLI UFFICI IN TUTTA COMODIT\u00c0 MICROSOFT OFFICE 2019 STANDARD (WINDOWS) &#8211;<\/p>\n","protected":false},"featured_media":16897,"comment_status":"closed","ping_status":"closed","template":"","meta":{"iawp_total_views":1},"pwb-brand":[100],"product_brand":[],"product_cat":[99],"product_tag":[],"class_list":{"0":"post-10688","1":"product","2":"type-product","3":"status-publish","4":"has-post-thumbnail","6":"pwb-brand-microsoft","7":"product_cat-microsoft-office","9":"first","10":"instock","11":"shipping-taxable","12":"purchasable","13":"product-type-simple"},"brands":[{"id":100,"name":"Microsoft","slug":"microsoft"}],"_links":{"self":[{"href":"https:\/\/keyease.net\/en_us\/wp-json\/wp\/v2\/product\/10688","targetHints":{"allow":["GET"]}}],"collection":[{"href":"https:\/\/keyease.net\/en_us\/wp-json\/wp\/v2\/product"}],"about":[{"href":"https:\/\/keyease.net\/en_us\/wp-json\/wp\/v2\/types\/product"}],"replies":[{"embeddable":true,"href":"https:\/\/keyease.net\/en_us\/wp-json\/wp\/v2\/comments?post=10688"}],"version-history":[{"count":6,"href":"https:\/\/keyease.net\/en_us\/wp-json\/wp\/v2\/product\/10688\/revisions"}],"predecessor-version":[{"id":17410,"href":"https:\/\/keyease.net\/en_us\/wp-json\/wp\/v2\/product\/10688\/revisions\/17410"}],"wp:featuredmedia":[{"embeddable":true,"href":"https:\/\/keyease.net\/en_us\/wp-json\/wp\/v2\/media\/16897"}],"wp:attachment":[{"href":"https:\/\/keyease.net\/en_us\/wp-json\/wp\/v2\/media?parent=10688"}],"wp:term":[{"taxonomy":"pwb-brand","embeddable":true,"href":"https:\/\/keyease.net\/en_us\/wp-json\/wp\/v2\/pwb-brand?post=10688"},{"taxonomy":"product_brand","embeddable":true,"href":"https:\/\/keyease.net\/en_us\/wp-json\/wp\/v2\/product_brand?post=10688"},{"taxonomy":"product_cat","embeddable":true,"href":"https:\/\/keyease.net\/en_us\/wp-json\/wp\/v2\/product_cat?post=10688"},{"taxonomy":"product_tag","embeddable":true,"href":"https:\/\/keyease.net\/en_us\/wp-json\/wp\/v2\/product_tag?post=10688"}],"curies":[{"name":"wp","href":"https:\/\/api.w.org\/{rel}","templated":true}]}}