{"id":10665,"date":"2023-12-15T00:08:57","date_gmt":"2023-12-15T00:08:57","guid":{"rendered":"https:\/\/keyease.net\/?post_type=product&#038;p=10665"},"modified":"2026-04-17T09:17:21","modified_gmt":"2026-04-17T09:17:21","slug":"microsoft-windows-7-professional-licenza-a-vita","status":"publish","type":"product","link":"https:\/\/keyease.net\/en_us\/product\/microsoft-windows-7-professional-licenza-a-vita\/","title":{"rendered":"MICROSOFT WINDOWS 7 PROFESSIONAL &#8211; Licenza a vita"},"content":{"rendered":"<h2>Informazioni sul prodotto &quot;Windows 7 Professional&quot;<\/h2>\n<p>Il successore di Windows Vista \u00e8 Windows 7 Professional. Win 7 Professional \u00e8, come sempre, in linea con tutte le edizioni Professional di Windows, pensate per gli utenti professionisti e per le imprese. I cambiamenti sono di natura estetica, come l\u2019ottimizzazione dell\u2019interfaccia utente, e legati alla sicurezza, come ad esempio la revisione di Windows Explorer e il nuovo Centro Sicurezza.<\/p>\n<p><strong>Migliori prestazioni e funzionamento intuitivo<\/strong><\/p>\n<p>Per Microsoft un funzionamento semplice e intuitivo \u00e8 una priorit\u00e0 importante e cos\u00ec Win 7 Professional ha migliorato l&#x27;interfaccia utente di alcune applicazioni e dello stesso sistema operativo. Molti programmi, come Paint e WordPad, dispongono, in Windows 7 Professional, di un&#x27;interfaccia con barra multifunzione, come \u00e8 consuetudine per Microsoft Office 2007. La nota Sidebar di Vista \u00e8 stata rimossa in Microsoft Windows 7 Professional. I widget possono ora essere posizionati direttamente sul desktop. Nel complesso, il sistema operativo Windows 7 Professional funziona pi\u00f9 velocemente rispetto alla versione precedente, ma richiede requisiti di sistema inferiori grazie alle numerose ottimizzazioni. Il sistema operativo Windows 7 Professional integra anche il nuovo DirectX 11, responsabile dell&#x27;aumento delle prestazioni in termini di &quot;grafica&quot;. Microsoft Windows 7 Professional supporta anche dispositivi alternativi come i tablet PC con diverse funzioni, tra cui il multi-touch.<\/p>\n<h3><strong>Innovazioni di sistema per Windows 7 Professional<\/strong><\/h3>\n<p>Migliori prestazioni e interfacce ottimizzate non sono gli unici punti di forza di Win 7 Professional. Nuovi programmi e funzioni ti aiuteranno ad accelerare il flusso di lavoro, rendendolo pi\u00f9 semplice e controllabile:<\/p>\n<p><strong>Archivi:<\/strong> Cartelle virtuali in Windows Explorer per la gestione rapida dei dati<\/p>\n<p><strong>Centro sicurezza:<\/strong> Nuovo Centro sicurezza (antivirus e monitoraggio firewall)<\/p>\n<p><strong>Assistente vocale:<\/strong> Supporto operativo per gli utenti diversamente abili<\/p>\n<p><strong>Dispositivi esterni:<\/strong> Visualizzazione delle azioni frequenti per i dispositivi esterni<\/p>\n<p><strong>Programma <\/strong>di <strong>registrazione degli errori:<\/strong> Report dettagliato dei problemi<\/p>\n<p>Impostazione automatica del Gruppo Home<\/p>\n<p>Accesso rapido a contenuti e programmi grazie a una ricerca migliorata in Windows<\/p>\n<p>Sicurezza nel sistema operativo Windows 7 Professional<\/p>\n<p>Il sistema operativo Windows 7 Professional non \u00e8 solo potente e facile da usare: Microsoft ha anche dedicato molta attenzione al tema della sicurezza, ad esempio, supporta anche l&#x27;autenticazione tramite impronte digitali biometriche standard. Rispetto a Windows Vista, in Microsoft Windows 7 Professional l&#x27;UAC \u00e8 ora regolabile in modo progressivo. Il sistema opera con una \u201cwhite list\u201d di programmi, ai quali sono concessi i diritti di amministratore. Per aumentare il livello di sicurezza per le applicazioni potenzialmente pericolose, \u00e8 stata creata una \u201cblack list\u201d che consente un\u2019esecuzione sicura e separata previa conferma tramite messaggio di sicurezza. Per garantire un sistema sempre sicuro, Microsoft fornisce periodicamente aggiornamenti sotto forma di driver certificati e correzioni.<\/p>\n<p>\u00a0<\/p>\n<p>Windows 7 Professional \u00e8 il sistema operativo ideale per il vostro lavoro o per utenti privati con elevate esigenze tecniche. Le caratteristiche avanzate vi aiuteranno a sfruttare al meglio il vostro computer.<\/p>\n<p>\u00a0<\/p>\n<h3><strong>WINDOWS 7 PROFESSIONAL &#8211; REQUISITI DI SISTEMA<\/strong><\/h3>\n<p><strong>Piattaforma<\/strong><\/p>\n<p>Windows<\/p>\n<p><strong>Sistemi operativi supportati<\/strong><\/p>\n<p>Windows 7, macOS Mojave, macOS High Sierra<\/p>\n<p><strong>Processore<\/strong><\/p>\n<p>Processore da almeno 1 GHz per 32 bit o 64 bit<\/p>\n<p><strong>RAM<\/strong><\/p>\n<p>1 GB per 32 bit oppure 2 GB per 64 bit<\/p>\n<p><strong>Disco rigido<\/strong><\/p>\n<p>16 GB per sistemi operativi a 32 bit o 20 GB per sistemi operativi a 64 bit<\/p>\n<p><strong>Scheda grafica<\/strong><\/p>\n<p>DirectX 9 o superiore con driver WDDM 1.0<\/p>\n<p><strong>Scheda audio<\/strong><\/p>\n","protected":false},"excerpt":{"rendered":"<p>Informazioni sul prodotto &quot;Windows 7 Professional&quot; Il successore di Windows Vista \u00e8 Windows 7 Professional. Win 7 Professional \u00e8, come<\/p>\n","protected":false},"featured_media":16883,"comment_status":"closed","ping_status":"closed","template":"","meta":{"iawp_total_views":10},"pwb-brand":[100],"product_brand":[],"product_cat":[101],"product_tag":[],"class_list":{"0":"post-10665","1":"product","2":"type-product","3":"status-publish","4":"has-post-thumbnail","6":"pwb-brand-microsoft","7":"product_cat-operating-system","9":"first","10":"instock","11":"shipping-taxable","12":"purchasable","13":"product-type-simple"},"brands":[{"id":100,"name":"Microsoft","slug":"microsoft"}],"_links":{"self":[{"href":"https:\/\/keyease.net\/en_us\/wp-json\/wp\/v2\/product\/10665","targetHints":{"allow":["GET"]}}],"collection":[{"href":"https:\/\/keyease.net\/en_us\/wp-json\/wp\/v2\/product"}],"about":[{"href":"https:\/\/keyease.net\/en_us\/wp-json\/wp\/v2\/types\/product"}],"replies":[{"embeddable":true,"href":"https:\/\/keyease.net\/en_us\/wp-json\/wp\/v2\/comments?post=10665"}],"version-history":[{"count":9,"href":"https:\/\/keyease.net\/en_us\/wp-json\/wp\/v2\/product\/10665\/revisions"}],"predecessor-version":[{"id":17426,"href":"https:\/\/keyease.net\/en_us\/wp-json\/wp\/v2\/product\/10665\/revisions\/17426"}],"wp:featuredmedia":[{"embeddable":true,"href":"https:\/\/keyease.net\/en_us\/wp-json\/wp\/v2\/media\/16883"}],"wp:attachment":[{"href":"https:\/\/keyease.net\/en_us\/wp-json\/wp\/v2\/media?parent=10665"}],"wp:term":[{"taxonomy":"pwb-brand","embeddable":true,"href":"https:\/\/keyease.net\/en_us\/wp-json\/wp\/v2\/pwb-brand?post=10665"},{"taxonomy":"product_brand","embeddable":true,"href":"https:\/\/keyease.net\/en_us\/wp-json\/wp\/v2\/product_brand?post=10665"},{"taxonomy":"product_cat","embeddable":true,"href":"https:\/\/keyease.net\/en_us\/wp-json\/wp\/v2\/product_cat?post=10665"},{"taxonomy":"product_tag","embeddable":true,"href":"https:\/\/keyease.net\/en_us\/wp-json\/wp\/v2\/product_tag?post=10665"}],"curies":[{"name":"wp","href":"https:\/\/api.w.org\/{rel}","templated":true}]}}