{"id":10627,"date":"2023-12-14T15:55:07","date_gmt":"2023-12-14T15:55:07","guid":{"rendered":"https:\/\/keyease.net\/?post_type=product&#038;p=10627"},"modified":"2026-04-17T09:17:20","modified_gmt":"2026-04-17T09:17:20","slug":"microsoft-windows-11-pro-n-licenza-a-vita","status":"publish","type":"product","link":"https:\/\/keyease.net\/en_us\/product\/microsoft-windows-11-pro-n-licenza-a-vita\/","title":{"rendered":"Microsoft Windows 11 Pro N &#8211; Licenza a vita"},"content":{"rendered":"<h2>Windows 11 Professional N<\/h2>\n<p>\u00e8 un sistema operativo sicuro, stabile e ad alte prestazioni. Contiene numerose nuove funzioni con cui organizzare il lavoro quotidiano in modo professionale. Gli utenti pi\u00f9 esigenti e le aziende, in particolare, possono trarre molti vantaggi dalle nuove funzionalit\u00e0 e dalle loro vaste possibilit\u00e0.<\/p>\n<p>\u00a0<\/p>\n<p>Inoltre, Windows 11 Pro N protegge il tuo sistema e i tuoi dati da accessi indesiderati garantendo un alto livello di sicurezza. Le varie minacce quotidiane come attacchi informatici, virus e worm non hanno alcuna possibilit\u00e0 di penetrare nel sistema operativo.<\/p>\n<p>Windows 11 Professional N \u00e8 il successore diretto di Windows 10 Pro N ed \u00e8 un prodotto della casa Microsoft. Se hai gi\u00e0 lavorato con il sistema operativo precedente, ne conosci gi\u00e0 la professionalit\u00e0. In questa versione sono state integrate numerose novit\u00e0 mirate all\u2019aumento della produttivit\u00e0, tra cui la possibilit\u00e0 di visualizzare e organizzare in modo ordinato i programmi e le cartelle aperti.<\/p>\n<p>Inoltre, in Windows 11 Professional N la comunicazione ha un ruolo fondamentale. Grazie a strumenti integrati come Microsoft Teams rimani costantemente in contatto con i tuoi colleghi e partner di lavoro per discutere e chiarire questioni importanti.<\/p>\n<p>Nota: Questo sistema operativo \u00e8 un\u2019edizione \u201eN\u201c, quindi contiene tutte le funzionalit\u00e0 comuni tranne il pacchetto multimediale. Ci\u00f2 significa che non \u00e8 possibile utilizzare programmi e tecnologie multimediali, come Windows Media Player o un Registratore vocale.<\/p>\n<p>\u00a0<\/p>\n<h3><strong>Funzionalit\u00e0 di Windows 11 Pro N<\/strong><\/h3>\n<p>\u00a0<\/p>\n<p>&#8211; Adatta i programmi e le funzionalit\u00e0 alle tue esigenze e al tuo flusso di lavoro in pochi clic.<\/p>\n<p>&#8211; Gli strumenti e le funzioni importanti sono stati ampliati e ottimizzati per una maggiore produttivit\u00e0 nei processi aziendali e lavorativi.<\/p>\n<p>\u00a0<\/p>\n<p>&#8211; Lavora con pi\u00f9 desktop per avere sempre una visione d\u2019insieme. Il passaggio da un desktop all\u2019altro avviene con pochi clic o tramite una combinazione di tasti.<\/p>\n<p>&#8211; Possibilit\u00e0 di inserire dati in Windows 11 Professional N anche tramite schermo touch, penna o comando vocale.<\/p>\n<p>\u00a0<\/p>\n<p>&#8211; Il design di Windows 11 Pro N \u00e8 stato migliorato e appare completamente nuovo e fresco. Nel tuo lavoro quotidiano hai la possibilit\u00e0 di lasciare aperti pi\u00f9 programmi, cartelle e cartelle di lavoro contemporaneamente e mantenere una visione d\u2019insieme della situazione.<\/p>\n<p>&#8211; A differenza di altri sistemi operativi come, ad esempio, la versione Home, Windows 11 Professional N supporta hardware con prestazioni di gran lunga superiori. \u00c8 possibile, infatti, farlo funzionare con una memoria RAM fino a un massimo di 2 TB.<\/p>\n<p>&#8211; Rendi la gestione e la distribuzione facile e veloce per il settore aziendale. Questo elimina la necessit\u00e0 di eseguire singole impostazioni e manutenzioni, facendoti risparmiare tempo e lavoro.<\/p>\n<p>\u00a0<\/p>\n<h3><strong>Requisiti minimi<\/strong><\/h3>\n<p>\u00a0<\/p>\n<p><strong>Processore<\/strong> Almeno 1 GHz o superiore \u2013 2 o pi\u00f9 core su processore a 64 bit o SoC (System on a Chip).<\/p>\n<p><strong>Memoria<\/strong> (RAM) 4 GB<\/p>\n<p>\u00a0<\/p>\n<p><strong>Spazio su disco rigido <\/strong>Almeno 64 GB o superiore \u2013 si consiglia una memoria maggiore per pi\u00f9 file system, aggiornamenti e altro.<\/p>\n<p><strong>Scheda grafica<\/strong> con DirectX 12 o successivo e driver WDDM 2.0<\/p>\n","protected":false},"excerpt":{"rendered":"<p>Windows 11 Professional N \u00e8 un sistema operativo sicuro, stabile e ad alte prestazioni. Contiene numerose nuove funzioni con cui<\/p>\n","protected":false},"featured_media":16865,"comment_status":"closed","ping_status":"closed","template":"","meta":{"iawp_total_views":6},"pwb-brand":[100],"product_brand":[],"product_cat":[101],"product_tag":[],"class_list":{"0":"post-10627","1":"product","2":"type-product","3":"status-publish","4":"has-post-thumbnail","6":"pwb-brand-microsoft","7":"product_cat-operating-system","9":"first","10":"instock","11":"shipping-taxable","12":"purchasable","13":"product-type-simple"},"brands":[{"id":100,"name":"Microsoft","slug":"microsoft"}],"_links":{"self":[{"href":"https:\/\/keyease.net\/en_us\/wp-json\/wp\/v2\/product\/10627","targetHints":{"allow":["GET"]}}],"collection":[{"href":"https:\/\/keyease.net\/en_us\/wp-json\/wp\/v2\/product"}],"about":[{"href":"https:\/\/keyease.net\/en_us\/wp-json\/wp\/v2\/types\/product"}],"replies":[{"embeddable":true,"href":"https:\/\/keyease.net\/en_us\/wp-json\/wp\/v2\/comments?post=10627"}],"version-history":[{"count":7,"href":"https:\/\/keyease.net\/en_us\/wp-json\/wp\/v2\/product\/10627\/revisions"}],"predecessor-version":[{"id":17462,"href":"https:\/\/keyease.net\/en_us\/wp-json\/wp\/v2\/product\/10627\/revisions\/17462"}],"wp:featuredmedia":[{"embeddable":true,"href":"https:\/\/keyease.net\/en_us\/wp-json\/wp\/v2\/media\/16865"}],"wp:attachment":[{"href":"https:\/\/keyease.net\/en_us\/wp-json\/wp\/v2\/media?parent=10627"}],"wp:term":[{"taxonomy":"pwb-brand","embeddable":true,"href":"https:\/\/keyease.net\/en_us\/wp-json\/wp\/v2\/pwb-brand?post=10627"},{"taxonomy":"product_brand","embeddable":true,"href":"https:\/\/keyease.net\/en_us\/wp-json\/wp\/v2\/product_brand?post=10627"},{"taxonomy":"product_cat","embeddable":true,"href":"https:\/\/keyease.net\/en_us\/wp-json\/wp\/v2\/product_cat?post=10627"},{"taxonomy":"product_tag","embeddable":true,"href":"https:\/\/keyease.net\/en_us\/wp-json\/wp\/v2\/product_tag?post=10627"}],"curies":[{"name":"wp","href":"https:\/\/api.w.org\/{rel}","templated":true}]}}