{"id":3,"date":"2024-02-21T19:13:20","date_gmt":"2024-02-21T19:13:20","guid":{"rendered":"https:\/\/keyease.net\/?page_id=3"},"modified":"2026-04-15T14:16:28","modified_gmt":"2026-04-15T14:16:28","slug":"privacy-policy","status":"publish","type":"page","link":"https:\/\/keyease.net\/en_us\/privacy-policy\/","title":{"rendered":"Informativa sulla privacy"},"content":{"rendered":"[2026-04-15 14:16:24]   \u26a0 Translation failed for snippet: \n<p>La presente Informativa sulla priva&#8230;\n\n<p>La presente Informativa sulla privacy descrive le nostre politiche e procedure sulla raccolta, l\u2019uso e la divulgazione delle tue informazioni quando utilizzi il Servizio e ti informa sui tuoi diritti alla privacy e su come la legge ti protegge.<\/p>\n\n\n\n<p>Utilizziamo i tuoi dati personali per fornire e migliorare il Servizio.&nbsp;Utilizzando il Servizio, accetti la raccolta e l\u2019utilizzo delle informazioni in conformit\u00e0 con la presente Informativa sulla privacy.&nbsp;La presente Informativa sulla privacy \u00e8 stata creata con l\u2019aiuto del Generatore di norme sulla privacy.<\/p>\n\n\n\n<p>Interpretazione e definizioni<br>Interpretazione<br>Le parole la cui lettera iniziale \u00e8 maiuscola hanno significati definiti alle seguenti condizioni.&nbsp;Le seguenti definizioni avranno lo stesso significato indipendentemente dal fatto che appaiano al singolare o al plurale.<\/p>\n\n\n\n<p>Definizioni<br>Ai fini della presente Informativa sulla privacy:<\/p>\n\n\n\n<p>Per Account si intende un account univoco creato per consentirti di accedere al nostro Servizio o a parti del nostro Servizio.<br>Societ\u00e0 (denominata \u201cla Societ\u00e0\u201d, \u201cNoi\u201d, \u201cNoi\u201d o \u201cNostro\u201d nel presente Contratto).<br>I cookie sono piccoli file che vengono inseriti sul tuo computer, dispositivo mobile o qualsiasi altro dispositivo da un sito web, contenenti i dettagli della tua cronologia di navigazione su quel sito web tra i suoi molteplici usi.<br>Per Paese si intende: New York, Stati Uniti<br>Per Dispositivo si intende qualsiasi dispositivo che pu\u00f2 accedere al Servizio, ad esempio un computer, un cellulare o un tablet digitale.<br>I dati personali sono qualsiasi informazione relativa a un individuo identificato o identificabile.<br>Il servizio si riferisce al sito web.<br>Fornitore di servizi indica qualsiasi persona fisica o giuridica che elabora i dati per conto della Societ\u00e0.&nbsp;Si riferisce a societ\u00e0 terze o individui impiegati dalla Societ\u00e0 per facilitare il Servizio, fornire il Servizio per conto della Societ\u00e0, eseguire servizi relativi al Servizio o assistere la Societ\u00e0 nell\u2019analisi di come viene utilizzato il Servizio.<br>Per Servizio di social media di terze parti si intende qualsiasi sito Web o sito Web di social network attraverso il quale un Utente pu\u00f2 accedere o creare un account per utilizzare il Servizio.<br>I dati di utilizzo si riferiscono ai dati raccolti automaticamente, generati dall\u2019utilizzo del Servizio o dall\u2019infrastruttura del Servizio stesso (ad esempio, la durata della visita di una pagina).<br><br>Per \u201cutente\u201d si intende l\u2019individuo che accede o utilizza il Servizio, oppure la societ\u00e0 o altra entit\u00e0 legale per conto della quale tale individuo accede o utilizza il Servizio, a seconda dei casi.<br>Raccolta e utilizzo dei tuoi dati personali<br>Tipi di dati raccolti<br>Dati personali<br>Durante l\u2019utilizzo del nostro servizio, potremmo chiederti di fornirci determinate informazioni di identificazione personale che possono essere utilizzate per contattarti o identificarti.&nbsp;Le informazioni di identificazione personale possono includere, ma non sono limitate a:<\/p>\n\n\n\n<p>Indirizzo e-mail<br>Nome e cognome<br>Dati di utilizzo<br>Dati<br>di utilizzo I Dati di utilizzo vengono raccolti automaticamente quando si utilizza il Servizio.<\/p>\n\n\n\n<p>I dati di utilizzo possono includere informazioni quali l\u2019indirizzo del protocollo Internet del tuo dispositivo (ad esempio l\u2019indirizzo IP), il tipo di browser, la versione del browser, le pagine del nostro servizio che visiti, l\u2019ora e la data della tua visita, il tempo trascorso su quelle pagine, dispositivo unico identificatori e altri dati diagnostici.<\/p>\n\n\n\n<p>Quando accedi al Servizio da o attraverso un dispositivo mobile, potremmo raccogliere automaticamente determinate informazioni, incluso, ma non limitato a, il tipo di dispositivo mobile che utilizzi, l\u2019ID univoco del tuo dispositivo mobile, l\u2019indirizzo IP del tuo dispositivo mobile, il tuo sistema operativo, tipo di browser Internet mobile utilizzato, identificatori univoci del dispositivo e altri dati diagnostici.<\/p>\n\n\n\n<p>Potremmo anche raccogliere informazioni che il tuo browser invia ogni volta che visiti il \u200b\u200bnostro Servizio o quando accedi al Servizio da o tramite un dispositivo mobile.<\/p>\n\n\n\n<p>Tecnologie e cookie di tracciamento<br>Utilizziamo cookie e tecnologie di tracciamento simili per tracciare l\u2019attivit\u00e0 sul nostro servizio e archiviare determinate informazioni.&nbsp;Le tecnologie di tracciamento utilizzate sono beacon, tag e script per raccogliere e tenere traccia delle informazioni e per migliorare e analizzare il nostro servizio.&nbsp;Le tecnologie che utilizziamo possono includere:<\/p>\n\n\n\n<p>Cookie o cookie del browser.&nbsp;Un cookie \u00e8 un piccolo file inserito sul tuo dispositivo.&nbsp;Puoi impostare il tuo browser in modo che rifiuti tutti i cookie o indichi quando viene inviato un cookie.&nbsp;Tuttavia, se non accetti i cookie, potresti non essere in grado di utilizzare alcune parti del nostro Servizio.&nbsp;A meno che tu non abbia modificato le impostazioni del tuo browser in modo tale da rifiutare i cookie, il nostro Servizio potrebbe utilizzare i cookie.<br>Cookie Flash.&nbsp;Alcune funzionalit\u00e0 del nostro Servizio possono utilizzare oggetti memorizzati localmente (o Flash Cookie) per raccogliere e archiviare informazioni sulle tue preferenze o sulla tua attivit\u00e0 sul nostro Servizio.&nbsp;I Flash Cookie non sono gestiti dalle stesse impostazioni del browser utilizzate per i Cookie del browser.&nbsp;Per ulteriori informazioni su come eliminare i cookie Flash, leggere \u201cDove posso modificare le impostazioni per disattivare o eliminare gli oggetti condivisi locali?\u201d&nbsp;disponibile su https:\/\/helpx.adobe.com\/flash-player\/kb\/disable-local-shared-objects-flash.html#main_Where_can_I_change_the_settings_for_disabling__or_deleting_local_shared_objects_<br>Web Beacon.&nbsp;Alcune sezioni del nostro Servizio e le nostre e-mail possono contenere piccoli file elettronici noti come web beacon (noti anche come clear gif, pixel tag e gif a pixel singolo) che consentono alla Societ\u00e0, ad esempio, di contare gli utenti che hanno visitato quelle pagine o aperto un\u2019e-mail e per altre statistiche relative al sito Web (ad esempio, registrazione della popolarit\u00e0 di una determinata sezione e verifica dell\u2019integrit\u00e0 del sistema e del server).<br>I cookie possono essere cookie \u201cpersistenti\u201d o \u201cdi sessione\u201d.&nbsp;I cookie persistenti rimangono sul tuo computer o dispositivo mobile quando sei offline, mentre i cookie di sessione vengono eliminati non appena chiudi il browser web.&nbsp;Ulteriori informazioni sui cookie: cosa sono i cookie?.<\/p>\n\n\n\n<p>Utilizziamo sia cookie di sessione che cookie persistenti per gli scopi indicati di seguito:<\/p>\n\n\n\n<p>Cookie necessari\/essenzialiTipo: Cookie di sessioneAmministrato da: NoiScopo: Questi cookie sono essenziali per fornirti i servizi disponibili attraverso il sito Web e per consentirti di utilizzare alcune delle sue funzionalit\u00e0.&nbsp;Aiutano ad autenticare gli utenti e a prevenire l\u2019uso fraudolento degli account utente.&nbsp;Senza questi cookie, i servizi che hai richiesto non possono essere forniti e utilizziamo questi cookie solo per fornirti tali servizi.<br>Politica sui cookie\/Informativa sui cookie di accettazioneTipo: Cookie persistentiAmministrato da: NoiScopo: Questi cookie identificano se gli utenti hanno accettato l\u2019uso dei cookie sul sito Web.<br>Cookie di funzionalit\u00e0Tipo: Cookie persistentiAmministrato da: NoiScopo: Questi cookie ci consentono di ricordare le scelte che fai quando utilizzi il sito Web, come ricordare i tuoi dettagli di accesso o la preferenza della lingua.&nbsp;Lo scopo di questi cookie \u00e8 fornirti un\u2019esperienza pi\u00f9 personale ed evitare che tu debba reinserire le tue preferenze ogni volta che utilizzi il sito web.<br>Per ulteriori informazioni sui cookie che utilizziamo e sulle tue scelte in merito ai cookie, visita la nostra Politica sui cookie o la sezione Cookie della nostra Informativa sulla privacy.<\/p>\n\n\n\n<p>Utilizzo dei tuoi dati personali<br>La Societ\u00e0 pu\u00f2 utilizzare i dati personali per i seguenti scopi:<\/p>\n\n\n\n<p>Per fornire e mantenere il nostro Servizio, incluso il monitoraggio dell\u2019utilizzo del nostro Servizio.<br>Per gestire il tuo Account: per gestire la tua registrazione come utente del Servizio.&nbsp;I dati personali forniti possono darti accesso a diverse funzionalit\u00e0 del Servizio a tua disposizione come utente registrato.<br>Per l\u2019esecuzione di un contratto: lo sviluppo, la conformit\u00e0 e l\u2019esecuzione del contratto di acquisto dei prodotti, articoli o servizi acquistati o di qualsiasi altro contratto con noi tramite il Servizio.<br>Per contattarti: contattarti tramite e-mail, telefonate, SMS o altre forme equivalenti di comunicazione elettronica, come notifiche push di un\u2019applicazione mobile riguardanti aggiornamenti o comunicazioni informative relative alle funzionalit\u00e0, ai prodotti o ai servizi contrattati, inclusi gli aggiornamenti di sicurezza, quando necessario o ragionevole per la loro attuazione.<br>Per fornirti notizie, offerte speciali e informazioni generali su altri beni, servizi ed eventi che offriamo simili a quelli che hai gi\u00e0 acquistato o su cui hai chiesto informazioni a meno che tu non abbia scelto di non ricevere tali informazioni.<br>Per gestire le tue richieste: per partecipare e gestire le tue richieste a noi.<br>Per trasferimenti aziendali: potremmo utilizzare le tue informazioni per valutare o condurre una fusione, cessione, ristrutturazione, riorganizzazione, scioglimento o altra vendita o trasferimento di alcuni o tutti i nostri beni, sia come azienda in attivit\u00e0 che come parte di fallimento, liquidazione, o procedimento simile, in cui i dati personali da noi detenuti sugli utenti del nostro Servizio rientrano tra le risorse trasferite.<br>Per altri scopi: potremmo utilizzare le tue informazioni per altri scopi, come l\u2019analisi dei dati, l\u2019identificazione delle tendenze di utilizzo, la determinazione dell\u2019efficacia delle nostre campagne promozionali e per valutare e migliorare il nostro Servizio, i prodotti, i servizi, il marketing e la tua esperienza.<br>Potremmo condividere le tue informazioni personali nelle seguenti situazioni:<\/p>\n\n\n\n<p>Con i fornitori di servizi: potremmo condividere le tue informazioni personali con i fornitori di servizi per monitorare e analizzare l\u2019utilizzo del nostro Servizio e per contattarti.<br>Per trasferimenti aziendali: potremmo condividere o trasferire le vostre informazioni personali in relazione a, o durante le negoziazioni di, qualsiasi fusione, vendita di beni aziendali, finanziamento o acquisizione di tutta o parte della nostra attivit\u00e0 a un\u2019altra societ\u00e0.<br>Con gli affiliati: potremmo condividere le tue informazioni con i nostri affiliati, nel qual caso richiederemo a tali affiliati di rispettare la presente Informativa sulla privacy.&nbsp;Gli affiliati includono la nostra societ\u00e0 madre e qualsiasi altra societ\u00e0 controllata, partner di joint venture o altre societ\u00e0 che controlliamo o che sono sotto controllo comune con noi.<br>Con partner commerciali: potremmo condividere le tue informazioni con i nostri partner commerciali per offrirti determinati prodotti, servizi o promozioni.<br>Con altri utenti: quando condividi informazioni personali o interagisci in altro modo nelle aree pubbliche con altri utenti, tali informazioni potrebbero essere visualizzate da tutti gli utenti e potrebbero essere distribuite pubblicamente all\u2019esterno.&nbsp;Se interagisci con altri utenti o ti registri tramite un servizio di social media di terze parti, i tuoi contatti sul servizio di social media di terze parti potrebbero vedere il tuo nome, profilo, immagini e descrizione della tua attivit\u00e0.&nbsp;Allo stesso modo, altri utenti potranno visualizzare le descrizioni della Tua attivit\u00e0, comunicare con Te e visualizzare il Tuo profilo.<br>Con il tuo consenso: potremmo divulgare le tue informazioni personali per qualsiasi altro scopo con il tuo consenso.<br>Conservazione dei tuoi dati personali<br>La Societ\u00e0 conserver\u00e0 i tuoi dati personali solo per il tempo necessario agli scopi indicati nella presente Informativa sulla privacy.&nbsp;Conserveremo e utilizzeremo i tuoi dati personali nella misura necessaria per rispettare i nostri obblighi legali (ad esempio, se ci viene richiesto di conservare i tuoi dati per rispettare le leggi applicabili), risolvere controversie e applicare i nostri accordi e politiche legali.<\/p>\n\n\n\n<p>La Societ\u00e0 conserver\u00e0 inoltre i Dati di utilizzo per scopi di analisi interna.&nbsp;I dati di utilizzo vengono generalmente conservati per un periodo di tempo pi\u00f9 breve, tranne quando questi dati vengono utilizzati per rafforzare la sicurezza o migliorare la funzionalit\u00e0 del nostro servizio, o siamo legalmente obbligati a conservare questi dati per periodi di tempo pi\u00f9 lunghi.<\/p>\n\n\n\n<p>Trasferimento dei tuoi dati personali<br>Le tue informazioni, compresi i dati personali, sono trattati presso le sedi operative della Societ\u00e0 ed in ogni altro luogo in cui le parti coinvolte nel trattamento siano localizzate.&nbsp;Ci\u00f2 significa che queste informazioni possono essere trasferite e mantenute su computer situati al di fuori del tuo stato, provincia, paese o altra giurisdizione governativa in cui le leggi sulla protezione dei dati potrebbero differire da quelle della tua giurisdizione.<\/p>\n\n\n\n<p>Il tuo consenso alla presente Informativa sulla privacy seguito dall\u2019invio di tali informazioni rappresenta il tuo consenso a tale trasferimento.<\/p>\n\n\n\n<p>La Societ\u00e0 adotter\u00e0 tutte le misure ragionevolmente necessarie per garantire che i tuoi dati siano trattati in modo sicuro e in conformit\u00e0 con la presente Informativa sulla privacy e nessun trasferimento dei tuoi dati personali avr\u00e0 luogo a un\u2019organizzazione o a un paese a meno che non siano in atto controlli adeguati, inclusa la sicurezza di I tuoi dati e altre informazioni personali.<\/p>\n\n\n\n<p>Divulgazione dei tuoi dati personali<br>Transazioni commerciali<br>Se la Societ\u00e0 \u00e8 coinvolta in una fusione, acquisizione o vendita di beni, i tuoi dati personali potrebbero essere trasferiti.&nbsp;Forniremo un avviso prima che i tuoi dati personali vengano trasferiti e diventino soggetti a una diversa Informativa sulla privacy.<\/p>\n\n\n\n<p>Forze dell\u2019ordine<br>In determinate circostanze, alla Societ\u00e0 potrebbe essere richiesto di divulgare i tuoi dati personali se richiesto dalla legge o in risposta a richieste valide da parte delle autorit\u00e0 pubbliche (ad esempio un tribunale o un\u2019agenzia governativa).<\/p>\n\n\n\n<p>Altri requisiti legali<br>La Societ\u00e0 pu\u00f2 divulgare i tuoi dati personali in buona fede, ritenendo che tale azione sia necessaria per:<\/p>\n\n\n\n<p>Rispettare un obbligo legale<br>Proteggere e difendere i diritti o la propriet\u00e0 della Societ\u00e0<br>Prevenire o indagare su possibili illeciti in relazione al Servizio<br>Proteggere la sicurezza personale degli Utenti del Servizio o del pubblico<br>Proteggere dalla responsabilit\u00e0 legale<br>Sicurezza dei tuoi dati personali<br>La sicurezza dei tuoi I dati personali sono importanti per noi, ma ricorda che nessun metodo di trasmissione su Internet o metodo di archiviazione elettronica \u00e8 sicuro al 100%.&nbsp;Sebbene ci sforziamo di utilizzare mezzi commercialmente accettabili per proteggere i tuoi dati personali, non possiamo garantirne l\u2019assoluta sicurezza.<\/p>\n\n\n\n<p>Privacy dei bambini<br>Il nostro Servizio non si rivolge a persone di et\u00e0 inferiore a 13 anni. Non raccogliamo consapevolmente informazioni di identificazione personale da persone di et\u00e0 inferiore a 13 anni. Se sei un genitore o tutore e sei consapevole che tuo figlio ci ha fornito dati personali , Ci contatti per favore.&nbsp;Se veniamo a conoscenza di aver raccolto dati personali da persone di et\u00e0 inferiore a 13 anni senza la verifica del consenso dei genitori, adottiamo misure per rimuovere tali informazioni dai nostri server.<\/p>\n\n\n\n<p>Se dobbiamo fare affidamento sul consenso come base legale per il trattamento delle tue informazioni e il tuo Paese richiede il consenso di un genitore, potremmo richiedere il consenso dei tuoi genitori prima di raccogliere e utilizzare tali informazioni.<\/p>\n\n\n\n<p>Collegamenti ad altri siti Web<br>Il nostro servizio pu\u00f2 contenere collegamenti ad altri siti Web che non sono gestiti da noi.&nbsp;Se fai clic su un collegamento di terze parti, verrai indirizzato al sito di quella terza parte.&nbsp;Ti consigliamo vivamente di rivedere l\u2019Informativa sulla privacy di ogni sito che visiti.<\/p>\n\n\n\n<p>Non abbiamo alcun controllo e non ci assumiamo alcuna responsabilit\u00e0 per il contenuto, le politiche sulla privacy o le pratiche di siti o servizi di terze parti.<\/p>\n\n\n\n<p>Modifiche alla presente Informativa sulla privacy<br>Potremmo aggiornare la nostra Informativa sulla privacy di tanto in tanto.&nbsp;Ti informeremo di eventuali modifiche pubblicando la nuova Informativa sulla privacy in questa pagina.<\/p>\n\n\n\n<p>Ti informeremo via e-mail e\/o con un avviso ben visibile sul Nostro Servizio, prima che la modifica diventi effettiva e aggiorneremo la data \u201cUltimo aggiornamento\u201d nella parte superiore della presente Informativa sulla privacy.<\/p>\n\n\n\n<p>Si consiglia di rivedere periodicamente la presente Informativa sulla privacy per eventuali modifiche.&nbsp;Le modifiche alla presente Informativa sulla privacy diventano effettive quando vengono pubblicate su questa pagina.<\/p>\n\n\n\n<p>Contattaci<br>Se hai domande sulla presente Informativa sulla privacy, puoi contattarci:<\/p>\n\n\n\n<p>Via email:\u00a0<a href=\"mailto:Info@keyauthentic.com\" target=\"_blank\" rel=\"noreferrer noopener\">Info@nextcloudteam.com<\/a><\/p>\n","protected":false},"excerpt":{"rendered":"<p>[2026-04-15 14:16:24] \u26a0 Translation failed for snippet: La presente Informativa sulla priva&#8230; La presente Informativa sulla privacy descrive le nostre<\/p>\n","protected":false},"author":1,"featured_media":0,"parent":0,"menu_order":0,"comment_status":"closed","ping_status":"open","template":"","meta":{"iawp_total_views":2,"footnotes":""},"class_list":["post-3","page","type-page","status-publish","hentry"],"_links":{"self":[{"href":"https:\/\/keyease.net\/en_us\/wp-json\/wp\/v2\/pages\/3","targetHints":{"allow":["GET"]}}],"collection":[{"href":"https:\/\/keyease.net\/en_us\/wp-json\/wp\/v2\/pages"}],"about":[{"href":"https:\/\/keyease.net\/en_us\/wp-json\/wp\/v2\/types\/page"}],"author":[{"embeddable":true,"href":"https:\/\/keyease.net\/en_us\/wp-json\/wp\/v2\/users\/1"}],"replies":[{"embeddable":true,"href":"https:\/\/keyease.net\/en_us\/wp-json\/wp\/v2\/comments?post=3"}],"version-history":[{"count":4,"href":"https:\/\/keyease.net\/en_us\/wp-json\/wp\/v2\/pages\/3\/revisions"}],"predecessor-version":[{"id":17245,"href":"https:\/\/keyease.net\/en_us\/wp-json\/wp\/v2\/pages\/3\/revisions\/17245"}],"wp:attachment":[{"href":"https:\/\/keyease.net\/en_us\/wp-json\/wp\/v2\/media?parent=3"}],"curies":[{"name":"wp","href":"https:\/\/api.w.org\/{rel}","templated":true}]}}