{"id":17159,"date":"2024-12-01T00:00:00","date_gmt":"2024-12-01T00:00:00","guid":{"rendered":"https:\/\/keyease.net\/product\/microsoft-office-2024-professional-plus-ltsc-microsoft-windows-11-professional-licenze-a-vita\/"},"modified":"2026-04-17T09:17:28","modified_gmt":"2026-04-17T09:17:28","slug":"microsoft-office-2024-professional-plus-ltsc-microsoft-windows-11-professional-lebenslange-lizenzen","status":"publish","type":"product","link":"https:\/\/keyease.net\/de\/product\/microsoft-office-2024-professional-plus-ltsc-microsoft-windows-11-professional-licenze-a-vita\/","title":{"rendered":"Microsoft Office 2024 Professional Plus LTSC + Microsoft Windows 11 Professional | Lizenzen auf Lebenszeit"},"content":{"rendered":"<h2><span style=\"color: #ff9900;\">Exklusivpaket: Office 2024 Professional Plus + Windows 11 Pro<\/span><\/h2>\n<p><span style=\"color: #ff9900;\"><strong>  Microsoft Office 2024 Professional Plus:<\/strong><\/span><br \/>\nBringen Sie Ihre Produktivit\u00e4t auf ein neues Niveau mit dem kompletten Paket an wichtigen Tools!<br \/>\nDieses Paket enth\u00e4lt:<\/p>\n<ul>\n<li><span style=\"color: #ff6600;\">Word, Excel, PowerPoint, Outlook<\/span><\/li>\n<li><span style=\"color: #ff6600;\">Publisher und Access f\u00fcr den professionellen Bedarf<\/span><\/li>\n<li><span style=\"color: #ff6600;\">Teams f\u00fcr unbegrenzte Zusammenarbeit<\/span><\/li>\n<\/ul>\n<p>Office 2024 eignet sich perfekt f\u00fcr das B\u00fcro, das Arbeitszimmer oder die Fernarbeit und bietet Ihnen alles, was Sie f\u00fcr hervorragende Ergebnisse ben\u00f6tigen.<\/p>\n<hr \/>\n<p><span style=\"color: #3366ff;\"><strong>  Windows 11 Pro:<\/strong><\/span><\/p>\n<p>Entdecken Sie das fortschrittlichste Betriebssystem von Microsoft. Entwickelt f\u00fcr reibungslose Leistung und Sicherheit auf h\u00f6chstem Niveau,<br \/>\nWindows 11 Pro ist die ideale Wahl f\u00fcr professionelle und kreative Anwender.<\/p>\n<ul>\n<li><span style=\"color: #3366ff;\">Modernes und elegantes Design<\/span><\/li>\n<li><span style=\"color: #3366ff;\">Optimierte Leistung f\u00fcr Geschwindigkeit und Produktivit\u00e4t<\/span><\/li>\n<li><span style=\"color: #3366ff;\">Erweiterte Sicherheitsfunktionen<\/span><\/li>\n<\/ul>\n<p>Ein perfektes Betriebssystem, das die Anforderungen Ihrer Arbeit unterst\u00fctzt und Ihnen ein erstklassiges Benutzererlebnis bietet.<\/p>\n<hr \/>\n<h3 style=\"text-align: center;\"><span style=\"color: #3366ff;\">  Profitieren Sie von diesem Paket zu einem unglaublichen Preis!  <\/span><\/h3>\n<p style=\"text-align: center;\">Mit <span style=\"color: #3366ff;\"><strong>B\u00fcro 2024 Professional Plus<\/strong><\/span> e<br \/>\n<span style=\"color: #3366ff;\"><strong>Windows 11 Pro<\/strong><\/span>, haben Sie alles, was Sie f\u00fcr Ihren Erfolg brauchen.<br \/>\nKaufen Sie jetzt bei Digital Ms Deals und sparen Sie!<\/p>","protected":false},"excerpt":{"rendered":"<p>Pacchetto esclusivo: Office 2024 Professional Plus + Windows 11 Pro Microsoft Office 2024 Professional Plus: porta la tua produttivit\u00e0 a<\/p>","protected":false},"featured_media":17160,"comment_status":"open","ping_status":"open","template":"","meta":{"iawp_total_views":9},"pwb-brand":[],"product_brand":[],"product_cat":[121],"product_tag":[125],"class_list":{"0":"post-17159","1":"product","2":"type-product","3":"status-publish","4":"has-post-thumbnail","6":"product_cat-uncategorized","7":"product_tag-nuovo","9":"first","10":"instock","11":"shipping-taxable","12":"purchasable","13":"product-type-simple"},"brands":[],"_links":{"self":[{"href":"https:\/\/keyease.net\/de\/wp-json\/wp\/v2\/product\/17159","targetHints":{"allow":["GET"]}}],"collection":[{"href":"https:\/\/keyease.net\/de\/wp-json\/wp\/v2\/product"}],"about":[{"href":"https:\/\/keyease.net\/de\/wp-json\/wp\/v2\/types\/product"}],"replies":[{"embeddable":true,"href":"https:\/\/keyease.net\/de\/wp-json\/wp\/v2\/comments?post=17159"}],"version-history":[{"count":0,"href":"https:\/\/keyease.net\/de\/wp-json\/wp\/v2\/product\/17159\/revisions"}],"wp:featuredmedia":[{"embeddable":true,"href":"https:\/\/keyease.net\/de\/wp-json\/wp\/v2\/media\/17160"}],"wp:attachment":[{"href":"https:\/\/keyease.net\/de\/wp-json\/wp\/v2\/media?parent=17159"}],"wp:term":[{"taxonomy":"pwb-brand","embeddable":true,"href":"https:\/\/keyease.net\/de\/wp-json\/wp\/v2\/pwb-brand?post=17159"},{"taxonomy":"product_brand","embeddable":true,"href":"https:\/\/keyease.net\/de\/wp-json\/wp\/v2\/product_brand?post=17159"},{"taxonomy":"product_cat","embeddable":true,"href":"https:\/\/keyease.net\/de\/wp-json\/wp\/v2\/product_cat?post=17159"},{"taxonomy":"product_tag","embeddable":true,"href":"https:\/\/keyease.net\/de\/wp-json\/wp\/v2\/product_tag?post=17159"}],"curies":[{"name":"wp","href":"https:\/\/api.w.org\/{rel}","templated":true}]}}